{"id":6682,"date":"2025-11-25T13:08:44","date_gmt":"2025-11-25T13:08:44","guid":{"rendered":"https:\/\/tiesupplier.com\/product\/corbata-navidena-de-poliester-con-estampado-personalizado-para-hombre\/"},"modified":"2025-11-25T13:08:44","modified_gmt":"2025-11-25T13:08:44","slug":"corbata-navidena-de-poliester-con-estampado-personalizado-para-hombre","status":"publish","type":"product","link":"https:\/\/tiesupplier.com\/es\/product\/corbata-navidena-de-poliester-con-estampado-personalizado-para-hombre\/","title":{"rendered":"Corbata navide\u00f1a de poli\u00e9ster con estampado personalizado para hombre"},"content":{"rendered":"<p><span style=\"font-size: 16.8px; color: var(--go--color--text); font-family: var(--go--font-family); font-weight: var(--go--font-weight,400); letter-spacing: var(--go--letter-spacing,normal);\">Tama\u00f1o: 145*8CM<\/span><\/p>\n<p>Color: A<span style=\"font-size: var(--go--font-size); color: var(--go--color--text); font-family: var(--go--font-family); font-weight: var(--go--font-weight,400); letter-spacing: var(--go--letter-spacing,normal);\">la imagen muestra<\/span><\/p>\n<p>Material: poli\u00e9ster<\/p>\n<p>Paquete: 1 PC\/bolsa opp<\/p>\n<p>Consejo amable:<br \/>\n1. Conversi\u00f3n: 1 pulgada = 2,54 cm<br \/>\nTama\u00f1o aproximado: estos tama\u00f1os son aproximadamente del tama\u00f1o asi\u00e1tico, por lo general, obtenga un tama\u00f1o m\u00e1s peque\u00f1o que el tama\u00f1o de EE. UU.\/UE, consulte la tabla de tallas en la imagen. Art\u00edculo medido a mano, podr\u00eda haber una diferencia de 1 a 3 cm. Espero que puedas comprenderlo, te lo agradecer\u00e9 sinceramente.<\/p>\n<p>2. Recuerde que debido a los efectos de iluminaci\u00f3n, la configuraci\u00f3n de brillo\/contraste del monitor, etc., podr\u00eda haber algunas ligeras diferencias en el tono de color de la foto del sitio web y el art\u00edculo real.<\/p>\n","protected":false},"excerpt":{"rendered":"<p style=\"text-align: left;\">Somos fabricantes en China. Si desea adquirir corbatas en stock al precio m\u00e1s reciente, cons\u00faltenos a continuaci\u00f3n. <\/p>\n<p style=\"text-align: left;\">Si necesita una corbata personalizada o realizar un pedido OEM\/ODM, env\u00ede su dise\u00f1o por CORREO ELECTR\u00d3NICO.<\/p>\n<p style=\"text-align: left;\">Correo electr\u00f3nico:suministro@tiesupplier.com<\/p>\n","protected":false},"featured_media":6694,"comment_status":"open","ping_status":"closed","template":"","meta":[],"product_cat":[273],"product_tag":[303],"class_list":["post-6682","product","type-product","status-publish","has-post-thumbnail","hentry","product_cat-atar","product_tag-corbata-navidena","pa_material-polyester"],"aioseo_notices":[],"_links":{"self":[{"href":"https:\/\/tiesupplier.com\/es\/wp-json\/wp\/v2\/product\/6682","targetHints":{"allow":["GET"]}}],"collection":[{"href":"https:\/\/tiesupplier.com\/es\/wp-json\/wp\/v2\/product"}],"about":[{"href":"https:\/\/tiesupplier.com\/es\/wp-json\/wp\/v2\/types\/product"}],"replies":[{"embeddable":true,"href":"https:\/\/tiesupplier.com\/es\/wp-json\/wp\/v2\/comments?post=6682"}],"version-history":[{"count":0,"href":"https:\/\/tiesupplier.com\/es\/wp-json\/wp\/v2\/product\/6682\/revisions"}],"wp:featuredmedia":[{"embeddable":true,"href":"https:\/\/tiesupplier.com\/es\/wp-json\/wp\/v2\/media\/6694"}],"wp:attachment":[{"href":"https:\/\/tiesupplier.com\/es\/wp-json\/wp\/v2\/media?parent=6682"}],"wp:term":[{"taxonomy":"product_cat","embeddable":true,"href":"https:\/\/tiesupplier.com\/es\/wp-json\/wp\/v2\/product_cat?post=6682"},{"taxonomy":"product_tag","embeddable":true,"href":"https:\/\/tiesupplier.com\/es\/wp-json\/wp\/v2\/product_tag?post=6682"}],"curies":[{"name":"wp","href":"https:\/\/api.w.org\/{rel}","templated":true}]}}