{"id":6698,"date":"2025-11-25T13:07:45","date_gmt":"2025-11-25T13:07:45","guid":{"rendered":"https:\/\/tiesupplier.com\/product\/conjunto-de-corbata-china-con-bolsillo-y-estampado-de-flores\/"},"modified":"2025-11-25T13:07:45","modified_gmt":"2025-11-25T13:07:45","slug":"conjunto-de-corbata-china-con-bolsillo-y-estampado-de-flores","status":"publish","type":"product","link":"https:\/\/tiesupplier.com\/es\/product\/conjunto-de-corbata-china-con-bolsillo-y-estampado-de-flores\/","title":{"rendered":"Conjunto de corbata china con bolsillo y estampado de flores"},"content":{"rendered":"<div readability=\"39\">\n<ins class=\"adsbygoogle\" data-ad-client=\"ca-pub-2713617115809499\" data-ad-slot=\"6100242752\" data-ad-format=\"auto\" data-full-width-responsive=\"true\"><\/ins><\/p>\n<p>Material: poli\u00e9ster, tama\u00f1o: 146 x 8 x 3,5 cm\/25 x 25 cm, peso: 15 g, embalaje: bolsa OPP, env\u00edo: normalmente se utiliza DHL.<\/p>\n<p>Tenemos muchos tipos, si est\u00e1s interesado puedes contactarme para obtener muchas fotos para obtener informaci\u00f3n.<br \/>Embalaje:<br \/>Generalmente con embalaje OPP, corbatas y cuadrados para ponerlos en dos bolsas diferentes.<br \/>Si necesita una caja de regalo, deber\u00e1 comprarla individualmente.<\/p>\n<p>   <ins class=\"adsbygoogle\" data-ad-layout=\"in-article\" data-ad-format=\"fluid\" data-ad-client=\"ca-pub-2713617115809499\" data-ad-slot=\"5641077753\"><\/ins>\n                            <\/div>\n","protected":false},"excerpt":{"rendered":"<p>Material: poli\u00e9ster, tama\u00f1o: 146 x 8 x 3,5 cm\/25 x 25 cm, peso: 15 g, embalaje: bolsa OPP, env\u00edo: normalmente se utiliza DHL. Tenemos muchos tipos, si est\u00e1s interesado puedes contactarme para obtener muchas fotos para obtener informaci\u00f3n.Embalaje:Generalmente con embalaje OPP, corbatas y cuadrados para ponerlos en dos bolsas diferentes.Si necesita una caja de regalo, [&hellip;]<\/p>\n","protected":false},"featured_media":6699,"comment_status":"open","ping_status":"closed","template":"","meta":[],"product_cat":[273],"product_tag":[],"class_list":["post-6698","product","type-product","status-publish","has-post-thumbnail","hentry","product_cat-atar"],"aioseo_notices":[],"_links":{"self":[{"href":"https:\/\/tiesupplier.com\/es\/wp-json\/wp\/v2\/product\/6698","targetHints":{"allow":["GET"]}}],"collection":[{"href":"https:\/\/tiesupplier.com\/es\/wp-json\/wp\/v2\/product"}],"about":[{"href":"https:\/\/tiesupplier.com\/es\/wp-json\/wp\/v2\/types\/product"}],"replies":[{"embeddable":true,"href":"https:\/\/tiesupplier.com\/es\/wp-json\/wp\/v2\/comments?post=6698"}],"version-history":[{"count":0,"href":"https:\/\/tiesupplier.com\/es\/wp-json\/wp\/v2\/product\/6698\/revisions"}],"wp:featuredmedia":[{"embeddable":true,"href":"https:\/\/tiesupplier.com\/es\/wp-json\/wp\/v2\/media\/6699"}],"wp:attachment":[{"href":"https:\/\/tiesupplier.com\/es\/wp-json\/wp\/v2\/media?parent=6698"}],"wp:term":[{"taxonomy":"product_cat","embeddable":true,"href":"https:\/\/tiesupplier.com\/es\/wp-json\/wp\/v2\/product_cat?post=6698"},{"taxonomy":"product_tag","embeddable":true,"href":"https:\/\/tiesupplier.com\/es\/wp-json\/wp\/v2\/product_tag?post=6698"}],"curies":[{"name":"wp","href":"https:\/\/api.w.org\/{rel}","templated":true}]}}