{"id":6704,"date":"2025-11-25T13:07:45","date_gmt":"2025-11-25T13:07:45","guid":{"rendered":"https:\/\/tiesupplier.com\/product\/disena-tu-propia-corbata-de-seda-oem\/"},"modified":"2025-11-25T13:07:45","modified_gmt":"2025-11-25T13:07:45","slug":"disena-tu-propia-corbata-de-seda-oem","status":"publish","type":"product","link":"https:\/\/tiesupplier.com\/es\/product\/disena-tu-propia-corbata-de-seda-oem\/","title":{"rendered":"Dise\u00f1a tu propia corbata de seda OEM"},"content":{"rendered":"<div readability=\"35\">\n<p>\n<ins class=\"adsbygoogle\" data-ad-client=\"ca-pub-2713617115809499\" data-ad-slot=\"6100242752\" data-ad-format=\"auto\" data-full-width-responsive=\"true\"><\/ins><br \/>\n Dise\u00f1a tu propia corbata de seda OEM<br \/>Material: personalizado<br \/>Color: rojo, azul, negro o personalizado<br \/>Tama\u00f1o: personalizado<br \/>logotipo:personalizado<br \/>dise\u00f1o:personalizado<br \/>patr\u00f3n:como en la foto<br \/>calidad:superior<br \/>Embalaje: personalizado<br \/>cantidad m\u00ednima de pedido: 1000<br \/>Los pedidos OEM son bienvenidos<br \/>T\/T L\/CPAYPALTenemos varios per\u00edodos de dise\u00f1o; Si necesita una coma, cont\u00e1ctenos. Gracias excl;<br \/>Env\u00edo y pago: plazo de entrega de la muestra: 3-7 d\u00edas. Costo de la muestra: muestras gratuitas. Plazo de entrega: 15-20 d\u00edas h\u00e1biles despu\u00e9s de la confirmaci\u00f3n de la muestra, seg\u00fan la cantidad. Puerto: Xiamen, Fujian, China. Pago: L\/C, T\/T, Western Union.<br \/>Sobre nosotras<br \/>Somos un proveedor l\u00edder de Global Source y contamos con m\u00e1s de 20 a\u00f1os de experiencia en la fabricaci\u00f3n de una amplia variedad de corbatas n.\u00ba 1. Disponibles en varios colores, tama\u00f1os y dise\u00f1os. Si necesita un art\u00edculo hecho desde cero, contamos con 100 ingenieros de I+D y 20 dise\u00f1adores que pueden completar una muestra para usted en 3 d\u00edas. Este mismo personal tambi\u00e9n colabora en la elaboraci\u00f3n de los 20 nuevos modelos que lanzamos mensualmente.<br \/>La producci\u00f3n se lleva a cabo en nuestras cinco f\u00e1bricas utilizando m\u00e1quinas de impresi\u00f3n, transferencia de calor y embalaje; podemos tener su pedido para env\u00edo en 10 a 15 d\u00edas.<br \/>Para obtener m\u00e1s informaci\u00f3n, cont\u00e1ctenos hoy.<br \/>Nuestros servicios1.Gratis para hacer la muestra seg\u00fan sus necesidades.<br \/>2.Respuesta de correo electr\u00f3nico m\u00e1s r\u00e1pida<br \/>3.Se aceptan pedidos de peque\u00f1as cantidades.<br \/>4. Rica experiencia trabajando con empresas y marcas famosas.<br \/>5.Muchos estilos para que elijas y ganes la campa\u00f1a de promoci\u00f3n.<ins class=\"adsbygoogle\" data-ad-layout=\"in-article\" data-ad-format=\"fluid\" data-ad-client=\"ca-pub-2713617115809499\" data-ad-slot=\"5641077753\"><\/ins>\n                            <\/p>\n<\/p><\/div>\n","protected":false},"excerpt":{"rendered":"<p>Dise\u00f1a tu propia corbata de seda OEMMaterial: personalizadoColor: rojo, azul, negro o personalizadoTama\u00f1o: personalizadologotipo:personalizadodise\u00f1o:personalizadopatr\u00f3n:como en la fotocalidad:superiorEmbalaje: personalizadocantidad m\u00ednima de pedido: 1000Los pedidos OEM son bienvenidosT\/T L\/CPAYPALTenemos varios per\u00edodos de dise\u00f1o; Si necesita una coma, cont\u00e1ctenos. Gracias excl;Env\u00edo y pago: plazo de entrega de la muestra: 3-7 d\u00edas. Costo de la muestra: muestras gratuitas. Plazo [&hellip;]<\/p>\n","protected":false},"featured_media":6705,"comment_status":"open","ping_status":"closed","template":"","meta":[],"product_cat":[273],"product_tag":[],"class_list":["post-6704","product","type-product","status-publish","has-post-thumbnail","hentry","product_cat-atar"],"aioseo_notices":[],"_links":{"self":[{"href":"https:\/\/tiesupplier.com\/es\/wp-json\/wp\/v2\/product\/6704","targetHints":{"allow":["GET"]}}],"collection":[{"href":"https:\/\/tiesupplier.com\/es\/wp-json\/wp\/v2\/product"}],"about":[{"href":"https:\/\/tiesupplier.com\/es\/wp-json\/wp\/v2\/types\/product"}],"replies":[{"embeddable":true,"href":"https:\/\/tiesupplier.com\/es\/wp-json\/wp\/v2\/comments?post=6704"}],"version-history":[{"count":0,"href":"https:\/\/tiesupplier.com\/es\/wp-json\/wp\/v2\/product\/6704\/revisions"}],"wp:featuredmedia":[{"embeddable":true,"href":"https:\/\/tiesupplier.com\/es\/wp-json\/wp\/v2\/media\/6705"}],"wp:attachment":[{"href":"https:\/\/tiesupplier.com\/es\/wp-json\/wp\/v2\/media?parent=6704"}],"wp:term":[{"taxonomy":"product_cat","embeddable":true,"href":"https:\/\/tiesupplier.com\/es\/wp-json\/wp\/v2\/product_cat?post=6704"},{"taxonomy":"product_tag","embeddable":true,"href":"https:\/\/tiesupplier.com\/es\/wp-json\/wp\/v2\/product_tag?post=6704"}],"curies":[{"name":"wp","href":"https:\/\/api.w.org\/{rel}","templated":true}]}}