{"id":6706,"date":"2025-11-25T13:07:45","date_gmt":"2025-11-25T13:07:45","guid":{"rendered":"https:\/\/tiesupplier.com\/product\/corbata-de-seda-a-cuadros-pequenos-para-hombre-tejido-jacquard-de-alta-calidad\/"},"modified":"2025-11-25T13:07:45","modified_gmt":"2025-11-25T13:07:45","slug":"corbata-de-seda-a-cuadros-pequenos-para-hombre-tejido-jacquard-de-alta-calidad","status":"publish","type":"product","link":"https:\/\/tiesupplier.com\/es\/product\/corbata-de-seda-a-cuadros-pequenos-para-hombre-tejido-jacquard-de-alta-calidad\/","title":{"rendered":"Corbata de seda a cuadros peque\u00f1os para hombre, tejido jacquard, de alta calidad"},"content":{"rendered":"<div readability=\"62\">\n<p>\n<ins class=\"adsbygoogle\" data-ad-client=\"ca-pub-2713617115809499\" data-ad-slot=\"6100242752\" data-ad-format=\"auto\" data-full-width-responsive=\"true\"><\/ins><br \/>\n TejidoPoli\u00e9ster\/Algod\u00f3n\/Seda\/Lana\/Lino o seg\u00fan se requieraDimensi\u00f3ncorbata 148*8.9FormaBotella,Semi-botella,Forma rectaEtiqueta principalSeg\u00fan la solicitud del clienteEtiqueta de cuidadoSeg\u00fan la solicitud del clienteForma de embalaje1 PC\/Funda, 10 PCS\/Bolsa de polietileno, 100 PCS\/Caja interior, 3 Cajas interiores\/Caja exterior oSeg\u00fan la solicitud del clientePeso brutoAlrededor de 21KGS\/CajaTama\u00f1o de la caja81x37x47CM (Se \u200b\u200bpuede poner en 300 PCS corbatas) oSeg\u00fan la solicitud del clienteM\u00edn. Espa\u00f1ol: Pedido 50 PCS por color Tiempo de muestra 7 &#8211; 12 d\u00edas Tiempo de entrega 20 &#8211; 45 d\u00edas despu\u00e9s de la recepci\u00f3n de la confirmaci\u00f3n final Servicio OEM y ODMLecio puede ser negociable seg\u00fan la cantidad del pedido Productos corbatas de seda, corbatas, pajaritas, pa\u00f1uelos de bolsillo, pa\u00f1uelos, bufandas de seda, bufandas de lana acr\u00edlica, camisas, camisetas, pajaritas anudadas, solapas de flores, calcetines de punto de poli\u00e9ster o corbata de seda, etc. sobre el color Si no le gusta nuestra combinaci\u00f3n de colores, tambi\u00e9n podemos hacerlo seg\u00fan los requisitos del cliente sobre el material los clientes pueden elegir otro material, podemos hacerlo seg\u00fan los requisitos del cliente sobre el tama\u00f1o seg\u00fan los requisitos del cliente MS-GOLDENKEY es un fabricante profesional de corbatas, camisas y pajaritas en China. Somos un proveedor muy serio y hemos estado estableciendo buenas relaciones comerciales con muchos clientes en los EE. UU., Europa, Canad\u00e1, Australia, Jap\u00f3n, Corea, etc. La buena calidad, el servicio orientado al cliente y el precio razonable nos hacen \u00fanicos. Esperamos recibir su consulta.<br \/><ins class=\"adsbygoogle\" data-ad-layout=\"in-article\" data-ad-format=\"fluid\" data-ad-client=\"ca-pub-2713617115809499\" data-ad-slot=\"5641077753\"><\/ins>\n                            <\/p>\n<\/p><\/div>\n","protected":false},"excerpt":{"rendered":"<p>TejidoPoli\u00e9ster\/Algod\u00f3n\/Seda\/Lana\/Lino o seg\u00fan se requieraDimensi\u00f3ncorbata 148*8.9FormaBotella,Semi-botella,Forma rectaEtiqueta principalSeg\u00fan la solicitud del clienteEtiqueta de cuidadoSeg\u00fan la solicitud del clienteForma de embalaje1 PC\/Funda, 10 PCS\/Bolsa de polietileno, 100 PCS\/Caja interior, 3 Cajas interiores\/Caja exterior oSeg\u00fan la solicitud del clientePeso brutoAlrededor de 21KGS\/CajaTama\u00f1o de la caja81x37x47CM (Se \u200b\u200bpuede poner en 300 PCS corbatas) oSeg\u00fan la solicitud del clienteM\u00edn. [&hellip;]<\/p>\n","protected":false},"featured_media":6707,"comment_status":"open","ping_status":"closed","template":"","meta":[],"product_cat":[273],"product_tag":[],"class_list":["post-6706","product","type-product","status-publish","has-post-thumbnail","hentry","product_cat-atar"],"aioseo_notices":[],"_links":{"self":[{"href":"https:\/\/tiesupplier.com\/es\/wp-json\/wp\/v2\/product\/6706","targetHints":{"allow":["GET"]}}],"collection":[{"href":"https:\/\/tiesupplier.com\/es\/wp-json\/wp\/v2\/product"}],"about":[{"href":"https:\/\/tiesupplier.com\/es\/wp-json\/wp\/v2\/types\/product"}],"replies":[{"embeddable":true,"href":"https:\/\/tiesupplier.com\/es\/wp-json\/wp\/v2\/comments?post=6706"}],"version-history":[{"count":0,"href":"https:\/\/tiesupplier.com\/es\/wp-json\/wp\/v2\/product\/6706\/revisions"}],"wp:featuredmedia":[{"embeddable":true,"href":"https:\/\/tiesupplier.com\/es\/wp-json\/wp\/v2\/media\/6707"}],"wp:attachment":[{"href":"https:\/\/tiesupplier.com\/es\/wp-json\/wp\/v2\/media?parent=6706"}],"wp:term":[{"taxonomy":"product_cat","embeddable":true,"href":"https:\/\/tiesupplier.com\/es\/wp-json\/wp\/v2\/product_cat?post=6706"},{"taxonomy":"product_tag","embeddable":true,"href":"https:\/\/tiesupplier.com\/es\/wp-json\/wp\/v2\/product_tag?post=6706"}],"curies":[{"name":"wp","href":"https:\/\/api.w.org\/{rel}","templated":true}]}}