{"id":6716,"date":"2025-11-25T13:07:44","date_gmt":"2025-11-25T13:07:44","guid":{"rendered":"https:\/\/tiesupplier.com\/product\/fabricante-chino-de-corbatas-de-seda-con-diseno-de-simbolos-musicales-personalizados-tirantes-de-seda-y-panuelos-de-seda\/"},"modified":"2025-11-25T13:07:44","modified_gmt":"2025-11-25T13:07:44","slug":"fabricante-chino-de-corbatas-de-seda-con-diseno-de-simbolos-musicales-personalizados-tirantes-de-seda-y-panuelos-de-seda","status":"publish","type":"product","link":"https:\/\/tiesupplier.com\/es\/product\/fabricante-chino-de-corbatas-de-seda-con-diseno-de-simbolos-musicales-personalizados-tirantes-de-seda-y-panuelos-de-seda\/","title":{"rendered":"Fabricante chino de corbatas de seda con dise\u00f1o de s\u00edmbolos musicales personalizados, tirantes de seda y pa\u00f1uelos de seda."},"content":{"rendered":"<div><ins class=\"adsbygoogle\" data-ad-client=\"ca-pub-2713617115809499\" data-ad-slot=\"6100242752\" data-ad-format=\"auto\" data-full-width-responsive=\"true\"><\/ins><\/p>\n<p>1, Material: 100% seda, o puede ser de poli\u00e9ster, lana, algod\u00f3n.<br \/>\n2, Dimensiones: corbata de 146 cm x 8 cm, pa\u00f1uelo de 25 cm x 25 cm, liguero de 90 cm x 2 + 25 cm.<br \/>\nSe puede hacer seg\u00fan el tama\u00f1o y las formas que solicite (punta triangular o punta plana)<br \/>\n3, dise\u00f1o y color: rosa s\u00f3lido y gris, se puede ajustar seg\u00fan su solicitud<br \/>\n4. Etiqueta: seg\u00fan solicitud del cliente.<br \/>\n5, embalaje: bolsa OPP\/pc, 200 piezas\/cart\u00f3n, o seg\u00fan su solicitud<br \/>\n6, Peso bruto: 15 kg\/caja, o seg\u00fan su solicitud<br \/>\n7, Tama\u00f1o de la caja: 80*32*35 cm, seg\u00fan solicitud del cliente<br \/>\n8. Accesorios: Etiquetas colgantes, Etiqueta de precio con c\u00f3digo de barras<br \/>\n9, MOQ: 50-100 por color<br \/>\n10. Tiempo de muestra: 5-7 d\u00edas, seg\u00fan el dep\u00f3sito recibido.<br \/>\n11, Tiempo de entrega: 15-30 d\u00edas despu\u00e9s de la muestra\/confirmada\/ied<br \/>\n12. Servicio: OEM, ODM, servicio de dise\u00f1o<br \/>\n13. Precio: Negociar en base a los detalles de los productos, cantidad, pago, etc.<br \/>\n14. Pago: L\/C, T\/T, Western Union, PayPal<\/p><\/div>\n","protected":false},"excerpt":{"rendered":"<p>1, Material: 100% seda, o puede ser de poli\u00e9ster, lana, algod\u00f3n. 2, Dimensiones: corbata de 146 cm x 8 cm, pa\u00f1uelo de 25 cm x 25 cm, liguero de 90 cm x 2 + 25 cm. Se puede hacer seg\u00fan el tama\u00f1o y las formas que solicite (punta triangular o punta plana) 3, dise\u00f1o y [&hellip;]<\/p>\n","protected":false},"featured_media":6717,"comment_status":"open","ping_status":"closed","template":"","meta":[],"product_cat":[273],"product_tag":[],"class_list":["post-6716","product","type-product","status-publish","has-post-thumbnail","hentry","product_cat-atar"],"aioseo_notices":[],"_links":{"self":[{"href":"https:\/\/tiesupplier.com\/es\/wp-json\/wp\/v2\/product\/6716","targetHints":{"allow":["GET"]}}],"collection":[{"href":"https:\/\/tiesupplier.com\/es\/wp-json\/wp\/v2\/product"}],"about":[{"href":"https:\/\/tiesupplier.com\/es\/wp-json\/wp\/v2\/types\/product"}],"replies":[{"embeddable":true,"href":"https:\/\/tiesupplier.com\/es\/wp-json\/wp\/v2\/comments?post=6716"}],"version-history":[{"count":0,"href":"https:\/\/tiesupplier.com\/es\/wp-json\/wp\/v2\/product\/6716\/revisions"}],"wp:featuredmedia":[{"embeddable":true,"href":"https:\/\/tiesupplier.com\/es\/wp-json\/wp\/v2\/media\/6717"}],"wp:attachment":[{"href":"https:\/\/tiesupplier.com\/es\/wp-json\/wp\/v2\/media?parent=6716"}],"wp:term":[{"taxonomy":"product_cat","embeddable":true,"href":"https:\/\/tiesupplier.com\/es\/wp-json\/wp\/v2\/product_cat?post=6716"},{"taxonomy":"product_tag","embeddable":true,"href":"https:\/\/tiesupplier.com\/es\/wp-json\/wp\/v2\/product_tag?post=6716"}],"curies":[{"name":"wp","href":"https:\/\/api.w.org\/{rel}","templated":true}]}}