{"id":6734,"date":"2025-11-25T13:07:44","date_gmt":"2025-11-25T13:07:44","guid":{"rendered":"https:\/\/tiesupplier.com\/product\/corbata-de-microfibra-tejida-con-bonito-diseno-de-cachemira-venta-al-por-mayor-en-china-2\/"},"modified":"2025-11-25T13:07:44","modified_gmt":"2025-11-25T13:07:44","slug":"corbata-de-microfibra-tejida-con-bonito-diseno-de-cachemira-venta-al-por-mayor-en-china-2","status":"publish","type":"product","link":"https:\/\/tiesupplier.com\/es\/product\/corbata-de-microfibra-tejida-con-bonito-diseno-de-cachemira-venta-al-por-mayor-en-china-2\/","title":{"rendered":"Corbata de microfibra tejida con bonito dise\u00f1o de cachemira, venta al por mayor en China"},"content":{"rendered":"<div readability=\"89\">\n<ins class=\"adsbygoogle\" data-ad-client=\"ca-pub-2713617115809499\" data-ad-slot=\"6100242752\" data-ad-format=\"auto\" data-full-width-responsive=\"true\"><\/ins><br \/>\n 1. Material: 100 % microfibra, o puede ser de seda, lana o algod\u00f3n.<br \/>2, Dimensiones: 146 cm x 8 cm,<br \/>Se puede hacer seg\u00fan el tama\u00f1o y las formas que solicite (punta triangular o punta plana)<br \/>3, dise\u00f1o y color: rosa s\u00f3lido y gris, se puede ajustar seg\u00fan su solicitud<br \/>4. Etiqueta: seg\u00fan solicitud del cliente.<br \/>5, embalaje: bolsa OPP\/pc, 200 piezas\/cart\u00f3n, o seg\u00fan su solicitud<br \/>6, Peso bruto: 15 kg\/caja, o seg\u00fan su solicitud<br \/>7, Tama\u00f1o de la caja: 80*32*35 cm, seg\u00fan solicitud del cliente<br \/>8. Accesorios: Etiquetas colgantes, Etiqueta de precio con c\u00f3digo de barras<br \/>9, MOQ: 50-100 por color<br \/>10. Tiempo de muestra: 5-7 d\u00edas, seg\u00fan el dep\u00f3sito recibido.<br \/>11, Tiempo de entrega: 15-30 d\u00edas despu\u00e9s de la muestra\/confirmada\/ied<br \/>12. Servicio: OEM, ODM, servicio de dise\u00f1o<br \/>13. Precio: Negociar en base a los detalles de los productos, cantidad, pago, etc.<br \/>14. Pago: L\/C, T\/T, Western Union, PayPal <ins class=\"adsbygoogle\" data-ad-layout=\"in-article\" data-ad-format=\"fluid\" data-ad-client=\"ca-pub-2713617115809499\" data-ad-slot=\"5641077753\"><\/ins>\n                            <\/div>\n","protected":false},"excerpt":{"rendered":"<p>1. Material: 100 % microfibra, o puede ser de seda, lana o algod\u00f3n.2, Dimensiones: 146 cm x 8 cm,Se puede hacer seg\u00fan el tama\u00f1o y las formas que solicite (punta triangular o punta plana)3, dise\u00f1o y color: rosa s\u00f3lido y gris, se puede ajustar seg\u00fan su solicitud4. Etiqueta: seg\u00fan solicitud del cliente.5, embalaje: bolsa OPP\/pc, [&hellip;]<\/p>\n","protected":false},"featured_media":6735,"comment_status":"open","ping_status":"closed","template":"","meta":[],"product_cat":[273],"product_tag":[],"class_list":["post-6734","product","type-product","status-publish","has-post-thumbnail","hentry","product_cat-atar"],"aioseo_notices":[],"_links":{"self":[{"href":"https:\/\/tiesupplier.com\/es\/wp-json\/wp\/v2\/product\/6734","targetHints":{"allow":["GET"]}}],"collection":[{"href":"https:\/\/tiesupplier.com\/es\/wp-json\/wp\/v2\/product"}],"about":[{"href":"https:\/\/tiesupplier.com\/es\/wp-json\/wp\/v2\/types\/product"}],"replies":[{"embeddable":true,"href":"https:\/\/tiesupplier.com\/es\/wp-json\/wp\/v2\/comments?post=6734"}],"version-history":[{"count":0,"href":"https:\/\/tiesupplier.com\/es\/wp-json\/wp\/v2\/product\/6734\/revisions"}],"wp:featuredmedia":[{"embeddable":true,"href":"https:\/\/tiesupplier.com\/es\/wp-json\/wp\/v2\/media\/6735"}],"wp:attachment":[{"href":"https:\/\/tiesupplier.com\/es\/wp-json\/wp\/v2\/media?parent=6734"}],"wp:term":[{"taxonomy":"product_cat","embeddable":true,"href":"https:\/\/tiesupplier.com\/es\/wp-json\/wp\/v2\/product_cat?post=6734"},{"taxonomy":"product_tag","embeddable":true,"href":"https:\/\/tiesupplier.com\/es\/wp-json\/wp\/v2\/product_tag?post=6734"}],"curies":[{"name":"wp","href":"https:\/\/api.w.org\/{rel}","templated":true}]}}