{"id":4303,"date":"2025-11-25T14:18:36","date_gmt":"2025-11-25T14:18:36","guid":{"rendered":"https:\/\/tiesupplier.com\/product\/haute-qualite-weeding-red-bow-tie\/"},"modified":"2025-11-25T14:18:36","modified_gmt":"2025-11-25T14:18:36","slug":"haute-qualite-weeding-red-bow-tie","status":"publish","type":"product","link":"https:\/\/tiesupplier.com\/fr\/product\/haute-qualite-weeding-red-bow-tie\/","title":{"rendered":"Haute qualit\u00e9 Weeding Red bow tie"},"content":{"rendered":"<table border=\"0\" cellspacing=\"1\">\n<tbody>\n<tr>\n<td data-spm-anchor-id=\"a2700.wholesale.0.i22.49c24587IHKx27\">Place des Origines<\/td>\n<td>Zhejiang, Chine<\/td>\n<\/tr>\n<tr>\n<td>Mat\u00e9riel<\/td>\n<td>Polyester<\/td>\n<\/tr>\n<tr>\n<td>Style<\/td>\n<td>Classique<\/td>\n<\/tr>\n<tr>\n<td>Pattern<\/td>\n<td>Embrouill\u00e9<\/td>\n<\/tr>\n<tr>\n<td>Nom de marque<\/td>\n<td>OEM<\/td>\n<\/tr>\n<tr>\n<td>Num\u00e9ro de mod\u00e8le<\/td>\n<td>BOWTIE0544<\/td>\n<\/tr>\n<tr>\n<td>Nom du produit<\/td>\n<td>men&rsquo;s bowties<\/td>\n<\/tr>\n<tr>\n<td>Fonctionnalit\u00e9<\/td>\n<td>D\u00e9cor d&rsquo;accessory pour les gar\u00e7ons<\/td>\n<\/tr>\n<tr>\n<td>mat\u00e9riel<\/td>\n<td data-spm-anchor-id=\"a2700.wholesale.0.i23.49c24587IHKx27\">100 % micropolyester mat\u00e9riel, microfiber bowtie<\/td>\n<\/tr>\n<tr>\n<td>Emballage<\/td>\n<td>1 pcs\/polybag ou gift box packing<\/td>\n<\/tr>\n<tr>\n<td>MOQ<\/td>\n<td>20 pi\u00e8ces<\/td>\n<\/tr>\n<tr>\n<td>Conception<\/td>\n<td>L&rsquo;ODM et l&rsquo;OEM vous demandent si vous montez \u00e0 200 pi\u00e8ces<\/td>\n<\/tr>\n<tr>\n<td>Size<\/td>\n<td>10 cm (L)*5 cm (W), la taille personnalis\u00e9e et le logo sont les bienvenus<\/td>\n<\/tr>\n<\/tbody>\n<\/table>\n<h3><strong>Qui sommes-nous ?<\/strong><\/h3>\n<p>Le fabricant de fournitures de Tie : Shengzhou Covherlab Garment&amp;Accessories Co., Ltd, qui est situ\u00e9 \u00e0 Shaoxing, Zhejiang, China est l&rsquo;une de la manufacture de leading en China. Notre entreprise principalement produite et commerciale, bas\u00e9e sur le d\u00e9veloppement \u00e0 long terme, mise au point sur la gestion de base et la qualit\u00e9 de la production, a un produit complet, sain, apr\u00e8s le service et le syst\u00e8me de logistique. Depuis son \u00e9tablissement, son entreprise adh\u00e8re \u00e0 la philosophie d&rsquo;affaires de la \u00ab gestion integrity, du service de haute qualit\u00e9 et du profit pour les clients \u00bb, d\u00e9di\u00e9e \u00e0 fournir des clients avec le meilleur service de qualit\u00e9 et les meilleurs produits de co\u00fbt, et le recours \u00e0 Internet pour vendre des produits de qualit\u00e9 dans le world.<\/p>\n<p>Nous avons plus de 8 000 pi\u00e8ces de capacit\u00e9 de production pour neckties et autres v\u00eatements par day. Notre rang de produit comprend des neckties, yarn-dyed woven fabrics for neckties and garments, scarves &amp; hankies, waist coats, bow ties and other neck wear accessories. Nos produits sont fabriqu\u00e9s par un excellent workmanship, la qualit\u00e9 sup\u00e9rieure du mat\u00e9riel brut et le haut de gamme equipment. Ensuite, on peut offrir le meilleur prix et le prix le plus comp\u00e9titif \u00e0 you. Nous sommes tr\u00e8s engag\u00e9s dans l&rsquo;exportation d&rsquo;affaires, nous savons donc ce dont vous avez besoin et pouvons communiquer avec vous professionnellement en English. Nos clients viennent de tout world. Pour suivre attentivement les tendances internationales les plus populaires, nos designers capables de cr\u00e9er 500 nouveaux designs tous les 3 mois pour r\u00e9pondre \u00e0 vos demandes de designs de mode et de couleurs dans le world. Nous avons \u00e9tabli comme une haute r\u00e9putation de l&rsquo;honest, de la reliable et de l&rsquo;exp\u00e9rience, que nos clients nous font confiance et que nous voulons garder la collaboration avec us. Si vous souhaitez de plus amples renseignements sur notre entreprise, nos produits et nos services, veuillez communiquer avec nous ou visiter notre site Web pour plus de details. Vous serez grandement appr\u00e9ci\u00e9 car nous nous engageons \u00e0 configurer les nouveaux partenaires avec divers amis worldwide.         <\/p>\n<p>&nbsp;<\/p>\n<h3>Comment personnaliser la chose?<\/h3>\n<h6><strong><span id=\"w_74\" class=\"\">Pr\u00e9par\u00e9 \u00e0 l&rsquo;avance<\/span><\/strong><\/h6>\n<p>Vous devriez pr\u00e9parer le mod\u00e8le, taille(both wide and length), couleur,<span id=\"w_109\" class=\"\">Textile <\/span><span id=\"w_110\" class=\"\">Technologie : du jacquard mouill\u00e9 ou imprim\u00e9 ;<\/span>et mat\u00e9riel de votre tie. et le d\u00e9tail attached.<\/p>\n<table class=\"is-zebra all magic-4\">\n<tbody>\n<tr>\n<td colspan=\"1\" rowspan=\"1\">\n<div class=\"magic-5\">\n<div class=\"magic-6\" data-spm-anchor-id=\"0.0.0.i42.49274f0591m7X9\"><b data-spm-anchor-id=\"0.0.0.i28.49274f05avYhT5\"><span class=\"magic-7\">Design, couleur et logo<\/span><\/b><\/div>\n<\/div>\n<\/td>\n<td colspan=\"1\" rowspan=\"1\">\n<div class=\"magic-8\" data-spm-anchor-id=\"a2700.wholesale.0.i19.6f1446fa42s6cd\">\n<div class=\"magic-9\" data-spm-anchor-id=\"0.0.0.i104.49274f05avYhT5\"><span class=\"magic-10\"><span class=\"magic-11\" data-spm-anchor-id=\"0.0.0.i86.49274f05avYhT5\">Bienvenue \u00e0 Customized. <\/span><b class=\"magic-11\" data-spm-anchor-id=\"0.0.0.i226.49274f05avYhT5\"><span class=\"magic-11\">Let Your Logo Unique.<\/span><\/b><\/span><\/div>\n<\/div>\n<\/td>\n<\/tr>\n<tr>\n<td colspan=\"1\" rowspan=\"1\">\n<div class=\"magic-5\">\n<div class=\"magic-6\" data-spm-anchor-id=\"0.0.0.i169.49274f05avYhT5\"><span class=\"magic-12\"><b class=\"magic-11\">Mat\u00e9riel<\/b><\/span><\/div>\n<\/div>\n<\/td>\n<td colspan=\"1\" rowspan=\"1\">\n<div class=\"magic-8\">\n<div class=\"magic-9\" data-spm-anchor-id=\"0.0.0.i199.49274f05avYhT5\"><span class=\"magic-10\"><span class=\"magic-11\">Pure silk jacquard woven,Pure silk print:16MM twill,16MM satin,Silk Blended:silk cotton,silk viscose,silk wool,silk linen,Polyester,Cotton,Linen,Wool etc.<b class=\"magic-11\" data-spm-anchor-id=\"0.0.0.i216.49274f05avYhT5\">Grand espace de rangement pour <\/b><\/span><b class=\"magic-11\" data-spm-anchor-id=\"0.0.0.i219.49274f05avYhT5\"><span class=\"magic-11\">Votre Selection.<\/span><\/b><\/span><\/div>\n<\/div>\n<\/td>\n<\/tr>\n<tr>\n<td colspan=\"1\" rowspan=\"1\">\n<div class=\"magic-5\">\n<div class=\"magic-6\" data-spm-anchor-id=\"0.0.0.i180.49274f05avYhT5\"><b class=\"magic-11\"><span class=\"magic-12\">Forme<\/span><\/b><\/div>\n<\/div>\n<\/td>\n<td colspan=\"1\" rowspan=\"1\">\n<div class=\"magic-8\"><span class=\"magic-10\">Semi Bottle,Bottle or Straight.<\/span><\/div>\n<\/td>\n<\/tr>\n<tr>\n<td colspan=\"1\" rowspan=\"1\">\n<div class=\"magic-5\">\n<div class=\"magic-6\"><b class=\"magic-11\" data-spm-anchor-id=\"0.0.0.i182.49274f05avYhT5\"><span class=\"magic-12\">Accessories<\/span><\/b><\/div>\n<\/div>\n<\/td>\n<td colspan=\"1\" rowspan=\"1\">\n<div class=\"magic-8\"><span class=\"magic-10\"><span class=\"magic-11\" data-spm-anchor-id=\"a2700.wholesale.0.i21.6f1446fa42s6cd\">\u00c9tiquettes de main personnalis\u00e9es, \u00e9tiquettes de s\u00e9curit\u00e9, barcode, autocollants, sacs \u00e0 main, bo\u00eete de cadeaux, etc. <\/span><span class=\"magic-11\"><b class=\"magic-11\" data-spm-anchor-id=\"0.0.0.i241.49274f05avYhT5\">Acceptez vos demandes sp\u00e9ciales, Let You Save Time and Worries.<\/b><\/span><\/span><\/div>\n<\/td>\n<\/tr>\n<tr>\n<td colspan=\"1\" rowspan=\"1\">\n<div class=\"magic-5\">\n<div class=\"magic-6\"><b class=\"magic-11\"><span class=\"magic-12\"> Fonctions<\/span><\/b><\/div>\n<\/div>\n<\/td>\n<td colspan=\"1\" rowspan=\"1\">\n<div class=\"magic-8\" data-spm-anchor-id=\"a2700.wholesale.0.i20.6f1446fa42s6cd\"><span class=\"magic-10\">\u00c0 l&rsquo;aide de mariages,<span class=\"magic-11\">Rencontre, Parti, etc.<\/span><\/span><\/div>\n<\/td>\n<\/tr>\n<tr>\n<td colspan=\"1\" rowspan=\"1\">\n<div class=\"magic-5\">\n<div class=\"magic-6\"><b class=\"magic-11\"><span class=\"magic-12\"> Artwork<\/span><\/b><\/div>\n<\/div>\n<\/td>\n<td colspan=\"1\" rowspan=\"1\">\n<div class=\"magic-8\"><span class=\"magic-10\"><span class=\"magic-11\">Les fichiers de conception en AI, CDR, PDF, JPG format. <\/span><b class=\"magic-11\" data-spm-anchor-id=\"0.0.0.i245.49274f05avYhT5\"><span class=\"magic-11\">Mettez Your Good Idea into Reality.<\/span><\/b><\/span><\/div>\n<\/td>\n<\/tr>\n<tr>\n<td colspan=\"1\" rowspan=\"1\">\n<div class=\"magic-5\">\n<div class=\"magic-6\"><b class=\"magic-11\"><span class=\"magic-12\">Advantages <\/span><\/b><\/div>\n<\/div>\n<\/td>\n<td colspan=\"1\" rowspan=\"1\">\n<div class=\"magic-8\"><span class=\"magic-10\"><b class=\"magic-11\" data-spm-anchor-id=\"0.0.0.i19.49274f0591m7X9\">Make Every Tie Your Tie with Your Own Design<\/b><\/span><\/div>\n<\/td>\n<\/tr>\n<tr>\n<td colspan=\"1\" rowspan=\"1\">\n<div class=\"magic-5\">\n<div class=\"magic-6\"><b class=\"magic-11\"><span class=\"magic-12\"> Emballage<\/span><\/b><\/div>\n<\/div>\n<\/td>\n<td colspan=\"1\" rowspan=\"1\">\n<div class=\"magic-8\"><span class=\"magic-10\">Une pi\u00e8ce dans un poly bag, 100 pi\u00e8ces \/ inner box, 3 inner boxes into one carton with waterproof bag. <b class=\"magic-11\" data-spm-anchor-id=\"0.0.0.i258.49274f05avYhT5\"><span class=\"magic-11\" data-spm-anchor-id=\"a2700.wholesale.0.i24.6f1446fa42s6cd\">Do What You Want, Think What You Care.<\/span><\/b><\/span><\/div>\n<\/td>\n<\/tr>\n<tr>\n<td colspan=\"1\" rowspan=\"1\">\n<div class=\"magic-5\">\n<div class=\"magic-6\"><b class=\"magic-11\"><span class=\"magic-12\">Size<\/span><\/b><\/div>\n<\/div>\n<\/td>\n<td colspan=\"1\" rowspan=\"1\">\n<div class=\"magic-8\"><span class=\"magic-10\" data-spm-anchor-id=\"a2700.wholesale.0.i23.6f1446fa42s6cd\">(4 \u2013 9)CM Width,(110 \u2013 165)CM Length-According to customers\u2019 specific request.<b class=\"magic-11\"><span class=\"magic-11\">Faites<\/span><\/b><span class=\"magic-11\"><b class=\"magic-11\" data-spm-anchor-id=\"0.0.0.i1.49274f05t2z7C8\">Taille ajust\u00e9e pour s&rsquo;agencer \u00e0 votre cou<\/b><\/span><\/span><\/div>\n<\/td>\n<\/tr>\n<tr>\n<td colspan=\"1\" rowspan=\"1\">\n<div class=\"magic-5\">\n<div class=\"magic-6\"><b class=\"magic-11\"><span class=\"magic-12\">Exemple Cost<\/span><\/b><\/div>\n<\/div>\n<\/td>\n<td colspan=\"1\" rowspan=\"1\">\n<div class=\"magic-8\"><span class=\"magic-10\">Exemple d&rsquo;\u00e9chantillon disponible pour free. <b class=\"magic-11\" data-spm-anchor-id=\"0.0.0.i269.49274f05avYhT5\"><span class=\"magic-11\">Vous avez juste besoin de payer pour DHL shipping cost.<\/span><\/b><\/span><\/div>\n<\/td>\n<\/tr>\n<tr>\n<td colspan=\"1\" rowspan=\"1\">\n<div class=\"magic-5\">\n<div class=\"magic-6\"><b class=\"magic-11\"><span class=\"magic-12\">Sample Time and Bulk Time<\/span><\/b><\/div>\n<\/div>\n<\/td>\n<td colspan=\"1\" rowspan=\"1\">\n<div class=\"magic-8\"><span class=\"magic-10\">Sample Time Around 7-15 Working Days;Bulk Time Around 4-6 Weeks. <span class=\"magic-11\"><b class=\"magic-11\" data-spm-anchor-id=\"0.0.0.i24.49274f0591m7X9\">Notre professionnel, Votre Satisfaction.<\/b><\/span><\/span><\/div>\n<\/td>\n<\/tr>\n<tr>\n<td colspan=\"1\" rowspan=\"1\">\n<div class=\"magic-5\">\n<div class=\"magic-6\" data-spm-anchor-id=\"0.0.0.i67.49274f0591m7X9\"><b class=\"magic-11\"><span class=\"magic-12\">MOQ <\/span><\/b><\/div>\n<\/div>\n<\/td>\n<td colspan=\"1\" rowspan=\"1\">\n<div class=\"magic-8\" data-spm-anchor-id=\"a2700.wholesale.0.i25.6f1446fa42s6cd\"><span class=\"magic-10\">50 pcs. <b class=\"magic-11\" data-spm-anchor-id=\"0.0.0.i277.49274f05avYhT5\"><span class=\"magic-11\">Faible MOQ pour Avoid Unnecessary Waste of Your Products and Money.<\/span><\/b><\/span><\/div>\n<\/td>\n<\/tr>\n<tr>\n<td colspan=\"1\" rowspan=\"1\">\n<div class=\"magic-5\">\n<div class=\"magic-6\"><b class=\"magic-11\"><span class=\"magic-12\">Paiement Term<\/span><\/b><\/div>\n<\/div>\n<\/td>\n<td colspan=\"1\" rowspan=\"1\">\n<div class=\"magic-8\" data-spm-anchor-id=\"a2700.wholesale.0.i17.6f1446fa42s6cd\"><span class=\"magic-10\" data-spm-anchor-id=\"a2700.wholesale.0.i18.6f1446fa42s6cd\">T\/T, Western Union, Cash, PayPal, Assurance commerciale, autres peuvent \u00eatre negotiated. <span class=\"magic-11\"><b class=\"magic-11\" data-spm-anchor-id=\"0.0.0.i29.49274f0591m7X9\">Seulement 30 % Deposit, Make Your Floating Capital More Effective.<\/b><\/span><\/span><\/div>\n<\/td>\n<\/tr>\n<tr>\n<td colspan=\"1\" rowspan=\"1\">\n<div class=\"magic-5\">\n<div class=\"magic-6\"><b class=\"magic-11\" data-spm-anchor-id=\"0.0.0.i184.49274f05avYhT5\"><span class=\"magic-12\">Exp\u00e9dition<\/span><\/b><\/div>\n<\/div>\n<\/td>\n<td colspan=\"1\" rowspan=\"1\">\n<div class=\"magic-8\"><span class=\"magic-10\"><span class=\"magic-11\">Par Air ou DHL ou Sea. Si Choose par DHL<\/span> <b class=\"magic-11\" data-spm-anchor-id=\"0.0.0.i288.49274f05avYhT5\"><span class=\"magic-11\">C&rsquo;est Faster Like You Purchase de Local Market.<\/span><\/b><\/span><\/div>\n<\/td>\n<\/tr>\n<tr>\n<td colspan=\"2\" rowspan=\"1\">\n<div class=\"magic-13\" data-spm-anchor-id=\"a2700.wholesale.0.i26.6f1446fa42s6cd\"><span class=\"magic-14\">corbatas,mens tie,masonic ties,school ties,neck ties,cravates,floral tie,ties,ties men,necktie,luxury neckties,custom silk tie,tie<br \/>\nblack,tie gift box,tie man,silk ties men,man ties,tie silk,tie custom logo,silk ties men custom,office tie,silk tie handmade,paisley silk tie,sublimation ties,tie for men,shengzhou silk tie,customize tie set,high quality tie, China Tie.<\/span><\/div>\n<\/td>\n<\/tr>\n<\/tbody>\n<\/table>\n","protected":false},"excerpt":{"rendered":"<p>Nous sommes Manufacture situ\u00e9 en China. Si vous voulez acheter un stock ties dans le dernier prix, vous pouvez faire enquire below. <\/p>\n<p>Si vous avez besoin d&rsquo;une commande personnalis\u00e9e, ou d&rsquo;un ordre OEM\/ODM, envoyez votre design par EMAIL.<\/p>\n<p>Courriel :<a href=\"mailto:supply@tiesupplier.com\">supply@tiesupplier.com<\/a><\/p>\n","protected":false},"featured_media":3911,"comment_status":"open","ping_status":"closed","template":"","meta":[],"product_cat":[6],"product_tag":[206,207],"class_list":["post-4303","product","type-product","status-publish","has-post-thumbnail","hentry","product_cat-scarf","product_tag-color-matching-bow-tie","product_tag-custom-bow-tie","pa_material-polyester"],"aioseo_notices":[],"_links":{"self":[{"href":"https:\/\/tiesupplier.com\/fr\/wp-json\/wp\/v2\/product\/4303","targetHints":{"allow":["GET"]}}],"collection":[{"href":"https:\/\/tiesupplier.com\/fr\/wp-json\/wp\/v2\/product"}],"about":[{"href":"https:\/\/tiesupplier.com\/fr\/wp-json\/wp\/v2\/types\/product"}],"replies":[{"embeddable":true,"href":"https:\/\/tiesupplier.com\/fr\/wp-json\/wp\/v2\/comments?post=4303"}],"version-history":[{"count":0,"href":"https:\/\/tiesupplier.com\/fr\/wp-json\/wp\/v2\/product\/4303\/revisions"}],"wp:featuredmedia":[{"embeddable":true,"href":"https:\/\/tiesupplier.com\/fr\/wp-json\/wp\/v2\/media\/3911"}],"wp:attachment":[{"href":"https:\/\/tiesupplier.com\/fr\/wp-json\/wp\/v2\/media?parent=4303"}],"wp:term":[{"taxonomy":"product_cat","embeddable":true,"href":"https:\/\/tiesupplier.com\/fr\/wp-json\/wp\/v2\/product_cat?post=4303"},{"taxonomy":"product_tag","embeddable":true,"href":"https:\/\/tiesupplier.com\/fr\/wp-json\/wp\/v2\/product_tag?post=4303"}],"curies":[{"name":"wp","href":"https:\/\/api.w.org\/{rel}","templated":true}]}}