{"id":7757,"date":"2025-11-25T14:18:36","date_gmt":"2025-11-25T14:18:36","guid":{"rendered":"https:\/\/tiesupplier.com\/product\/cravate-violette-en-soie-de-bonne-qualite-pour-homme\/"},"modified":"2025-11-25T14:18:36","modified_gmt":"2025-11-25T14:18:36","slug":"cravate-violette-en-soie-de-bonne-qualite-pour-homme","status":"publish","type":"product","link":"https:\/\/tiesupplier.com\/fr\/product\/cravate-violette-en-soie-de-bonne-qualite-pour-homme\/","title":{"rendered":"Cravate violette en soie de bonne qualit\u00e9 pour homme"},"content":{"rendered":"<p data-pm-slice=\"1 1 []\">D\u00e9couvrez l&rsquo;alliance parfaite du style et de la qualit\u00e9 avec notre magnifique s\u00e9lection de cravates en soie haut de gamme de 8 cm ! Que vous optiez pour un classique noir ou blanc, ou que vous souhaitiez ajouter une touche de couleur \u00e0 votre tenue, notre cravate violette donnera une toute nouvelle dimension \u00e0 votre style !<\/p>\n<p>Confectionn\u00e9es dans la soie la plus fine, chacune de nos cravates promet une sensation luxueuse qui laissera votre peau douce et lisse. Disponible dans une gamme de couleurs et de motifs, vous trouverez assur\u00e9ment le mod\u00e8le parfait pour chaque occasion.<\/p>\n<p>Mais que faire si votre couleur ou motif pr\u00e9f\u00e9r\u00e9 n&rsquo;est pas disponible en stock ? Pas besoin de s&rsquo;inqui\u00e9ter ! Chez [nom de l&rsquo;entreprise], nous proposons un service unique de personnalisation de cravates qui vous permet d&rsquo;apporter votre touche personnelle \u00e0 votre cravate pr\u00e9f\u00e9r\u00e9e. Que vous souhaitiez ajouter un monogramme sp\u00e9cial, incorporer un symbole m\u00e9morable ou cr\u00e9er un motif unique, nos artisans qualifi\u00e9s transformeront la cravate de vos r\u00eaves en r\u00e9alit\u00e9.<\/p>\n<p>Mais quels sont les avantages d&rsquo;utiliser nos cravates en soie de haute qualit\u00e9 ? Tout d&rsquo;abord, vous pouvez les porter en toute confiance, sachant que vous arborez un accessoire de mode non seulement \u00e9l\u00e9gant, mais aussi durable. Nos cravates sont fabriqu\u00e9es \u00e0 la main pour durer, et avec un entretien appropri\u00e9, elles peuvent se transmettre de g\u00e9n\u00e9ration en g\u00e9n\u00e9ration. De plus, porter une cravate en soie peut ajouter une touche d&rsquo;\u00e9l\u00e9gance \u00e0 n&rsquo;importe quelle tenue, vous donnant confiance en vous et une allure assur\u00e9e pour n&rsquo;importe quel \u00e9v\u00e9nement.<\/p>\n","protected":false},"excerpt":{"rendered":"<p data-pm-slice=\"1 1 []\">Nos cravates en soie sont disponibles dans une vari\u00e9t\u00e9 de couleurs et de motifs, et peuvent \u00eatre personnalis\u00e9es pour une touche unique. Confectionn\u00e9s en soie de la plus haute qualit\u00e9, ils offrent durabilit\u00e9 et toucher luxueux, ajoutant une touche d&rsquo;\u00e9l\u00e9gance \u00e0 toutes les tenues.<\/p>\n","protected":false},"featured_media":4024,"comment_status":"open","ping_status":"closed","template":"","meta":[],"product_cat":[111],"product_tag":[359,358,113],"class_list":["post-7757","product","type-product","status-publish","has-post-thumbnail","hentry","product_cat-tie","product_tag-cravate-en-soie","product_tag-cravate-personnalisee","product_tag-wholesale-tie"],"aioseo_notices":[],"_links":{"self":[{"href":"https:\/\/tiesupplier.com\/fr\/wp-json\/wp\/v2\/product\/7757","targetHints":{"allow":["GET"]}}],"collection":[{"href":"https:\/\/tiesupplier.com\/fr\/wp-json\/wp\/v2\/product"}],"about":[{"href":"https:\/\/tiesupplier.com\/fr\/wp-json\/wp\/v2\/types\/product"}],"replies":[{"embeddable":true,"href":"https:\/\/tiesupplier.com\/fr\/wp-json\/wp\/v2\/comments?post=7757"}],"version-history":[{"count":0,"href":"https:\/\/tiesupplier.com\/fr\/wp-json\/wp\/v2\/product\/7757\/revisions"}],"wp:featuredmedia":[{"embeddable":true,"href":"https:\/\/tiesupplier.com\/fr\/wp-json\/wp\/v2\/media\/4024"}],"wp:attachment":[{"href":"https:\/\/tiesupplier.com\/fr\/wp-json\/wp\/v2\/media?parent=7757"}],"wp:term":[{"taxonomy":"product_cat","embeddable":true,"href":"https:\/\/tiesupplier.com\/fr\/wp-json\/wp\/v2\/product_cat?post=7757"},{"taxonomy":"product_tag","embeddable":true,"href":"https:\/\/tiesupplier.com\/fr\/wp-json\/wp\/v2\/product_tag?post=7757"}],"curies":[{"name":"wp","href":"https:\/\/api.w.org\/{rel}","templated":true}]}}