{"id":7758,"date":"2025-11-25T14:18:36","date_gmt":"2025-11-25T14:18:36","guid":{"rendered":"https:\/\/tiesupplier.com\/product\/ensemble-cravate-homme-en-polyester-de-chine-avec-pince-a-cravate-poche-et-manchette\/"},"modified":"2025-11-25T14:18:36","modified_gmt":"2025-11-25T14:18:36","slug":"ensemble-cravate-homme-en-polyester-de-chine-avec-pince-a-cravate-poche-et-manchette","status":"publish","type":"product","link":"https:\/\/tiesupplier.com\/fr\/product\/ensemble-cravate-homme-en-polyester-de-chine-avec-pince-a-cravate-poche-et-manchette\/","title":{"rendered":"Ensemble cravate homme en polyester de Chine avec pince \u00e0 cravate, poche et manchette."},"content":{"rendered":"<div readability=\"47\">\n<ins class=\"adsbygoogle\" data-ad-client=\"ca-pub-2713617115809499\" data-ad-slot=\"6100242752\" data-ad-format=\"auto\" data-full-width-responsive=\"true\"><\/ins><\/p>\n<p>Ensemble de cravates en polyester<br \/>L&rsquo;ensemble comprend une cravate, une \u00e9charpe, des boutons de manchette, une pince \u00e0 cravate, un coffret cadeau blanc et un sac cadeau.<br \/>Dimensions de la cravate : 146 x 8 x 3,5 cm<br \/>\u00c9charpe carr\u00e9e de 25 x 25 cm<br \/>Taille des boutons de manchette : 1,6 cm<br \/>Dimensions de la bo\u00eete : 16 x 10,5 x 7 cm<br \/>1. Mati\u00e8re : polyester. <br \/>2. Taille de la cravate : 145-148 cm de long, 5-8 cm de large. <br \/>3. Les conceptions personnalis\u00e9es sont accept\u00e9es. <br \/>4. Votre logo peut y \u00eatre imprim\u00e9 ou tiss\u00e9 \u00e0 des fins promotionnelles. <br \/>5. Plus de styles, plus de couleurs au choix <br \/>6,8 ans d&rsquo;exp\u00e9rience dans la conception, la fabrication et l&rsquo;exportation de cravates.<br \/>7. Conditionnement : 1 cravate par sachet plastique. 300 pi\u00e8ces par carton (80 x 34 x 60 cm). 70 000 pi\u00e8ces par conteneur. <\/p>\n<p>Nous avons de nombreux mod\u00e8les en stock ; si vous avez besoin d&rsquo;autres mod\u00e8les, n&rsquo;h\u00e9sitez pas \u00e0 nous contacter.<\/p>\n<p>    <ins class=\"adsbygoogle\" data-ad-layout=\"in-article\" data-ad-format=\"fluid\" data-ad-client=\"ca-pub-2713617115809499\" data-ad-slot=\"5641077753\"><\/ins>\n                            <\/div>\n","protected":false},"excerpt":{"rendered":"<p>Ensemble de cravates en polyesterL&rsquo;ensemble comprend une cravate, une \u00e9charpe, des boutons de manchette, une pince \u00e0 cravate, un coffret cadeau blanc et un sac cadeau.Dimensions de la cravate : 146 x 8 x 3,5 cm\u00c9charpe carr\u00e9e de 25 x 25 cmTaille des boutons de manchette : 1,6 cmDimensions de la bo\u00eete : 16 x [&hellip;]<\/p>\n","protected":false},"featured_media":4029,"comment_status":"open","ping_status":"closed","template":"","meta":[],"product_cat":[111],"product_tag":[],"class_list":["post-7758","product","type-product","status-publish","has-post-thumbnail","hentry","product_cat-tie"],"aioseo_notices":[],"_links":{"self":[{"href":"https:\/\/tiesupplier.com\/fr\/wp-json\/wp\/v2\/product\/7758","targetHints":{"allow":["GET"]}}],"collection":[{"href":"https:\/\/tiesupplier.com\/fr\/wp-json\/wp\/v2\/product"}],"about":[{"href":"https:\/\/tiesupplier.com\/fr\/wp-json\/wp\/v2\/types\/product"}],"replies":[{"embeddable":true,"href":"https:\/\/tiesupplier.com\/fr\/wp-json\/wp\/v2\/comments?post=7758"}],"version-history":[{"count":0,"href":"https:\/\/tiesupplier.com\/fr\/wp-json\/wp\/v2\/product\/7758\/revisions"}],"wp:featuredmedia":[{"embeddable":true,"href":"https:\/\/tiesupplier.com\/fr\/wp-json\/wp\/v2\/media\/4029"}],"wp:attachment":[{"href":"https:\/\/tiesupplier.com\/fr\/wp-json\/wp\/v2\/media?parent=7758"}],"wp:term":[{"taxonomy":"product_cat","embeddable":true,"href":"https:\/\/tiesupplier.com\/fr\/wp-json\/wp\/v2\/product_cat?post=7758"},{"taxonomy":"product_tag","embeddable":true,"href":"https:\/\/tiesupplier.com\/fr\/wp-json\/wp\/v2\/product_tag?post=7758"}],"curies":[{"name":"wp","href":"https:\/\/api.w.org\/{rel}","templated":true}]}}