{"id":7759,"date":"2025-11-25T14:18:35","date_gmt":"2025-11-25T14:18:35","guid":{"rendered":"https:\/\/tiesupplier.com\/product\/cravates-a-fermeture-eclair-colorees-personnalisees-en-polyester-100-vente-en-gros-pour-hommes\/"},"modified":"2025-11-25T14:18:35","modified_gmt":"2025-11-25T14:18:35","slug":"cravates-a-fermeture-eclair-colorees-personnalisees-en-polyester-100-vente-en-gros-pour-hommes","status":"publish","type":"product","link":"https:\/\/tiesupplier.com\/fr\/product\/cravates-a-fermeture-eclair-colorees-personnalisees-en-polyester-100-vente-en-gros-pour-hommes\/","title":{"rendered":"cravates \u00e0 fermeture \u00e9clair color\u00e9es personnalis\u00e9es en polyester 100 % (vente en gros) pour hommes"},"content":{"rendered":"<h3><strong>Description du produit<\/strong><\/h3>\n<table border=\"0\" cellspacing=\"1\">\n<tbody>\n<tr>\n<td data-spm-anchor-id=\"a2700.wholesale.0.i28.54ce77e6nq9der\">Nom du produit<\/td>\n<td>cravates \u00e0 fermeture \u00e9clair color\u00e9es personnalis\u00e9es en polyester 100 % pour hommes, en gros<\/td>\n<\/tr>\n<tr>\n<td>Mat\u00e9riel<\/td>\n<td>polyester<\/td>\n<\/tr>\n<tr>\n<td>Taille<\/td>\n<td data-spm-anchor-id=\"a2700.wholesale.0.i30.54ce77e6nq9der\">50 x 8 cm (19,6 x 3,1 pouces) ou selon les exigences du client<\/td>\n<\/tr>\n<tr>\n<td>MOQ<\/td>\n<td>2 pi\u00e8ces<\/td>\n<\/tr>\n<tr>\n<td>Service<\/td>\n<td>Service ODM et OEM<\/td>\n<\/tr>\n<tr>\n<td>Place des Origines<\/td>\n<td>Zhejiang, Chine<\/td>\n<\/tr>\n<tr>\n<td>Nom de marque<\/td>\n<td>tout neuf<\/td>\n<\/tr>\n<tr>\n<td>Num\u00e9ro de mod\u00e8le<\/td>\n<td data-spm-anchor-id=\"a2700.wholesale.0.i29.54ce77e6nq9der\">PN22<\/td>\n<\/tr>\n<\/tbody>\n<\/table>\n<p>&nbsp;<\/p>\n<h3 style=\"text-align: center;\"><span style=\"color: #ff0000;\">FAQ<\/span><\/h3>\n<div>\n<div>Service avant-vente :<\/div>\n<div data-spm-anchor-id=\"a2700.wholesale.0.i33.54ce77e6nq9der\">1. Qualit\u00e9 sup\u00e9rieure + Prix d&rsquo;usine + R\u00e9ponse rapide + Service fiable : telles sont nos valeurs de travail.<br \/>\n2. Une \u00e9quipe professionnelle et performante de commerce ext\u00e9rieur r\u00e9pond \u00e0 vos demandes et messages commerciaux Alibaba en 12 heures ouvrables ; vous pouvez avoir une confiance totale en notre service.<\/div>\n<\/div>\n<div>\n<div>Q : \u00cates-vous une usine ou une soci\u00e9t\u00e9 commerciale ?<\/div>\n<div>A: Nous sommes un fabricant professionnel. Nous accueillons chaleureusement les clients du monde entier pour visiter notre usine et collaborer avec nous.<\/div>\n<\/div>\n<div>\n<div>Q : Comment puis-je obtenir des \u00e9chantillons et passer une commande ?<\/div>\n<div>A: Nous sommes honor\u00e9s de vous offrir des \u00e9chantillons. Une fois les \u00e9chantillons confirm\u00e9s, un acompte de 50 % est requis avant la production pour les commandes inf\u00e9rieures \u00e0 10 000 USD. Les marchandises seront exp\u00e9di\u00e9es une fois le solde int\u00e9gralement r\u00e9gl\u00e9.<\/div>\n<\/div>\n<div>\n<div>Q : Quel est votre avantage ? Pourquoi nous choisir ?<\/div>\n<div>1) Forts de 20 ans d&rsquo;exp\u00e9rience dans la production et la R&amp;D d&rsquo;accessoires pour hommes, nous disposons des techniques et de l&rsquo;\u00e9quipe les plus professionnelles. Un avantage de prix ind\u00e9niable.<br \/>\n2) Grande capacit\u00e9 de production, approvisionnement durable. Selon les exigences du client, nous prenons en charge la personnalisation de l&#8217;emballage.<br \/>\n3) Nous utilisons des mati\u00e8res premi\u00e8res 100% neuves et le meilleur processus de production, en cons\u00e9quence notre taux de d\u00e9fauts est inf\u00e9rieur \u00e0 0,01%.<\/div>\n<\/div>\n<div><\/div>\n<h3>Qui sommes-nous ?<\/h3>\n<p>Fabricant de cravates \u00e0 logo : Shengzhou Covherlab Garment&amp;Accessories Co., Ltd, situ\u00e9e \u00e0 Shaoxing, dans le Zhejiang, en Chine, est l&rsquo;une des principales usines de cravates en Chine. Notre entreprise principalement produite et commerciale, bas\u00e9e sur le d\u00e9veloppement \u00e0 long terme, mise au point sur la gestion de base et la qualit\u00e9 de la production, \u00e0 un produit complet, sain, apr\u00e8s le service et le syst\u00e8me de logistique. Depuis son \u00e9tablissement, son entreprise adh\u00e8re \u00e0 la philosophie d&rsquo;affaires de la \u00ab gestion int\u00e8gre, du service de haute qualit\u00e9 et du profit pour les clients \u00bb, d\u00e9di\u00e9e \u00e0 fournir des clients avec le meilleur service de qualit\u00e9 et les meilleurs produits de co\u00fbt, et le recours \u00e0 Internet pour vendre des produits de qualit\u00e9 dans le monde.<\/p>\n<p>Nous avons plus de 8 000 pi\u00e8ces de capacit\u00e9 de production pour cravates et autres v\u00eatements par jour. Notre gamme de produits comprend des cravates, des tissus teints en fil pour cravates et v\u00eatements, foulards et mouchoirs, gilets, n\u0153uds papillons et autres accessoires pour porter le cou. Nos produits sont fabriqu\u00e9s par un excellent travail, la qualit\u00e9 sup\u00e9rieure du mat\u00e9riel brut et le haut de gamme. Ensuite, on peut vous offrir le meilleur prix et le prix le plus comp\u00e9titif. Nous sommes tr\u00e8s engag\u00e9s dans l&rsquo;exportation d&rsquo;affaires, nous savons donc ce dont vous avez besoin et pouvons communiquer avec vous professionnellement en anglais. Nos clients viennent de tout le monde. Pour suivre attentivement les tendances internationales les plus populaires, nos designers sont capables de cr\u00e9er 500 nouveaux designs tous les 3 mois pour r\u00e9pondre \u00e0 vos demandes de designs de mode et de couleurs dans le monde. Nous avons \u00e9tabli comme une haute r\u00e9putation de l&rsquo;honn\u00eatet\u00e9, de la fiabilit\u00e9 et de l&rsquo;exp\u00e9rience, que nos clients nous font confiance et que nous voulons garder la collaboration avec nous. Si vous souhaitez de plus amples renseignements sur notre entreprise, nos produits et nos services, veuillez communiquer avec nous ou visiter notre site Web pour plus de d\u00e9tails. Vous serez grandement appr\u00e9ci\u00e9 car nous nous engageons \u00e0 configurer les nouveaux partenaires avec divers amis du monde entier.         <\/p>\n<p>&nbsp;<\/p>\n<h3>Comment personnaliser la chose ?<\/h3>\n<h6><strong><span id=\"w_74\" class=\"\">Pr\u00e9par\u00e9 \u00e0 l&rsquo;avance<\/span><\/strong><\/h6>\n<p>Vous devez pr\u00e9parer le mod\u00e8le, la taille(largeur et longueur), la couleur,<span id=\"w_109\" class=\"\">Textile <\/span><span id=\"w_110\" class=\"\">Technologie : du jacquard mouill\u00e9 ou imprim\u00e9 ;<\/span>et mat\u00e9riel de votre cravate. et le d\u00e9tail ci-joint.<\/p>\n<table class=\"is-zebra all magic-4\">\n<tbody>\n<tr>\n<td colspan=\"1\" rowspan=\"1\">\n<div class=\"magic-5\">\n<div class=\"magic-6\" data-spm-anchor-id=\"0.0.0.i42.49274f0591m7X9\"><b data-spm-anchor-id=\"0.0.0.i28.49274f05avYhT5\"><span class=\"magic-7\">Design, couleur et logo<\/span><\/b><\/div>\n<\/div>\n<\/td>\n<td colspan=\"1\" rowspan=\"1\">\n<div class=\"magic-8\" data-spm-anchor-id=\"a2700.wholesale.0.i19.6f1446fa42s6cd\">\n<div class=\"magic-9\" data-spm-anchor-id=\"0.0.0.i104.49274f05avYhT5\"><span class=\"magic-10\"><span class=\"magic-11\" data-spm-anchor-id=\"0.0.0.i86.49274f05avYhT5\">Bienvenue \u00e0 Customized. <\/span><b class=\"magic-11\" data-spm-anchor-id=\"0.0.0.i226.49274f05avYhT5\"><span class=\"magic-11\">Rendez votre logo unique.<\/span><\/b><\/span><\/div>\n<\/div>\n<\/td>\n<\/tr>\n<tr>\n<td colspan=\"1\" rowspan=\"1\">\n<div class=\"magic-5\">\n<div class=\"magic-6\" data-spm-anchor-id=\"0.0.0.i169.49274f05avYhT5\"><span class=\"magic-12\"><b class=\"magic-11\">Mat\u00e9riel<\/b><\/span><\/div>\n<\/div>\n<\/td>\n<td colspan=\"1\" rowspan=\"1\">\n<div class=\"magic-8\">\n<div class=\"magic-9\" data-spm-anchor-id=\"0.0.0.i199.49274f05avYhT5\"><span class=\"magic-10\"><span class=\"magic-11\">Tissu jacquard en pure soie, imprim\u00e9 en pure soie : serg\u00e9 16 mm, satin 16 mm, m\u00e9langes de soie : soie et coton, soie et viscose, soie et laine, soie et lin, polyester, coton, lin, laine, etc.<b class=\"magic-11\" data-spm-anchor-id=\"0.0.0.i216.49274f05avYhT5\">Grand espace de rangement pour <\/b><\/span><b class=\"magic-11\" data-spm-anchor-id=\"0.0.0.i219.49274f05avYhT5\"><span class=\"magic-11\">Votre s\u00e9lection.<\/span><\/b><\/span><\/div>\n<\/div>\n<\/td>\n<\/tr>\n<tr>\n<td colspan=\"1\" rowspan=\"1\">\n<div class=\"magic-5\">\n<div class=\"magic-6\" data-spm-anchor-id=\"0.0.0.i180.49274f05avYhT5\"><b class=\"magic-11\"><span class=\"magic-12\">Pour moi<\/span><\/b><\/div>\n<\/div>\n<\/td>\n<td colspan=\"1\" rowspan=\"1\">\n<div class=\"magic-8\"><span class=\"magic-10\">Demi-bouteille, bouteille ou bouteille droite.<\/span><\/div>\n<\/td>\n<\/tr>\n<tr>\n<td colspan=\"1\" rowspan=\"1\">\n<div class=\"magic-5\">\n<div class=\"magic-6\"><b class=\"magic-11\" data-spm-anchor-id=\"0.0.0.i182.49274f05avYhT5\"><span class=\"magic-12\">Accessoires<\/span><\/b><\/div>\n<\/div>\n<\/td>\n<td colspan=\"1\" rowspan=\"1\">\n<div class=\"magic-8\"><span class=\"magic-10\"><span class=\"magic-11\" data-spm-anchor-id=\"a2700.wholesale.0.i21.6f1446fa42s6cd\">\u00c9tiquettes de main personnalis\u00e9es, \u00e9tiquettes de s\u00e9curit\u00e9, codes-barres, autocollants, sacs \u00e0 main, bo\u00eete de cadeaux, etc. <\/span><span class=\"magic-11\"><b class=\"magic-11\" data-spm-anchor-id=\"0.0.0.i241.49274f05avYhT5\">Acceptez vos demandes sp\u00e9ciales, vous permettant d&rsquo;\u00e9conomiser du temps et des soucis.<\/b><\/span><\/span><\/div>\n<\/td>\n<\/tr>\n<tr>\n<td colspan=\"1\" rowspan=\"1\">\n<div class=\"magic-5\">\n<div class=\"magic-6\"><b class=\"magic-11\"><span class=\"magic-12\"> Fonctions<\/span><\/b><\/div>\n<\/div>\n<\/td>\n<td colspan=\"1\" rowspan=\"1\">\n<div class=\"magic-8\" data-spm-anchor-id=\"a2700.wholesale.0.i20.6f1446fa42s6cd\"><span class=\"magic-10\">\u00c0 l&rsquo;aide de mariages,<span class=\"magic-11\">Rencontre, Parti, etc.<\/span><\/span><\/div>\n<\/td>\n<\/tr>\n<tr>\n<td colspan=\"1\" rowspan=\"1\">\n<div class=\"magic-5\">\n<div class=\"magic-6\"><b class=\"magic-11\"><span class=\"magic-12\"> \u0152uvre d&rsquo;art<\/span><\/b><\/div>\n<\/div>\n<\/td>\n<td colspan=\"1\" rowspan=\"1\">\n<div class=\"magic-8\"><span class=\"magic-10\"><span class=\"magic-11\">Les fichiers de conception au format AI, CDR, PDF, JPG. <\/span><b class=\"magic-11\" data-spm-anchor-id=\"0.0.0.i245.49274f05avYhT5\"><span class=\"magic-11\">Transformez votre bonne id\u00e9e en r\u00e9alit\u00e9.<\/span><\/b><\/span><\/div>\n<\/td>\n<\/tr>\n<tr>\n<td colspan=\"1\" rowspan=\"1\">\n<div class=\"magic-5\">\n<div class=\"magic-6\"><b class=\"magic-11\"><span class=\"magic-12\">Avantages <\/span><\/b><\/div>\n<\/div>\n<\/td>\n<td colspan=\"1\" rowspan=\"1\">\n<div class=\"magic-8\"><span class=\"magic-10\"><b class=\"magic-11\" data-spm-anchor-id=\"0.0.0.i19.49274f0591m7X9\">Personnalisez chaque cravate avec votre propre design<\/b><\/span><\/div>\n<\/td>\n<\/tr>\n<tr>\n<td colspan=\"1\" rowspan=\"1\">\n<div class=\"magic-5\">\n<div class=\"magic-6\"><b class=\"magic-11\"><span class=\"magic-12\"> Emballage<\/span><\/b><\/div>\n<\/div>\n<\/td>\n<td colspan=\"1\" rowspan=\"1\">\n<div class=\"magic-8\"><span class=\"magic-10\">Une pi\u00e8ce dans un poly bag, 100 pi\u00e8ces \/ bo\u00eete int\u00e9rieure, 3 bo\u00eetes int\u00e9rieures dans un carton avec sac \u00e9tanche. <b class=\"magic-11\" data-spm-anchor-id=\"0.0.0.i258.49274f05avYhT5\"><span class=\"magic-11\" data-spm-anchor-id=\"a2700.wholesale.0.i24.6f1446fa42s6cd\">Fais ce que tu veux, pense \u00e0 ce qui te tient \u00e0 c\u0153ur.<\/span><\/b><\/span><\/div>\n<\/td>\n<\/tr>\n<tr>\n<td colspan=\"1\" rowspan=\"1\">\n<div class=\"magic-5\">\n<div class=\"magic-6\"><b class=\"magic-11\"><span class=\"magic-12\">Taille<\/span><\/b><\/div>\n<\/div>\n<\/td>\n<td colspan=\"1\" rowspan=\"1\">\n<div class=\"magic-8\"><span class=\"magic-10\" data-spm-anchor-id=\"a2700.wholesale.0.i23.6f1446fa42s6cd\">(Largeur 4 \u2013 9)CM, (110 \u2013 165)CM Longueur &#8211; Selon la demande sp\u00e9cifique des clients.<b class=\"magic-11\"><span class=\"magic-11\">Faites<\/span><\/b><span class=\"magic-11\"><b class=\"magic-11\" data-spm-anchor-id=\"0.0.0.i1.49274f05t2z7C8\">Taille \u00e9quilibr\u00e9e pour s&rsquo;agencer \u00e0 votre cou<\/b><\/span><\/span><\/div>\n<\/td>\n<\/tr>\n<tr>\n<td colspan=\"1\" rowspan=\"1\">\n<div class=\"magic-5\">\n<div class=\"magic-6\"><b class=\"magic-11\"><span class=\"magic-12\">Exemple de co\u00fbt<\/span><\/b><\/div>\n<\/div>\n<\/td>\n<td colspan=\"1\" rowspan=\"1\">\n<div class=\"magic-8\"><span class=\"magic-10\">Exemple d&rsquo;\u00e9chantillon disponible gratuitement. <b class=\"magic-11\" data-spm-anchor-id=\"0.0.0.i269.49274f05avYhT5\"><span class=\"magic-11\">Vous avez juste besoin de payer pour les frais d\u2019exp\u00e9dition DHL.<\/span><\/b><\/span><\/div>\n<\/td>\n<\/tr>\n<tr>\n<td colspan=\"1\" rowspan=\"1\">\n<div class=\"magic-5\">\n<div class=\"magic-6\"><b class=\"magic-11\"><span class=\"magic-12\">Temps d&rsquo;\u00e9chantillonnage et temps de traitement en masse<\/span><\/b><\/div>\n<\/div>\n<\/td>\n<td colspan=\"1\" rowspan=\"1\">\n<div class=\"magic-8\"><span class=\"magic-10\">D\u00e9lai d&rsquo;\u00e9chantillonnage : environ 7 \u00e0 15 jours ouvrables ; d\u00e9lai de production en s\u00e9rie : environ 4 \u00e0 6 semaines. <span class=\"magic-11\"><b class=\"magic-11\" data-spm-anchor-id=\"0.0.0.i24.49274f0591m7X9\">Notre professionnel, Votre Satisfaction.<\/b><\/span><\/span><\/div>\n<\/td>\n<\/tr>\n<tr>\n<td colspan=\"1\" rowspan=\"1\">\n<div class=\"magic-5\">\n<div class=\"magic-6\" data-spm-anchor-id=\"0.0.0.i67.49274f0591m7X9\"><b class=\"magic-11\"><span class=\"magic-12\">MOQ <\/span><\/b><\/div>\n<\/div>\n<\/td>\n<td colspan=\"1\" rowspan=\"1\">\n<div class=\"magic-8\" data-spm-anchor-id=\"a2700.wholesale.0.i25.6f1446fa42s6cd\"><span class=\"magic-10\">50 pi\u00e8ces. <b class=\"magic-11\" data-spm-anchor-id=\"0.0.0.i277.49274f05avYhT5\"><span class=\"magic-11\">Faible quantit\u00e9 minimale de commande pour \u00e9viter le gaspillage inutile de vos produits et de votre argent.<\/span><\/b><\/span><\/div>\n<\/td>\n<\/tr>\n<tr>\n<td colspan=\"1\" rowspan=\"1\">\n<div class=\"magic-5\">\n<div class=\"magic-6\"><b class=\"magic-11\"><span class=\"magic-12\">Modalit\u00e9s de paiement<\/span><\/b><\/div>\n<\/div>\n<\/td>\n<td colspan=\"1\" rowspan=\"1\">\n<div class=\"magic-8\" data-spm-anchor-id=\"a2700.wholesale.0.i17.6f1446fa42s6cd\"><span class=\"magic-10\" data-spm-anchor-id=\"a2700.wholesale.0.i18.6f1446fa42s6cd\">T\/T, Western Union, Cash, PayPal, Assurance commerciale, autres peuvent \u00eatre n\u00e9goci\u00e9s. <span class=\"magic-11\"><b class=\"magic-11\" data-spm-anchor-id=\"0.0.0.i29.49274f0591m7X9\">Seulement 30 % d&rsquo;acompte, optimisez votre capital flottant.<\/b><\/span><\/span><\/div>\n<\/td>\n<\/tr>\n<tr>\n<td colspan=\"1\" rowspan=\"1\">\n<div class=\"magic-5\">\n<div class=\"magic-6\"><b class=\"magic-11\" data-spm-anchor-id=\"0.0.0.i184.49274f05avYhT5\"><span class=\"magic-12\">Exp\u00e9dition<\/span><\/b><\/div>\n<\/div>\n<\/td>\n<td colspan=\"1\" rowspan=\"1\">\n<div class=\"magic-8\"><span class=\"magic-10\"><span class=\"magic-11\">Par Air ou DHL ou Mer. Si Choisissez par DHL<\/span> <b class=\"magic-11\" data-spm-anchor-id=\"0.0.0.i288.49274f05avYhT5\"><span class=\"magic-11\">C&rsquo;est plus rapide comme si vous achetez au march\u00e9 local.<\/span><\/b><\/span><\/div>\n<\/td>\n<\/tr>\n<tr>\n<td colspan=\"2\" rowspan=\"1\">\n<div class=\"magic-13\" data-spm-anchor-id=\"a2700.wholesale.0.i26.6f1446fa42s6cd\"><span class=\"magic-14\">cravates, cravates pour hommes, cravates ma\u00e7onniques, cravates scolaires, cravates de cou, cravates \u00e0 fleurs, cravates, cravates pour hommes, cravate de cou, cravates de luxe, cravate en soie personnalis\u00e9e, cravate<br \/>\nCravate noire, coffret cadeau, cravate homme, cravates en soie homme, cravates homme, cravate en soie, cravate avec logo personnalis\u00e9, cravates en soie homme personnalis\u00e9es, cravate de bureau, cravate en soie faite main, cravate en soie \u00e0 motif cachemire, cravates par sublimation, cravate pour homme, cravate en soie de Shengzhou, ensemble de cravates personnalisable, cravate de haute qualit\u00e9, cravate chinoise.<\/span><\/div>\n<\/td>\n<\/tr>\n<\/tbody>\n<\/table>\n","protected":false},"excerpt":{"rendered":"<p>Nous sommes Manufacture situ\u00e9e en Chine. Si vous voulez acheter un stock de cravates dans le dernier prix, vous pouvez vous renseigner ci-dessous. <\/p>\n<p>Si vous avez besoin d&rsquo;une commande personnalis\u00e9e, ou d&rsquo;un ordre OEM\/ODM, envoyez votre design par EMAIL.<\/p>\n<p>Courriel :<a href=\"mailto:supply@tiesupplier.com\">supply@tiesupplier.com<\/a><\/p>\n","protected":false},"featured_media":3866,"comment_status":"open","ping_status":"closed","template":"","meta":[],"product_cat":[111],"product_tag":[363,360,362,361,358,112,113],"class_list":["post-7759","product","type-product","status-publish","has-post-thumbnail","hentry","product_cat-tie","product_tag-cravate","product_tag-cravate-a-rayures","product_tag-cravate-en-microfibre","product_tag-cravate-en-polyester","product_tag-cravate-personnalisee","product_tag-neck-tie","product_tag-wholesale-tie","pa_material-polyester"],"aioseo_notices":[],"_links":{"self":[{"href":"https:\/\/tiesupplier.com\/fr\/wp-json\/wp\/v2\/product\/7759","targetHints":{"allow":["GET"]}}],"collection":[{"href":"https:\/\/tiesupplier.com\/fr\/wp-json\/wp\/v2\/product"}],"about":[{"href":"https:\/\/tiesupplier.com\/fr\/wp-json\/wp\/v2\/types\/product"}],"replies":[{"embeddable":true,"href":"https:\/\/tiesupplier.com\/fr\/wp-json\/wp\/v2\/comments?post=7759"}],"version-history":[{"count":0,"href":"https:\/\/tiesupplier.com\/fr\/wp-json\/wp\/v2\/product\/7759\/revisions"}],"wp:featuredmedia":[{"embeddable":true,"href":"https:\/\/tiesupplier.com\/fr\/wp-json\/wp\/v2\/media\/3866"}],"wp:attachment":[{"href":"https:\/\/tiesupplier.com\/fr\/wp-json\/wp\/v2\/media?parent=7759"}],"wp:term":[{"taxonomy":"product_cat","embeddable":true,"href":"https:\/\/tiesupplier.com\/fr\/wp-json\/wp\/v2\/product_cat?post=7759"},{"taxonomy":"product_tag","embeddable":true,"href":"https:\/\/tiesupplier.com\/fr\/wp-json\/wp\/v2\/product_tag?post=7759"}],"curies":[{"name":"wp","href":"https:\/\/api.w.org\/{rel}","templated":true}]}}