{"id":7760,"date":"2025-11-25T14:18:35","date_gmt":"2025-11-25T14:18:35","guid":{"rendered":"https:\/\/tiesupplier.com\/product\/mouchoir-de-poche-en-polyester-tendance-pour-homme\/"},"modified":"2025-11-25T14:18:35","modified_gmt":"2025-11-25T14:18:35","slug":"mouchoir-de-poche-en-polyester-tendance-pour-homme","status":"publish","type":"product","link":"https:\/\/tiesupplier.com\/fr\/product\/mouchoir-de-poche-en-polyester-tendance-pour-homme\/","title":{"rendered":"Mouchoir de poche en polyester tendance pour homme"},"content":{"rendered":"<table class=\"has-title all magic-4\">\n<tbody>\n<tr>\n<td colspan=\"1\" rowspan=\"1\">\n<div class=\"magic-5\" data-spm-anchor-id=\"a2700.details.0.i28.2d46101f93HDNM\">article<\/div>\n<\/td>\n<td colspan=\"1\" rowspan=\"1\">\n<div class=\"magic-6\">valeur<\/div>\n<\/td>\n<\/tr>\n<tr>\n<td colspan=\"1\" rowspan=\"1\">\n<div class=\"magic-5\">Vacances<\/div>\n<\/td>\n<td colspan=\"1\" rowspan=\"1\">\n<div class=\"magic-6\">F\u00eate des M\u00e8res, F\u00eate des P\u00e8res, Nouvel An chinois, No\u00ebl, P\u00e2ques, Thanksgiving, Halloween, Naissance d&rsquo;un b\u00e9b\u00e9, A\u00efd, Oktoberfest, Nouvel An, Saint-Valentin<\/div>\n<\/td>\n<\/tr>\n<tr>\n<td colspan=\"1\" rowspan=\"1\">\n<div class=\"magic-5\">Saison<\/div>\n<\/td>\n<td colspan=\"1\" rowspan=\"1\">\n<div class=\"magic-6\">Tous les jours<\/div>\n<\/td>\n<\/tr>\n<tr>\n<td colspan=\"1\" rowspan=\"1\">\n<div class=\"magic-5\">Espace de la pi\u00e8ce<\/div>\n<\/td>\n<td colspan=\"1\" rowspan=\"1\">\n<div class=\"magic-6\" data-spm-anchor-id=\"a2700.details.0.i30.2d46101f93HDNM\">Bureau, comptoir, cuisine, patio, placard, salle de bain, chambre, salle \u00e0 manger, chambre d&rsquo;\u00e9tudiant, entr\u00e9e, int\u00e9rieur et ext\u00e9rieur, salon, chambre d&rsquo;enfant, bureau, couloir, ext\u00e9rieur, salle de soins pour b\u00e9b\u00e9s, buanderie<\/div>\n<\/td>\n<\/tr>\n<tr>\n<td colspan=\"1\" rowspan=\"1\">\n<div class=\"magic-5\">Mat\u00e9riel<\/div>\n<\/td>\n<td colspan=\"1\" rowspan=\"1\">\n<div class=\"magic-6\">100 % polyester<\/div>\n<\/td>\n<\/tr>\n<tr>\n<td colspan=\"1\" rowspan=\"1\">\n<div class=\"magic-5\">Style<\/div>\n<\/td>\n<td colspan=\"1\" rowspan=\"1\">\n<div class=\"magic-6\">Casual<\/div>\n<\/td>\n<\/tr>\n<tr>\n<td colspan=\"1\" rowspan=\"1\">\n<div class=\"magic-5\">Mod\u00e8le<\/div>\n<\/td>\n<td colspan=\"1\" rowspan=\"1\">\n<div class=\"magic-6\">FIL TEINT<\/div>\n<\/td>\n<\/tr>\n<tr>\n<td colspan=\"1\" rowspan=\"1\">\n<div class=\"magic-5\">Age Group<\/div>\n<\/td>\n<td colspan=\"1\" rowspan=\"1\">\n<div class=\"magic-6\">Adultes<\/div>\n<\/td>\n<\/tr>\n<tr>\n<td colspan=\"1\" rowspan=\"1\">\n<div class=\"magic-5\">Technique<\/div>\n<\/td>\n<td colspan=\"1\" rowspan=\"1\">\n<div class=\"magic-6\">woven<\/div>\n<\/td>\n<\/tr>\n<tr>\n<td colspan=\"1\" rowspan=\"1\">\n<div class=\"magic-5\">Genre<\/div>\n<\/td>\n<td colspan=\"1\" rowspan=\"1\">\n<div class=\"magic-6\">hommes<\/div>\n<\/td>\n<\/tr>\n<tr>\n<td colspan=\"1\" rowspan=\"1\">\n<div class=\"magic-5\">Taille<\/div>\n<\/td>\n<td colspan=\"1\" rowspan=\"1\">\n<div class=\"magic-6\">comme vous le souhaitez<\/div>\n<\/td>\n<\/tr>\n<tr>\n<td colspan=\"1\" rowspan=\"1\">\n<div class=\"magic-5\">Place des Origines<\/div>\n<\/td>\n<td colspan=\"1\" rowspan=\"1\">\n<div class=\"magic-6\">Chine<\/div>\n<\/td>\n<\/tr>\n<tr>\n<td colspan=\"1\" rowspan=\"1\">\n<div class=\"magic-5\"><\/div>\n<\/td>\n<td colspan=\"1\" rowspan=\"1\">\n<div class=\"magic-6\">Zhejiang<\/div>\n<\/td>\n<\/tr>\n<tr>\n<td colspan=\"1\" rowspan=\"1\">\n<div class=\"magic-5\">Nom de marque<\/div>\n<\/td>\n<td colspan=\"1\" rowspan=\"1\">\n<div class=\"magic-6\">boyi<\/div>\n<\/td>\n<\/tr>\n<tr>\n<td colspan=\"1\" rowspan=\"1\">\n<div class=\"magic-5\">Num\u00e9ro de mod\u00e8le<\/div>\n<\/td>\n<td colspan=\"1\" rowspan=\"1\">\n<div class=\"magic-6\">reco-371<\/div>\n<\/td>\n<\/tr>\n<tr>\n<td colspan=\"1\" rowspan=\"1\">\n<div class=\"magic-5\">Trier<\/div>\n<\/td>\n<td colspan=\"1\" rowspan=\"1\">\n<div class=\"magic-6\">pochette en polyester<\/div>\n<\/td>\n<\/tr>\n<tr>\n<td colspan=\"1\" rowspan=\"1\">\n<div class=\"magic-5\">Taille<\/div>\n<\/td>\n<td colspan=\"1\" rowspan=\"1\">\n<div class=\"magic-6\">25 x 25 cm (en option) ou selon votre demande<\/div>\n<\/td>\n<\/tr>\n<tr>\n<td colspan=\"1\" rowspan=\"1\">\n<div class=\"magic-5\">Couleur<\/div>\n<\/td>\n<td colspan=\"1\" rowspan=\"1\">\n<div class=\"magic-6\">Des couleurs de base sont disponibles<\/div>\n<\/td>\n<\/tr>\n<tr>\n<td colspan=\"1\" rowspan=\"1\">\n<div class=\"magic-5\">Saison<\/div>\n<\/td>\n<td colspan=\"1\" rowspan=\"1\">\n<div class=\"magic-6\">Toutes les saisons<\/div>\n<\/td>\n<\/tr>\n<tr>\n<td colspan=\"1\" rowspan=\"1\">\n<div class=\"magic-5\">Finition<\/div>\n<\/td>\n<td colspan=\"1\" rowspan=\"1\">\n<div class=\"magic-6\">Finition de tissu tiss\u00e9 color\u00e9<\/div>\n<\/td>\n<\/tr>\n<tr>\n<td colspan=\"1\" rowspan=\"1\">\n<div class=\"magic-5\">Mod\u00e8le<\/div>\n<\/td>\n<td colspan=\"1\" rowspan=\"1\">\n<div class=\"magic-6\">\u00e0 pois, \u00e0 carreaux, \u00e0 rayures<\/div>\n<\/td>\n<\/tr>\n<tr>\n<td colspan=\"1\" rowspan=\"1\">\n<div class=\"magic-5\">Exp\u00e9dition<\/div>\n<\/td>\n<td colspan=\"1\" rowspan=\"1\">\n<div class=\"magic-6\">Par courrier express, maritime ou a\u00e9rien<\/div>\n<\/td>\n<\/tr>\n<tr>\n<td colspan=\"1\" rowspan=\"1\">\n<div class=\"magic-5\">Temps d&rsquo;\u00e9chantillonnage<\/div>\n<\/td>\n<td colspan=\"1\" rowspan=\"1\">\n<div class=\"magic-6\">5 \u00e0 7 jours<\/div>\n<\/td>\n<\/tr>\n<tr>\n<td colspan=\"1\" rowspan=\"1\">\n<div class=\"magic-5\">Temps de production<\/div>\n<\/td>\n<td colspan=\"1\" rowspan=\"1\">\n<div class=\"magic-6\">12-14 jours<\/div>\n<\/td>\n<\/tr>\n<tr>\n<td colspan=\"1\" rowspan=\"1\">\n<div class=\"magic-5\">Nom du produit<\/div>\n<\/td>\n<td colspan=\"1\" rowspan=\"1\">\n<div class=\"magic-6\">Pochette de costume en polyester pour homme<\/div>\n<\/td>\n<\/tr>\n<\/tbody>\n<\/table>\n<h3><strong>FAQ<\/strong><\/h3>\n<ol>\n<li><strong>Conception.<\/strong>Nous r\u00e9alisons des cravates sur mesure, qui respectent votre culture d&rsquo;entreprise, votre logo, votre utilisation et votre image.<\/li>\n<li><span data-spm-anchor-id=\"a2700.details.0.i32.5b265b35tzF1DR\"><strong>Usine.<\/strong> Nous poss\u00e9dons notre propre usine de cravates. Nous sommes un fabricant de cravates en Chine. (Qualit\u00e9 de marque, prix d&rsquo;usine)  <\/span><\/li>\n<li><strong>Exp\u00e9rience.<\/strong> Nous fabriquons des cravates pour hommes depuis 14 ans. (30 artisans cravates ont 20 ans d&rsquo;exp\u00e9rience dans la fabrication de cravates.) <\/li>\n<li><strong>MOQ.<\/strong> Nous pouvons fabriquer 30 cravates pour hommes par couleur.<\/li>\n<li><strong>Livraison :<\/strong>Livraison rapide et \u00e9conomique de cravates. Suivi disponible. (\u00c9chantillons : 7 jours. Commandes en gros : 2 \u00e0 4 semaines)  <\/li>\n<li><strong>Qualit\u00e9:<\/strong>Nous avons un syst\u00e8me de contr\u00f4le qualit\u00e9 rigoureux pour nos cravates : v\u00e9rification du tissu, v\u00e9rification de la coupe, v\u00e9rification de l\u2019emballage. <\/li>\n<li data-spm-anchor-id=\"a2700.details.0.i30.5b265b35tzF1DR\"><strong>OEM et ODM,<\/strong>Nous pouvons ins\u00e9rer l&rsquo;\u00e9tiquette de votre cravate \u00e0 l&rsquo;int\u00e9rieur de celle-ci.<\/li>\n<li><strong>Service : <\/strong>R\u00e9ponse rapide \u00e0 votre demande concernant les cravates, \u00e9quipe de travail professionnelle et excellent service.<\/li>\n<li data-spm-anchor-id=\"a2700.details.0.i31.5b265b35tzF1DR\"><strong>Certificat.<\/strong> Nous poss\u00e9dons les rapports de test SGS et Intertek pour le tissu de nos cravates. Toutes nos cravates sont conformes aux normes \u00ab sans azo\u00efques \u00bb et r\u00e9pondent aux autres exigences des tests. <\/li>\n<li data-spm-anchor-id=\"a2700.details.0.i29.5b265b35tzF1DR\"><strong>Exporter.<\/strong> Notre propre marque d&rsquo;exportation de cravates existe depuis 10 ans et nous exportons vers plus de 40 pays. <\/li>\n<\/ol>\n<table border=\"2\" width=\"962\" cellspacing=\"0\" cellpadding=\"0\">\n<tbody>\n<tr>\n<td height=\"31\" data-spm-anchor-id=\"a2700.wholesale.0.i21.612c71535Y8m7B\">ARTICLE<\/td>\n<td>Quantit\u00e9<\/td>\n<td>GOUSSET<\/td>\n<td>Num\u00e9rique<\/td>\n<td>Exemple de frais<\/td>\n<td> d\u00e9lai de mise en \u0153uvre<\/td>\n<\/tr>\n<tr>\n<td rowspan=\"6\" height=\"122\">polyester<br \/>\n(cravate scolaire)<br \/>\nfait \u00e0 la machine<br \/>\n960 broches<\/td>\n<td>50 pi\u00e8ces<\/td>\n<td>1,70 $<\/td>\n<td><\/td>\n<td rowspan=\"6\">15,00 $<\/td>\n<td rowspan=\"6\">7 jours<\/td>\n<\/tr>\n<tr>\n<td height=\"19\">100 pi\u00e8ces<\/td>\n<td>1,50 $<\/td>\n<td><\/td>\n<\/tr>\n<tr>\n<td height=\"22\">300 pi\u00e8ces<\/td>\n<td>1,30 $<\/td>\n<td><\/td>\n<\/tr>\n<tr>\n<td height=\"19\">500 pi\u00e8ces<\/td>\n<td>1,10 $<\/td>\n<td><\/td>\n<\/tr>\n<tr>\n<td height=\"21\">1000 pi\u00e8ces<\/td>\n<td>0,80 $<\/td>\n<td><\/td>\n<\/tr>\n<tr>\n<td height=\"21\">2000 pi\u00e8ces<\/td>\n<td>0,70 $<\/td>\n<td><\/td>\n<\/tr>\n<tr>\n<td rowspan=\"7\" height=\"148\">polyester imprim\u00e9<\/td>\n<td>50 pi\u00e8ces<\/td>\n<td>3,00 $<\/td>\n<td>3,00 $<\/td>\n<td rowspan=\"3\">s\u00e9rigraphie imprim\u00e9e<br \/>\n30 USD par \u00e9cran<\/td>\n<td rowspan=\"3\">10 jours<\/td>\n<\/tr>\n<tr>\n<td height=\"21\">100 pi\u00e8ces<\/td>\n<td>2,50 $<\/td>\n<td>2,50 $<\/td>\n<\/tr>\n<tr>\n<td height=\"21\">300 pi\u00e8ces<\/td>\n<td>1,50 $<\/td>\n<td>1,80 $<\/td>\n<\/tr>\n<tr>\n<td height=\"21\">500 pi\u00e8ces<\/td>\n<td>1,20 $<\/td>\n<td>1,50 $<\/td>\n<td rowspan=\"4\">impression num\u00e9rique<br \/>\n100 USD par mod\u00e8le<\/td>\n<td rowspan=\"4\">7 jours<\/td>\n<\/tr>\n<tr>\n<td height=\"21\">1000 pi\u00e8ces<\/td>\n<td>1,10 $<\/td>\n<td>1,30 $<\/td>\n<\/tr>\n<tr>\n<td height=\"20\">2000 pi\u00e8ces<\/td>\n<td>1,00 $<\/td>\n<td>1,20 $<\/td>\n<\/tr>\n<tr>\n<td height=\"23\">3000 pi\u00e8ces<\/td>\n<td>0,90 $<\/td>\n<td>1,10 $<\/td>\n<\/tr>\n<tr>\n<td rowspan=\"8\" height=\"161\"> microfibre<br \/>\n(club, entreprise)<br \/>\nfait main<br \/>\n1200 broches<\/td>\n<td>50 pi\u00e8ces<\/td>\n<td>2,40 $<\/td>\n<td><\/td>\n<td rowspan=\"8\">15,00 $<\/td>\n<td rowspan=\"14\"> 7 jours<\/td>\n<\/tr>\n<tr>\n<td height=\"19\">100 pi\u00e8ces<\/td>\n<td>2,10 $<\/td>\n<td><\/td>\n<\/tr>\n<tr>\n<td height=\"23\">200 pi\u00e8ces<\/td>\n<td>1,90 $<\/td>\n<td><\/td>\n<\/tr>\n<tr>\n<td height=\"19\">300 pi\u00e8ces<\/td>\n<td>1,80 $<\/td>\n<td><\/td>\n<\/tr>\n<tr>\n<td height=\"19\">500 pi\u00e8ces<\/td>\n<td>1,60 $<\/td>\n<td><\/td>\n<\/tr>\n<tr>\n<td height=\"19\">1000 pi\u00e8ces<\/td>\n<td>1,40 $<\/td>\n<td><\/td>\n<\/tr>\n<tr>\n<td height=\"19\">2000 pi\u00e8ces<\/td>\n<td>1,35 $<\/td>\n<td><\/td>\n<\/tr>\n<tr>\n<td height=\"20\">3000 pi\u00e8ces<\/td>\n<td>1,30 $<\/td>\n<td><\/td>\n<\/tr>\n<tr>\n<td rowspan=\"6\" height=\"115\">Soie<br \/>\ncravate faite \u00e0 la main<br \/>\n1200 broches<\/td>\n<td>50 pi\u00e8ces<\/td>\n<td>4,90 $<\/td>\n<td><\/td>\n<td rowspan=\"6\">30,00 $<\/td>\n<\/tr>\n<tr>\n<td height=\"19\">100 pi\u00e8ces<\/td>\n<td>4,70 $<\/td>\n<td><\/td>\n<\/tr>\n<tr>\n<td height=\"19\">300 pi\u00e8ces<\/td>\n<td>4,50 $<\/td>\n<td><\/td>\n<\/tr>\n<tr>\n<td height=\"19\">500 pi\u00e8ces<\/td>\n<td>4,45 $<\/td>\n<td><\/td>\n<\/tr>\n<tr>\n<td height=\"19\">1000 pi\u00e8ces<\/td>\n<td>4,40 $<\/td>\n<td><\/td>\n<\/tr>\n<tr>\n<td height=\"20\">2000 pi\u00e8ces<\/td>\n<td>4,35 $<\/td>\n<td><\/td>\n<\/tr>\n<tr>\n<td rowspan=\"6\" height=\"115\">s\u00e9rigraphie imprim\u00e9e<\/td>\n<td>50 pi\u00e8ces<\/td>\n<td>4,90 $<\/td>\n<td>4,90 $<\/td>\n<td rowspan=\"3\">s\u00e9rigraphie imprim\u00e9e<br \/>\n30 USD par \u00e9cran<\/td>\n<td rowspan=\"3\">10 jours<\/td>\n<\/tr>\n<tr>\n<td height=\"19\">100 pi\u00e8ces<\/td>\n<td>4,00 $<\/td>\n<td>4,20 $<\/td>\n<\/tr>\n<tr>\n<td height=\"19\">300 pi\u00e8ces<\/td>\n<td>3,50 $<\/td>\n<td>3,70 $<\/td>\n<\/tr>\n<tr>\n<td height=\"19\">500 pi\u00e8ces<\/td>\n<td>3,30 $<\/td>\n<td>3,50 $<\/td>\n<td rowspan=\"3\">impression num\u00e9rique<br \/>\n100 USD par mod\u00e8le<\/td>\n<td rowspan=\"3\">7 jours<\/td>\n<\/tr>\n<tr>\n<td height=\"19\">1000 pi\u00e8ces<\/td>\n<td>3,20 $<\/td>\n<td data-spm-anchor-id=\"a2700.wholesale.0.i31.612c71535Y8m7B\">3,40 $<\/td>\n<\/tr>\n<tr>\n<td height=\"20\">2000 pi\u00e8ces<\/td>\n<td>3,10 $<\/td>\n<td>3,30 $<\/td>\n<\/tr>\n<tr>\n<td rowspan=\"7\" height=\"134\">Fret en Europe<br \/>\nLivraison DHL porte \u00e0 porte<br \/>\ncravates<\/td>\n<td>50 pi\u00e8ces<\/td>\n<td>2,00 USD\/pi\u00e8ce<\/td>\n<td><\/td>\n<td><\/td>\n<td><\/td>\n<\/tr>\n<tr>\n<td height=\"19\">100 pi\u00e8ces<\/td>\n<td>1,50 USD\/pi\u00e8ce<\/td>\n<td><\/td>\n<td><\/td>\n<td><\/td>\n<\/tr>\n<tr>\n<td height=\"19\">200 pi\u00e8ces<\/td>\n<td>1,20 USD\/pi\u00e8ce<\/td>\n<td><\/td>\n<td><\/td>\n<td><\/td>\n<\/tr>\n<tr>\n<td height=\"19\">300 pi\u00e8ces<\/td>\n<td>0,90 USD\/pi\u00e8ce<\/td>\n<td><\/td>\n<td><\/td>\n<td><\/td>\n<\/tr>\n<tr>\n<td height=\"19\">500 pi\u00e8ces<\/td>\n<td>0,70 USD\/pi\u00e8ce<\/td>\n<td><\/td>\n<td><\/td>\n<td><\/td>\n<\/tr>\n<tr>\n<td height=\"19\">1000 pi\u00e8ces<\/td>\n<td>0,65 USD\/pi\u00e8ce<\/td>\n<td><\/td>\n<td><\/td>\n<td><\/td>\n<\/tr>\n<tr>\n<td height=\"20\">2000 pi\u00e8ces<\/td>\n<td>0,60 USD\/pi\u00e8ce<\/td>\n<td><\/td>\n<td><\/td>\n<td><\/td>\n<\/tr>\n<\/tbody>\n<\/table>\n<div>\n<p><strong><span data-spm-anchor-id=\"a2700.wholesale.0.i41.612c71535Y8m7B\">How to order<\/span><\/strong><\/p>\n<\/div>\n<div>\n<ol>\n<li>21545Design:Send4545555555555555555555555555555555555555555555555555 us yo<strong>ur desi<\/strong>gn artwork by JPG file(make sure it\u2019s a high definition file<\/li>\n<li><strong>Fabric Confirmation:<\/strong>Make decision for the material use, we provide: silk woven,1200 needle polyester woven,2400 needle polyester woven,960 needle polyester woven, silk printed, polyester printed.<\/li>\n<li data-spm-anchor-id=\"a2700.wholesale.0.i40.612c71535Y8m7B\"><strong>Making:<\/strong>Select one from our two making method: handmade or machine made. Machine made usually for school tie, it is much more durable. <\/li>\n<li><strong>Quote:<\/strong>Give us your target order quantity, we offer the best factory price for you.<\/li>\n<li>After Sale Service:If there\u2019s any quality problem or question, please contact us immediately with in two month, we will help solv-ing the problem for free.Payment:After <strong> we confirm the price, there are various method for you to make the payment. We recommendbbbbbbbbbbbbbbbbbbbbbbbbbbbbbbbbbbbbbbbbbbbbbbbbbbbbbbbbbbbbbbbbbbbbbbbb<\/strong> you to pay via PayPal ,Western Union,Money Pro-gram,or Ali pay for sampling and T\/T for production.gf <\/li>\n<li><strong>Sampling:<\/strong>After we receive the payment, we will arrange sam-pling ASAP. It normally takin 7-10 days. <\/li>\n<li><strong>Delivery:<\/strong>We use international express as our sample delivery solution, it will normally arrive you in 3-7 work days in high efficien-cy; as for production, we will use air or ship as an economical way.<\/li>\n<li><strong>After Sale Service:<\/strong>If there\u2019s any quality problem or question, please contact us immediately with in two month, we will help solv-ing the problem for free.<\/li>\n<\/ol>\n<div>\n<p><strong><span data-spm-anchor-id=\"a2700.wholesale.0.i43.612c71535Y8m7B\">FAQ<\/span><\/strong><\/p>\n<\/div>\n<div>\n<ul>\n<li><strong>What kinds of material can you use for tie?<\/strong>\n<ul>\n<li>we provide: silk woven,1200 needle polyester woven,2400 needle polyester woven,960 needle polyester woven, silk printed, polyester printed.<\/li>\n<\/ul>\n<\/li>\n<\/ul>\n<ul>\n<li><strong>Can weave or print my own design?<\/strong>\n<ul>\n<li>Sure we can, please just send us your design. Besides, we also have a thousands of designs for your choice. <\/li>\n<\/ul>\n<\/li>\n<\/ul>\n<ul>\n<li><strong>Where can I get your designs?<\/strong>\n<ul>\n<li>If asking, we can send you swatch photos by JPG file by email, or sending you swatch card by mail in your own charge.<\/li>\n<\/ul>\n<\/li>\n<\/ul>\n<ul>\n<li><strong>Would it be possible to get a customized sample tie?<\/strong>\n<ul>\n<li>Sure, we can make the sample tie ready within 7-10days.<\/li>\n<\/ul>\n<\/li>\n<\/ul>\n<ul>\n<li><strong>What\u2019s your minimum order quantity?<\/strong>\n<ul>\n<li>50pcs per design\/color is our MOQ. Price is flexible based on order quantity. <\/li>\n<\/ul>\n<\/li>\n<\/ul>\n<ul>\n<li><strong>How much for tie sampling?<\/strong>\n<ul>\n<li>The price differs from different fabric, so please contact us, our sales will quote you with the best price.<\/li>\n<\/ul>\n<\/li>\n<\/ul>\n<ul>\n<li><strong>What\u2019s your delivery time?<\/strong>\n<ul>\n<li>Sampling 7-10days, bulk order 15-20days.<\/li>\n<\/ul>\n<\/li>\n<\/ul>\n<ul>\n<li><strong>How should I make the payment?<\/strong>\n<ul>\n<li>We recommend you to pay via PayPal,Western Union,Money Program,Ali Pay for small amount(less than US$1000), T\/T for big amount. LC for value more than 10000usd. <\/li>\n<\/ul>\n<\/li>\n<\/ul>\n<ul>\n<li><strong>What kinds of certificate do you have?<\/strong>\n<ul>\n<li>BSCI, FWF.<\/li>\n<\/ul>\n<\/li>\n<\/ul>\n<ul>\n<li><strong>Can your ties meet the Europe standard ?<\/strong>\n<ul>\n<li data-spm-anchor-id=\"a2700.wholesale.0.i42.612c71535Y8m7B\">Yes, we usually take test from BV for the customer such as H&amp;M, PEACOCKS.<\/li>\n<\/ul>\n<\/li>\n<\/ul>\n<h3>Qui sommes-nous ?<\/h3>\n<p><a href=\"https:\/\/logo-tie.com\/\">Logo tie<\/a> manufacturer: Shengzhou Covherlab Garment&amp;Accessories Co., Ltd, which located in Shaoxing, Zhejiang, China is one of the leading factory in China. Notre entreprise principalement produite et commerciale, bas\u00e9e sur le d\u00e9veloppement \u00e0 long terme, mise au point sur la gestion de base et la qualit\u00e9 de la production, \u00e0 un produit complet, sain, apr\u00e8s le service et le syst\u00e8me de logistique. Depuis son \u00e9tablissement, son entreprise adh\u00e8re \u00e0 la philosophie d&rsquo;affaires de la \u00ab gestion int\u00e8gre, du service de haute qualit\u00e9 et du profit pour les clients \u00bb, d\u00e9di\u00e9e \u00e0 fournir des clients avec le meilleur service de qualit\u00e9 et les meilleurs produits de co\u00fbt, et le recours \u00e0 Internet pour vendre des produits de qualit\u00e9 dans le monde.<\/p>\n<p>Nous avons plus de 8 000 pi\u00e8ces de capacit\u00e9 de production pour cravates et autres v\u00eatements par jour. Notre gamme de produits comprend des cravates, des tissus teints en fil pour cravates et v\u00eatements, foulards et mouchoirs, gilets, n\u0153uds papillons et autres accessoires pour porter le cou. Nos produits sont fabriqu\u00e9s par un excellent travail, la qualit\u00e9 sup\u00e9rieure du mat\u00e9riel brut et le haut de gamme. Ensuite, on peut vous offrir le meilleur prix et le prix le plus comp\u00e9titif. Nous sommes tr\u00e8s engag\u00e9s dans l&rsquo;exportation d&rsquo;affaires, nous savons donc ce dont vous avez besoin et pouvons communiquer avec vous professionnellement en anglais. Nos clients viennent de tout le monde. Pour suivre attentivement les tendances internationales les plus populaires, nos designers sont capables de cr\u00e9er 500 nouveaux designs tous les 3 mois pour r\u00e9pondre \u00e0 vos demandes de designs de mode et de couleurs dans le monde. Nous avons \u00e9tabli comme une haute r\u00e9putation de l&rsquo;honn\u00eatet\u00e9, de la fiabilit\u00e9 et de l&rsquo;exp\u00e9rience, que nos clients nous font confiance et que nous voulons garder la collaboration avec nous. Si vous souhaitez de plus amples renseignements sur notre entreprise, nos produits et nos services, veuillez communiquer avec nous ou visiter notre site Web pour plus de d\u00e9tails. Vous serez grandement appr\u00e9ci\u00e9 car nous nous engageons \u00e0 configurer les nouveaux partenaires avec divers amis du monde entier.         <\/p>\n<\/div>\n<\/div>\n<p>&nbsp;<\/p>\n","protected":false},"excerpt":{"rendered":"<p>Nous sommes Manufacture situ\u00e9e en Chine. Si vous voulez acheter un stock de cravates dans le dernier prix, vous pouvez vous renseigner ci-dessous. <\/p>\n<p>Si vous avez besoin d&rsquo;une commande personnalis\u00e9e, ou d&rsquo;un ordre OEM\/ODM, envoyez votre design par EMAIL.<\/p>\n<p>Courriel :<a href=\"mailto:supply@tiesupplier.com\">supply@tiesupplier.com<\/a><\/p>\n","protected":false},"featured_media":3885,"comment_status":"open","ping_status":"closed","template":"","meta":[],"product_cat":[6],"product_tag":[],"class_list":["post-7760","product","type-product","status-publish","has-post-thumbnail","hentry","product_cat-scarf","pa_material-polyester"],"aioseo_notices":[],"_links":{"self":[{"href":"https:\/\/tiesupplier.com\/fr\/wp-json\/wp\/v2\/product\/7760","targetHints":{"allow":["GET"]}}],"collection":[{"href":"https:\/\/tiesupplier.com\/fr\/wp-json\/wp\/v2\/product"}],"about":[{"href":"https:\/\/tiesupplier.com\/fr\/wp-json\/wp\/v2\/types\/product"}],"replies":[{"embeddable":true,"href":"https:\/\/tiesupplier.com\/fr\/wp-json\/wp\/v2\/comments?post=7760"}],"version-history":[{"count":0,"href":"https:\/\/tiesupplier.com\/fr\/wp-json\/wp\/v2\/product\/7760\/revisions"}],"wp:featuredmedia":[{"embeddable":true,"href":"https:\/\/tiesupplier.com\/fr\/wp-json\/wp\/v2\/media\/3885"}],"wp:attachment":[{"href":"https:\/\/tiesupplier.com\/fr\/wp-json\/wp\/v2\/media?parent=7760"}],"wp:term":[{"taxonomy":"product_cat","embeddable":true,"href":"https:\/\/tiesupplier.com\/fr\/wp-json\/wp\/v2\/product_cat?post=7760"},{"taxonomy":"product_tag","embeddable":true,"href":"https:\/\/tiesupplier.com\/fr\/wp-json\/wp\/v2\/product_tag?post=7760"}],"curies":[{"name":"wp","href":"https:\/\/api.w.org\/{rel}","templated":true}]}}