{"id":7775,"date":"2025-11-25T14:18:35","date_gmt":"2025-11-25T14:18:35","guid":{"rendered":"https:\/\/tiesupplier.com\/product\/cravates-pour-hommes-accessoires-cravates-zippees-cravates-en-polyester-tisse-jacquard-en-gros\/"},"modified":"2025-11-25T14:18:35","modified_gmt":"2025-11-25T14:18:35","slug":"cravates-pour-hommes-accessoires-cravates-zippees-cravates-en-polyester-tisse-jacquard-en-gros","status":"publish","type":"product","link":"https:\/\/tiesupplier.com\/fr\/product\/cravates-pour-hommes-accessoires-cravates-zippees-cravates-en-polyester-tisse-jacquard-en-gros\/","title":{"rendered":"Cravates pour hommes &#8211; Accessoires &#8211; Cravates zipp\u00e9es &#8211; Cravates en polyester tiss\u00e9 jacquard en gros"},"content":{"rendered":"<p data-pm-slice=\"1 1 []\">Les cravates zipp\u00e9es pour hommes Tie Accessories en polyester tiss\u00e9 jacquard, disponibles en gros, ont fait la une de certains des plus grands magazines de mode du monde, y compris nos paires exclusives port\u00e9es lors de la Fashion Week de Londres printemps\/\u00e9t\u00e9 2018 ! Ce n&rsquo;est pas qu&rsquo;une simple cravate, c&rsquo;est une affirmation de style, de classe et de charisme. Nous comprenons que nos clients souhaitent faire forte impression gr\u00e2ce \u00e0 leur style, et notre cravate donne le ton \u00e0 cet impact.<\/p>\n<p>\u2b50Quels sont les avantages de cette cravate ?<\/p>\n<p>\u2705Nous vous promettons une qualit\u00e9 sup\u00e9rieure, con\u00e7ue non seulement pour durer, mais aussi pour sublimer votre apparence g\u00e9n\u00e9rale. Vous pouvez donc le porter avec fiert\u00e9 !<\/p>\n<p>\u2705Il se d\u00e9cline dans une gamme de couleurs et de motifs pour s&rsquo;accorder \u00e0 toutes les tenues, des plus classiques aux plus tendance. Que vous pr\u00e9f\u00e9riez l&rsquo;\u00e9l\u00e9gance des couleurs unies ou le charme des motifs tendance, nous avons une cravate qui correspond \u00e0 votre style !<\/p>\n<p>\u2705Nos cravates pour hommes, en polyester tiss\u00e9 jacquard avec fermeture \u00e9clair, disponibles en gros, sont non seulement faciles \u00e0 utiliser et \u00e0 porter, mais elles sont \u00e9galement con\u00e7ues pour ajouter une touche de sophistication et de style \u00e0 n&rsquo;importe quelle tenue. Avec notre cravate, vous ferez tourner les t\u00eates en un rien de temps !<\/p>\n<p>\u2705Nous savons que l&rsquo;apparence compte dans le monde d&rsquo;aujourd&rsquo;hui, et notre cravate est con\u00e7ue pour vous aider \u00e0 faire une impression durable. Alors pourquoi ne pas opter pour quelque chose de diff\u00e9rent et faire une impression inoubliable ?<\/p>\n<p>\u2b50Pourquoi choisir notre cravate ?<\/p>\n<p>\u2705Nous sommes fiers de nos produits de haute qualit\u00e9, et la cravate zipp\u00e9e pour homme en polyester tiss\u00e9 jacquard, disponible en gros, ne fait pas exception.<\/p>\n<p>\u2705Notre engagement envers la satisfaction de nos clients est notre priorit\u00e9 absolue, et nous travaillons sans rel\u00e2che pour garantir leur satisfaction quant \u00e0 leurs achats.<\/p>\n<p>\u2705Nos mod\u00e8les sont \u00e0 la pointe de la mode et tendance, vous pouvez donc \u00eatre s\u00fbr que notre cravate vous permettra de rester au fait des derni\u00e8res tendances.<\/p>\n<p>\u2705Nos produits sont fabriqu\u00e9s avec le plus grand soin et une attention particuli\u00e8re aux d\u00e9tails, vous assurant ainsi un produit non seulement esth\u00e9tique, mais aussi confortable et durable.<\/p>\n<p>\u2705Nous proposons un large choix de tailles et de couleurs pour r\u00e9pondre aux besoins de chacun, et notre \u00e9quipe de service client est toujours disponible pour vous aider \u00e0 r\u00e9pondre \u00e0 toutes vos questions ou pr\u00e9occupations.<\/p>\n<p>En conclusion, notre cravate pour homme en polyester tiss\u00e9 jacquard avec fermeture \u00e9clair, disponible en gros, est le moyen id\u00e9al d&rsquo;ajouter une touche d&rsquo;originalit\u00e9 \u00e0 votre garde-robe. Nous pensons que chaque homme devrait se sentir confiant, \u00e9l\u00e9gant et puissant, et notre cravate est l\u00e0 pour vous aider \u00e0 y parvenir ! Alors, qu&rsquo;est-ce que vous attendez ? Ajoutez une touche d&rsquo;\u00e9l\u00e9gance et faites-vous remarquer avec nos cravates exclusives pour hommes, disponibles en gros ! Cravates zipp\u00e9es en polyester tiss\u00e9 jacquard !<\/p>\n<p>\ud83d\udd37\u00ab Transformez votre style avec nos cravates exclusives pour hommes ! Cravates zipp\u00e9es en polyester jacquard tiss\u00e9, disponibles en gros !\u00bb #CravatesEnGros #AccessoiresCravates #AccessoiresCravatesEnGros #CravateEnPolyesterJacquardTiss\u00e9 #AccessoiresHomme #Gros #AccessoiresCostume #Cravates #Costumes #V\u00eatements #Habillage #Mode #Accessoires #Affaires #Hommes #AccessoiresPourLui<\/p>\n","protected":false},"excerpt":{"rendered":"<p><span class=\"text-_primary-7\">O<\/span>ta cravate est hi<span class=\"text-_primary-7\">g<\/span>h<span class=\"text-_primary-7\">-q<\/span>qualit\u00e9<span class=\"text-_primary-7\">y<\/span>et<span class=\"text-_primary-7\">m<\/span>une<span class=\"text-_primary-7\">d<\/span>Nous accordons une grande importance aux d\u00e9tails afin de garantir une qualit\u00e9 et une collaboration durables.<span class=\"text-_primary-7\">mf<\/span>ort.<span class=\"text-_primary-7\"> <\/span>La satisfaction de nos clients est notre priorit\u00e9 absolue. Nous proposons un large choix de tailles et de couleurs pour r\u00e9pondre aux besoins de chacun.<span class=\"text-_primary-7\">G<\/span>et remarqu\u00e9 avec nos accessoires de cravate exclusifs pour hommes : cravates zipp\u00e9es en polyester tiss\u00e9 jacquard, disponibles en gros !<\/p>\n","protected":false},"featured_media":3989,"comment_status":"open","ping_status":"closed","template":"","meta":[],"product_cat":[111],"product_tag":[],"class_list":["post-7775","product","type-product","status-publish","has-post-thumbnail","hentry","product_cat-tie"],"aioseo_notices":[],"_links":{"self":[{"href":"https:\/\/tiesupplier.com\/fr\/wp-json\/wp\/v2\/product\/7775","targetHints":{"allow":["GET"]}}],"collection":[{"href":"https:\/\/tiesupplier.com\/fr\/wp-json\/wp\/v2\/product"}],"about":[{"href":"https:\/\/tiesupplier.com\/fr\/wp-json\/wp\/v2\/types\/product"}],"replies":[{"embeddable":true,"href":"https:\/\/tiesupplier.com\/fr\/wp-json\/wp\/v2\/comments?post=7775"}],"version-history":[{"count":0,"href":"https:\/\/tiesupplier.com\/fr\/wp-json\/wp\/v2\/product\/7775\/revisions"}],"wp:featuredmedia":[{"embeddable":true,"href":"https:\/\/tiesupplier.com\/fr\/wp-json\/wp\/v2\/media\/3989"}],"wp:attachment":[{"href":"https:\/\/tiesupplier.com\/fr\/wp-json\/wp\/v2\/media?parent=7775"}],"wp:term":[{"taxonomy":"product_cat","embeddable":true,"href":"https:\/\/tiesupplier.com\/fr\/wp-json\/wp\/v2\/product_cat?post=7775"},{"taxonomy":"product_tag","embeddable":true,"href":"https:\/\/tiesupplier.com\/fr\/wp-json\/wp\/v2\/product_tag?post=7775"}],"curies":[{"name":"wp","href":"https:\/\/api.w.org\/{rel}","templated":true}]}}