{"id":7776,"date":"2025-11-25T14:18:35","date_gmt":"2025-11-25T14:18:35","guid":{"rendered":"https:\/\/tiesupplier.com\/product\/cravate-de-remise-de-diplome-elegante-de-chine-avec-broderie\/"},"modified":"2025-11-25T14:18:35","modified_gmt":"2025-11-25T14:18:35","slug":"cravate-de-remise-de-diplome-elegante-de-chine-avec-broderie","status":"publish","type":"product","link":"https:\/\/tiesupplier.com\/fr\/product\/cravate-de-remise-de-diplome-elegante-de-chine-avec-broderie\/","title":{"rendered":"Cravate de remise de dipl\u00f4me \u00e9l\u00e9gante de Chine avec broderie"},"content":{"rendered":"<div readability=\"35\">\n<p>\n<ins class=\"adsbygoogle\" data-ad-client=\"ca-pub-2713617115809499\" data-ad-slot=\"6100242752\" data-ad-format=\"auto\" data-full-width-responsive=\"true\"><\/ins><br \/>\n Description du produit&amp;<br \/>Cravate de remise de dipl\u00f4me brod\u00e9e<br \/>Cravate 100 % soie ou polyester<br \/>Cravate brod\u00e9e avec le logo de votre \u00e9cole<br \/>Cravate de 145,10,38 pouces de mesure ou selon votre demande<br \/>Cravate au design tendance et \u00e0 la confection d&rsquo;excellente qualit\u00e9<br \/>Pourquoi commander chez Mondon ?<br \/>Mondon est un fabricant professionnel fort de 10 ans d&rsquo;exp\u00e9rience, sp\u00e9cialis\u00e9 dans les produits de remise de dipl\u00f4mes et les v\u00eatements religieux.<br \/>Prix \u200b\u200bbas. Notre exp\u00e9rience d&rsquo;achat en usine nous permet d&rsquo;obtenir les prix les plus comp\u00e9titifs sur les mat\u00e9riaux afin de vous garantir un meilleur devis.<br \/>Excellentes capacit\u00e9s de conception personnalis\u00e9e. L&rsquo;\u00e9quipe Recherche et D\u00e9veloppement (R&amp;D) poss\u00e8de une riche exp\u00e9rience dans diff\u00e9rents styles de v\u00eatements de remise de dipl\u00f4mes.<br \/>Haute qualit\u00e9 garantie. Le contr\u00f4le qualit\u00e9 interne de notre usine garantit que chaque produit qui sort de notre usine est un produit de qualit\u00e9.<br \/>Service \u00e0 haute efficacit\u00e9. Notre exp\u00e9rience en mati\u00e8re d&rsquo;exportation permet \u00e9galement \u00e0 nos clients de b\u00e9n\u00e9ficier des meilleurs tarifs d&rsquo;exp\u00e9dition et d&rsquo;une livraison dans les d\u00e9lais. <ins class=\"adsbygoogle\" data-ad-layout=\"in-article\" data-ad-format=\"fluid\" data-ad-client=\"ca-pub-2713617115809499\" data-ad-slot=\"5641077753\"><\/ins>\n                            <\/p>\n<\/p><\/div>\n","protected":false},"excerpt":{"rendered":"<p>Description du produit&amp;Cravate de remise de dipl\u00f4me brod\u00e9eCravate 100 % soie ou polyesterCravate brod\u00e9e avec le logo de votre \u00e9coleCravate de 145,10,38 pouces de mesure ou selon votre demandeCravate au design tendance et \u00e0 la confection d&rsquo;excellente qualit\u00e9Pourquoi commander chez Mondon ?Mondon est un fabricant professionnel fort de 10 ans d&rsquo;exp\u00e9rience, sp\u00e9cialis\u00e9 dans les produits [&hellip;]<\/p>\n","protected":false},"featured_media":0,"comment_status":"open","ping_status":"closed","template":"","meta":[],"product_cat":[111],"product_tag":[],"class_list":["post-7776","product","type-product","status-publish","hentry","product_cat-tie"],"aioseo_notices":[],"_links":{"self":[{"href":"https:\/\/tiesupplier.com\/fr\/wp-json\/wp\/v2\/product\/7776","targetHints":{"allow":["GET"]}}],"collection":[{"href":"https:\/\/tiesupplier.com\/fr\/wp-json\/wp\/v2\/product"}],"about":[{"href":"https:\/\/tiesupplier.com\/fr\/wp-json\/wp\/v2\/types\/product"}],"replies":[{"embeddable":true,"href":"https:\/\/tiesupplier.com\/fr\/wp-json\/wp\/v2\/comments?post=7776"}],"version-history":[{"count":0,"href":"https:\/\/tiesupplier.com\/fr\/wp-json\/wp\/v2\/product\/7776\/revisions"}],"wp:attachment":[{"href":"https:\/\/tiesupplier.com\/fr\/wp-json\/wp\/v2\/media?parent=7776"}],"wp:term":[{"taxonomy":"product_cat","embeddable":true,"href":"https:\/\/tiesupplier.com\/fr\/wp-json\/wp\/v2\/product_cat?post=7776"},{"taxonomy":"product_tag","embeddable":true,"href":"https:\/\/tiesupplier.com\/fr\/wp-json\/wp\/v2\/product_tag?post=7776"}],"curies":[{"name":"wp","href":"https:\/\/api.w.org\/{rel}","templated":true}]}}