{"id":7777,"date":"2025-11-25T14:18:35","date_gmt":"2025-11-25T14:18:35","guid":{"rendered":"https:\/\/tiesupplier.com\/product\/amazon-offre-speciale-noel-cravate-a-paillettes-pour-adultes-et-enfants-ideale-pour-les-spectacles-de-danse-de-rue-et-de-magie-coloree\/"},"modified":"2025-11-25T14:18:35","modified_gmt":"2025-11-25T14:18:35","slug":"amazon-offre-speciale-noel-cravate-a-paillettes-pour-adultes-et-enfants-ideale-pour-les-spectacles-de-danse-de-rue-et-de-magie-coloree","status":"publish","type":"product","link":"https:\/\/tiesupplier.com\/fr\/product\/amazon-offre-speciale-noel-cravate-a-paillettes-pour-adultes-et-enfants-ideale-pour-les-spectacles-de-danse-de-rue-et-de-magie-coloree\/","title":{"rendered":"Amazon &#8211; Offre sp\u00e9ciale No\u00ebl : Cravate \u00e0 paillettes pour adultes et enfants, id\u00e9ale pour les spectacles de danse de rue et de magie. Color\u00e9e."},"content":{"rendered":"<div readability=\"83\">\n<ins class=\"adsbygoogle\" data-ad-client=\"ca-pub-2713617115809499\" data-ad-slot=\"6100242752\" data-ad-format=\"auto\" data-full-width-responsive=\"true\"><\/ins><\/p>\n<p>Cravate \u00e0 paillettes en soie color\u00e9e, id\u00e9ale pour No\u00ebl, pour adultes et enfants. Facile \u00e0 mettre et \u00e0 enlever, convient aux adultes et aux enfants, et est largement utilis\u00e9e lors de f\u00eates et de vacances de No\u00ebl. Notre cravate sir\u00e8ne \u00e0 paillettes est confectionn\u00e9e avec des paillettes de haute qualit\u00e9 :<br \/>2. Diff\u00e9rents modes d&#8217;emballage au choix :<\/p>\n<p>Sachet OPP, carte en papier, 1, 2, 3 pi\u00e8ces ou tout autre emballage personnalis\u00e9<br \/>3. Diff\u00e9rentes couleurs au choix :<\/p>\n<p>4. Informations plus d\u00e9taill\u00e9es pour r\u00e9f\u00e9rence :<\/p>\n<p>Mati\u00e8re : tissu et sequins Taille : standard Couleurs : rouge, bleu, vert, blanc, noir, jaune, violet&#8230; Logo : imprim\u00e9 sur la carte d&#8217;emballage en papier Emballage : 1 pi\u00e8ce par sachet plastique ou emballage personnalis\u00e9 Quantit\u00e9 minimale de commande : 1 000 pi\u00e8ces D\u00e9lai de production : 10 jours pour une quantit\u00e9 inf\u00e9rieure \u00e0 2 000 pi\u00e8ces Exp\u00e9dition : DHL, FedEx, UPS, TNT, avion, bateau selon la demande<\/p>\n<p>5. Autres articles \u00e0 paillettes pour r\u00e9f\u00e9rence :<br \/>Certificat de quantit\u00e9<\/p>\n<p>FAQ :<br \/>1. Q : Un \u00e9chantillon est-il disponible ? R : Nous pouvons vous fournir gratuitement un \u00e9chantillon existant, les frais d&rsquo;exp\u00e9dition \u00e9tant \u00e0 la charge du client. 2. Q : Quel est le d\u00e9lai de livraison des \u00e9chantillons ?<br \/>R : Un \u00e9chantillon existant peut \u00eatre pr\u00eat en une journ\u00e9e. Pour un \u00e9chantillon personnalis\u00e9, le d\u00e9lai est de 3 \u00e0 7 jours selon le design. 3. Q : Quel est le d\u00e9lai de production en s\u00e9rie ? R : Le d\u00e9lai de production est de 12 \u00e0 20 jours selon la quantit\u00e9. En cas d&rsquo;urgence, nous pouvons acc\u00e9l\u00e9rer le processus et produire en 7 \u00e0 10 jours. 4. Q : Sous quel d\u00e9lai puis-je obtenir une r\u00e9ponse de votre part ? R : G\u00e9n\u00e9ralement, nous r\u00e9pondons en moins d&rsquo;une heure pendant les heures ouvrables. En cas d&rsquo;urgence, n&rsquo;h\u00e9sitez pas \u00e0 nous appeler ; nous vous contacterons en moins d&rsquo;une minute. 5. Q : Quels sont les modes de paiement accept\u00e9s ?<br \/>A: Nous acceptons diff\u00e9rents modes de paiement : L\/C, TT, carte de cr\u00e9dit, Western Union, MoneyGram, Paypal. N&rsquo;h\u00e9sitez pas \u00e0 nous contacter d\u00e8s maintenant.<\/p>\n<p>Haute qualit\u00e9 !<\/p>\n<p>Livraison rapide !!<\/p>\n<p>Demande de renseignements en 1 minute, 100% avantageuse pour vous !!!<\/p>\n<p><ins class=\"adsbygoogle\" data-ad-layout=\"in-article\" data-ad-format=\"fluid\" data-ad-client=\"ca-pub-2713617115809499\" data-ad-slot=\"5641077753\"><\/ins>\n                            <\/div>\n","protected":false},"excerpt":{"rendered":"<p>Cravate \u00e0 paillettes en soie color\u00e9e, id\u00e9ale pour No\u00ebl, pour adultes et enfants. Facile \u00e0 mettre et \u00e0 enlever, convient aux adultes et aux enfants, et est largement utilis\u00e9e lors de f\u00eates et de vacances de No\u00ebl. Notre cravate sir\u00e8ne \u00e0 paillettes est confectionn\u00e9e avec des paillettes de haute qualit\u00e9 :2. Diff\u00e9rents modes d&#8217;emballage au [&hellip;]<\/p>\n","protected":false},"featured_media":4030,"comment_status":"open","ping_status":"closed","template":"","meta":[],"product_cat":[111],"product_tag":[],"class_list":["post-7777","product","type-product","status-publish","has-post-thumbnail","hentry","product_cat-tie"],"aioseo_notices":[],"_links":{"self":[{"href":"https:\/\/tiesupplier.com\/fr\/wp-json\/wp\/v2\/product\/7777","targetHints":{"allow":["GET"]}}],"collection":[{"href":"https:\/\/tiesupplier.com\/fr\/wp-json\/wp\/v2\/product"}],"about":[{"href":"https:\/\/tiesupplier.com\/fr\/wp-json\/wp\/v2\/types\/product"}],"replies":[{"embeddable":true,"href":"https:\/\/tiesupplier.com\/fr\/wp-json\/wp\/v2\/comments?post=7777"}],"version-history":[{"count":0,"href":"https:\/\/tiesupplier.com\/fr\/wp-json\/wp\/v2\/product\/7777\/revisions"}],"wp:featuredmedia":[{"embeddable":true,"href":"https:\/\/tiesupplier.com\/fr\/wp-json\/wp\/v2\/media\/4030"}],"wp:attachment":[{"href":"https:\/\/tiesupplier.com\/fr\/wp-json\/wp\/v2\/media?parent=7777"}],"wp:term":[{"taxonomy":"product_cat","embeddable":true,"href":"https:\/\/tiesupplier.com\/fr\/wp-json\/wp\/v2\/product_cat?post=7777"},{"taxonomy":"product_tag","embeddable":true,"href":"https:\/\/tiesupplier.com\/fr\/wp-json\/wp\/v2\/product_tag?post=7777"}],"curies":[{"name":"wp","href":"https:\/\/api.w.org\/{rel}","templated":true}]}}