{"id":7778,"date":"2025-11-25T14:18:35","date_gmt":"2025-11-25T14:18:35","guid":{"rendered":"https:\/\/tiesupplier.com\/product\/cravate-en-microfibre-tissee-a-jolis-pois-en-vente-en-gros-en-chine\/"},"modified":"2025-11-25T14:18:35","modified_gmt":"2025-11-25T14:18:35","slug":"cravate-en-microfibre-tissee-a-jolis-pois-en-vente-en-gros-en-chine","status":"publish","type":"product","link":"https:\/\/tiesupplier.com\/fr\/product\/cravate-en-microfibre-tissee-a-jolis-pois-en-vente-en-gros-en-chine\/","title":{"rendered":"Cravate en microfibre tiss\u00e9e \u00e0 jolis pois, en vente en gros en Chine"},"content":{"rendered":"<div readability=\"89\">\n<ins class=\"adsbygoogle\" data-ad-client=\"ca-pub-2713617115809499\" data-ad-slot=\"6100242752\" data-ad-format=\"auto\" data-full-width-responsive=\"true\"><\/ins><br \/>\n 1. Mati\u00e8re : 100 % microfibre, ou peut \u00eatre en soie, laine ou coton.<br \/>2, Dimensions : 146 cm x 8 cm,<br \/>Peut \u00eatre r\u00e9alis\u00e9 selon vos demandes de taille et de forme (pointe triangulaire ou pointe plate).<br \/>3. Design et couleur : rose et gris unis, personnalisables selon vos besoins.<br \/>4. \u00c9tiquette : selon la demande du client<br \/>5. Conditionnement : sachet OPP\/pi\u00e8ce, 200 pi\u00e8ces\/carton, ou selon votre demande.<br \/>6. Poids brut : 15 kg\/carton, ou selon votre demande.<br \/>7. Dimensions du carton : 80 x 32 x 35 cm, selon la demande du client.<br \/>8. Accessoires : \u00c9tiquettes volantes, \u00e9tiquette de prix avec code-barres<br \/>9, MOQ : 50 \u00e0 100 par couleur<br \/>10. D\u00e9lai d&rsquo;\u00e9chantillonnage : 5 \u00e0 7 jours, selon la date de r\u00e9ception de l&rsquo;acompte.<br \/>11. D\u00e9lai de livraison : 15 \u00e0 30 jours apr\u00e8s confirmation de l\u2019\u00e9chantillon.<br \/>12. Services : OEM, ODM, conception<br \/>13. Prix : \u00c0 n\u00e9gocier en fonction des d\u00e9tails des produits, de la quantit\u00e9, du paiement, etc.<br \/>14. Paiement : L\/C, T\/T, Western Union, PayPal <ins class=\"adsbygoogle\" data-ad-layout=\"in-article\" data-ad-format=\"fluid\" data-ad-client=\"ca-pub-2713617115809499\" data-ad-slot=\"5641077753\"><\/ins>\n                            <\/div>\n","protected":false},"excerpt":{"rendered":"<p>1. Mati\u00e8re : 100 % microfibre, ou peut \u00eatre en soie, laine ou coton.2, Dimensions : 146 cm x 8 cm,Peut \u00eatre r\u00e9alis\u00e9 selon vos demandes de taille et de forme (pointe triangulaire ou pointe plate).3. Design et couleur : rose et gris unis, personnalisables selon vos besoins.4. \u00c9tiquette : selon la demande du client5. [&hellip;]<\/p>\n","protected":false},"featured_media":4031,"comment_status":"open","ping_status":"closed","template":"","meta":[],"product_cat":[111],"product_tag":[],"class_list":["post-7778","product","type-product","status-publish","has-post-thumbnail","hentry","product_cat-tie"],"aioseo_notices":[],"_links":{"self":[{"href":"https:\/\/tiesupplier.com\/fr\/wp-json\/wp\/v2\/product\/7778","targetHints":{"allow":["GET"]}}],"collection":[{"href":"https:\/\/tiesupplier.com\/fr\/wp-json\/wp\/v2\/product"}],"about":[{"href":"https:\/\/tiesupplier.com\/fr\/wp-json\/wp\/v2\/types\/product"}],"replies":[{"embeddable":true,"href":"https:\/\/tiesupplier.com\/fr\/wp-json\/wp\/v2\/comments?post=7778"}],"version-history":[{"count":0,"href":"https:\/\/tiesupplier.com\/fr\/wp-json\/wp\/v2\/product\/7778\/revisions"}],"wp:featuredmedia":[{"embeddable":true,"href":"https:\/\/tiesupplier.com\/fr\/wp-json\/wp\/v2\/media\/4031"}],"wp:attachment":[{"href":"https:\/\/tiesupplier.com\/fr\/wp-json\/wp\/v2\/media?parent=7778"}],"wp:term":[{"taxonomy":"product_cat","embeddable":true,"href":"https:\/\/tiesupplier.com\/fr\/wp-json\/wp\/v2\/product_cat?post=7778"},{"taxonomy":"product_tag","embeddable":true,"href":"https:\/\/tiesupplier.com\/fr\/wp-json\/wp\/v2\/product_tag?post=7778"}],"curies":[{"name":"wp","href":"https:\/\/api.w.org\/{rel}","templated":true}]}}