{"id":7779,"date":"2025-11-25T13:14:52","date_gmt":"2025-11-25T13:14:52","guid":{"rendered":"https:\/\/tiesupplier.com\/product\/cravates-en-gros-elastiques-ajustables-et-populaires-avec-fermeture-eclair-pour-hommes\/"},"modified":"2025-11-25T13:14:52","modified_gmt":"2025-11-25T13:14:52","slug":"cravates-en-gros-elastiques-ajustables-et-populaires-avec-fermeture-eclair-pour-hommes","status":"publish","type":"product","link":"https:\/\/tiesupplier.com\/fr\/product\/cravates-en-gros-elastiques-ajustables-et-populaires-avec-fermeture-eclair-pour-hommes\/","title":{"rendered":"Cravates en gros, \u00e9lastiques, ajustables et populaires avec fermeture \u00e9clair pour hommes"},"content":{"rendered":"<div class=\"J_module\">\n<div id=\"ali-anchor-AliMagic-xd1kcu\" class=\"magic-4\" data-section=\"AliMagic-xd1kcu\" data-section-title=\"Products Description\">Description des produits<\/div>\n<\/div>\n<div class=\"J_module\">\n<div class=\"ife-detail-decorate-table\">\n<table class=\"all magic-5\">\n<tbody>\n<tr>\n<td colspan=\"1\" rowspan=\"1\">\n<div class=\"magic-6\">Nom du produit Nom du produitNom du produit Nom du produit<\/div>\n<\/td>\n<td colspan=\"1\" rowspan=\"1\">\n<div class=\"magic-7\" data-spm-anchor-id=\"a2700.wholesale.0.i31.63d26fd120T8m8\">Cravates en gros, \u00e9lastiques, ajustables, tendance, avec fermeture \u00e9clair, en polyester jacquard blanc, pour hommes<\/div>\n<\/td>\n<\/tr>\n<tr>\n<td colspan=\"1\" rowspan=\"1\">\n<div class=\"magic-6\">Mat\u00e9riel Mat\u00e9rielMat\u00e9riel Mat\u00e9riel<\/div>\n<\/td>\n<td colspan=\"1\" rowspan=\"1\">\n<div class=\"magic-7\">Jacquard de polyester tiss\u00e9<\/div>\n<\/td>\n<\/tr>\n<tr>\n<td colspan=\"1\" rowspan=\"1\">\n<div class=\"magic-6\">Emballage<\/div>\n<\/td>\n<td colspan=\"1\" rowspan=\"1\">\n<div class=\"magic-7\">1 pi\u00e8ce\/sachet plastique (ou bo\u00eete cadeau)<\/div>\n<\/td>\n<\/tr>\n<tr>\n<td colspan=\"1\" rowspan=\"1\">\n<div class=\"magic-6\">Conception Conception Conception Conception<\/div>\n<\/td>\n<td colspan=\"1\" rowspan=\"1\">\n<div class=\"magic-7\">Fermeture \u00e9clair paresseuse<\/div>\n<\/td>\n<\/tr>\n<tr>\n<td colspan=\"1\" rowspan=\"1\">\n<div class=\"magic-6\">Taille TailleTaille Taille<\/div>\n<\/td>\n<td colspan=\"1\" rowspan=\"1\">\n<div class=\"magic-7\">46*8cm<\/div>\n<\/td>\n<\/tr>\n<tr>\n<td colspan=\"1\" rowspan=\"1\">\n<div class=\"magic-6\">Couleur<\/div>\n<\/td>\n<td colspan=\"1\" rowspan=\"1\">\n<div class=\"magic-7\">Image montr\u00e9e<\/div>\n<\/td>\n<\/tr>\n<tr>\n<td colspan=\"1\" rowspan=\"1\">\n<div class=\"magic-6\">Style StyleStyle Style<\/div>\n<\/td>\n<td colspan=\"1\" rowspan=\"1\">\n<div class=\"magic-7\">Classique Populaire<\/div>\n<\/td>\n<\/tr>\n<tr>\n<td colspan=\"1\" rowspan=\"1\">\n<div class=\"magic-6\">Logo<\/div>\n<\/td>\n<td colspan=\"1\" rowspan=\"1\">\n<div class=\"magic-7\">Logo personnalis\u00e9 accept\u00e9<\/div>\n<\/td>\n<\/tr>\n<tr>\n<td colspan=\"1\" rowspan=\"1\">\n<div class=\"magic-6\">Mod\u00e8le Mod\u00e8leMod\u00e8le Mod\u00e8le<\/div>\n<\/td>\n<td colspan=\"1\" rowspan=\"1\">\n<div class=\"magic-7\">G\u00e9om\u00e9trie Paisley Treillis Ray\u00e9 Dobby<\/div>\n<\/td>\n<\/tr>\n<tr>\n<td colspan=\"1\" rowspan=\"1\">\n<div class=\"magic-6\">MOQ MOQMOQ MOQ<\/div>\n<\/td>\n<td colspan=\"1\" rowspan=\"1\">\n<div class=\"magic-7\">1PC<\/div>\n<\/td>\n<\/tr>\n<\/tbody>\n<\/table>\n<\/div>\n<\/div>\n<p><b>1. Qui sommes-nous ?<\/b><br \/>\nNous sommes bas\u00e9s dans le Zhejiang, en Chine, et ce depuis 1998 ; nous sommes un v\u00e9ritable fabricant de cravates en Chine.<\/p>\n<p><b>2. Comment pouvons-nous garantir la qualit\u00e9 ?<\/b><br \/>\nToujours un \u00e9chantillon de pr\u00e9production avant la production en s\u00e9rie ;<br \/>\nToujours une inspection finale avant exp\u00e9dition ;<\/p>\n<p><b>3. Que pouvez-vous acheter chez nous ?<\/b><br \/>\nTissus tiss\u00e9s, cravates et n\u0153uds papillon, accessoires, foulards et pochettes, gilets, bretelles et boutons de manchette<\/p>\n<p><b>4. Pourquoi devriez-vous acheter chez nous et non chez d&rsquo;autres fournisseurs ?<\/b><br \/>\nNous fabriquons principalement des cravates, des n\u0153uds papillon, des pochettes de costume, des \u00e9charpes, des bretelles, des boutons de manchette, des gilets et des tissus jacquard tiss\u00e9s teints en fil. Notre avantage est que nous pouvons vous proposer de petites quantit\u00e9s, des conceptions personnalis\u00e9es, une livraison rapide, un excellent service et une bonne communication, ainsi qu&rsquo;une qualit\u00e9 irr\u00e9prochable.<\/p>\n<p><b>5. Quels services pouvons-nous vous proposer ?<\/b><br \/>\nConditions de livraison accept\u00e9es : FOB, CFR, CIF, EXW, FAS, CIP, FCA, DEQ, Livraison express, DAF ;<br \/>\nDevises de paiement accept\u00e9es : USD, EUR, GBP, CNY ;<br \/>\nTypes de paiement accept\u00e9s : T\/T, L\/C, D\/P D\/A, carte de cr\u00e9dit, PayPal, Western Union, esp\u00e8ces, Escrow ;<br \/>\nLangues parl\u00e9es : anglais, chinois<\/p>\n<table class=\"has-title all magic-7\">\n<tbody>\n<tr>\n<td colspan=\"1\" rowspan=\"1\">\n<div class=\"magic-8\">article<\/div>\n<\/td>\n<td colspan=\"1\" rowspan=\"1\">\n<div class=\"magic-9\">valeur<\/div>\n<\/td>\n<\/tr>\n<tr>\n<td colspan=\"1\" rowspan=\"1\">\n<div class=\"magic-8\">Place des Origines Place des OriginesPlace des Origines Place des Origines<\/div>\n<\/td>\n<td colspan=\"1\" rowspan=\"1\">\n<div class=\"magic-9\">\u00c9chine<\/div>\n<\/td>\n<\/tr>\n<tr>\n<td colspan=\"1\" rowspan=\"1\">\n<div class=\"magic-8\">Nom de marque Nom de marque<\/div>\n<\/td>\n<td colspan=\"1\" rowspan=\"1\">\n<div class=\"magic-9\">AILINFADUN ou OEM<\/div>\n<\/td>\n<\/tr>\n<tr>\n<td colspan=\"1\" rowspan=\"1\">\n<div class=\"magic-8\">Num\u00e9ro de mod\u00e8le Num\u00e9ro de mod\u00e8leNum\u00e9ro de mod\u00e8le Num\u00e9ro de mod\u00e8le<\/div>\n<\/td>\n<td colspan=\"1\" rowspan=\"1\">\n<div class=\"magic-9\" data-spm-anchor-id=\"a2700.details.0.i23.1c78686fCgZ2uz\">ZA4<\/div>\n<\/td>\n<\/tr>\n<tr>\n<td colspan=\"1\" rowspan=\"1\">\n<div class=\"magic-8\">Mod\u00e8le Mod\u00e8leMod\u00e8le Mod\u00e8le<\/div>\n<\/td>\n<td colspan=\"1\" rowspan=\"1\">\n<div class=\"magic-9\">Rayures, florentins, treillis, pois, autres<\/div>\n<\/td>\n<\/tr>\n<tr>\n<td colspan=\"1\" rowspan=\"1\">\n<div class=\"magic-8\">Tisser<\/div>\n<\/td>\n<td colspan=\"1\" rowspan=\"1\">\n<div class=\"magic-9\">Tissage Jacquard<\/div>\n<\/td>\n<\/tr>\n<tr>\n<td colspan=\"1\" rowspan=\"1\">\n<div class=\"magic-8\">Mat\u00e9riel Mat\u00e9rielMat\u00e9riel Mat\u00e9riel<\/div>\n<\/td>\n<td colspan=\"1\" rowspan=\"1\">\n<div class=\"magic-9\" data-spm-anchor-id=\"a2700.details.0.i22.1c78686fCgZ2uz\">100 % polyester<\/div>\n<\/td>\n<\/tr>\n<tr>\n<td colspan=\"1\" rowspan=\"1\">\n<div class=\"magic-8\">Saison<\/div>\n<\/td>\n<td colspan=\"1\" rowspan=\"1\">\n<div class=\"magic-9\">Printemps, Automne, Hiver<\/div>\n<\/td>\n<\/tr>\n<tr>\n<td colspan=\"1\" rowspan=\"1\">\n<div class=\"magic-8\">Style StyleStyle Style<\/div>\n<\/td>\n<td colspan=\"1\" rowspan=\"1\">\n<div class=\"magic-9\">Entreprise<\/div>\n<\/td>\n<\/tr>\n<tr>\n<td colspan=\"1\" rowspan=\"1\">\n<div class=\"magic-8\">N.O.<\/div>\n<\/td>\n<td colspan=\"1\" rowspan=\"1\">\n<div class=\"magic-9\">60 g<\/div>\n<\/td>\n<\/tr>\n<tr>\n<td colspan=\"1\" rowspan=\"1\">\n<div class=\"magic-8\">Mot-cl\u00e9<\/div>\n<\/td>\n<td colspan=\"1\" rowspan=\"1\">\n<div class=\"magic-9\">Cravate \u00e0 logo<\/div>\n<\/td>\n<\/tr>\n<\/tbody>\n<\/table>\n<table border=\"2\" width=\"962\" cellspacing=\"0\" cellpadding=\"0\">\n<tbody>\n<tr>\n<td height=\"31\" data-spm-anchor-id=\"a2700.wholesale.0.i21.612c71535Y8m7B\">ARTICLE<\/td>\n<td>Quantit\u00e9<\/td>\n<td>GOUSSET<\/td>\n<td>Num\u00e9rique<\/td>\n<td>Exemple de frais<\/td>\n<td> d\u00e9lai de mise en \u0153uvre<\/td>\n<\/tr>\n<tr>\n<td rowspan=\"6\" height=\"122\">polyester<br \/>\n(cravate scolaire)<br \/>\nfait \u00e0 la machine<br \/>\n960 broches<\/td>\n<td>50 pi\u00e8ces<\/td>\n<td>1,70 $<\/td>\n<td><\/td>\n<td rowspan=\"6\">15,00 $<\/td>\n<td rowspan=\"6\">7 jours<\/td>\n<\/tr>\n<tr>\n<td height=\"19\">100 pi\u00e8ces<\/td>\n<td>1,50 $<\/td>\n<td><\/td>\n<\/tr>\n<tr>\n<td height=\"22\">300 pi\u00e8ces<\/td>\n<td>1,30 $<\/td>\n<td><\/td>\n<\/tr>\n<tr>\n<td height=\"19\">500 pi\u00e8ces<\/td>\n<td>1,10 $<\/td>\n<td><\/td>\n<\/tr>\n<tr>\n<td height=\"21\">1000 pi\u00e8ces<\/td>\n<td>0,80 $<\/td>\n<td><\/td>\n<\/tr>\n<tr>\n<td height=\"21\">2000 pi\u00e8ces<\/td>\n<td>0,70 $<\/td>\n<td><\/td>\n<\/tr>\n<tr>\n<td rowspan=\"7\" height=\"148\">imprim\u00e9 polyester<\/td>\n<td>50 pi\u00e8ces<\/td>\n<td>3,00 $<\/td>\n<td>3,00 $<\/td>\n<td rowspan=\"3\">s\u00e9rigraphie imprim\u00e9e<br \/>\n30 USD par \u00e9cran<\/td>\n<td rowspan=\"3\">10 jours<\/td>\n<\/tr>\n<tr>\n<td height=\"21\">100 pi\u00e8ces<\/td>\n<td>2,50 $<\/td>\n<td>2,50 $<\/td>\n<\/tr>\n<tr>\n<td height=\"21\">300 pi\u00e8ces<\/td>\n<td>1,50 $<\/td>\n<td>1,80 $<\/td>\n<\/tr>\n<tr>\n<td height=\"21\">500 pi\u00e8ces<\/td>\n<td>1,20 $<\/td>\n<td>1,50 $<\/td>\n<td rowspan=\"4\">impression num\u00e9rique<br \/>\n100 USD par mod\u00e8le<\/td>\n<td rowspan=\"4\">7 jours<\/td>\n<\/tr>\n<tr>\n<td height=\"21\">1000 pi\u00e8ces<\/td>\n<td>1,10 $<\/td>\n<td>1,30 $<\/td>\n<\/tr>\n<tr>\n<td height=\"20\">2000 pi\u00e8ces<\/td>\n<td>1,00 $<\/td>\n<td>1,20 $<\/td>\n<\/tr>\n<tr>\n<td height=\"23\">3000 pi\u00e8ces<\/td>\n<td>0,90 $<\/td>\n<td>1,10 $<\/td>\n<\/tr>\n<tr>\n<td rowspan=\"8\" height=\"161\"> microfibre<br \/>\n(club, entreprise)<br \/>\nfaire main<br \/>\n1200 broches<\/td>\n<td>50 pi\u00e8ces<\/td>\n<td>2,40 $<\/td>\n<td><\/td>\n<td rowspan=\"8\">15,00 $<\/td>\n<td rowspan=\"14\"> 7 jours<\/td>\n<\/tr>\n<tr>\n<td height=\"19\">100 pi\u00e8ces<\/td>\n<td>2,10 $<\/td>\n<td><\/td>\n<\/tr>\n<tr>\n<td height=\"23\">200 pi\u00e8ces<\/td>\n<td>1,90 $<\/td>\n<td><\/td>\n<\/tr>\n<tr>\n<td height=\"19\">300 pi\u00e8ces<\/td>\n<td>1,80 $<\/td>\n<td><\/td>\n<\/tr>\n<tr>\n<td height=\"19\">500 pi\u00e8ces<\/td>\n<td>1,60 $<\/td>\n<td><\/td>\n<\/tr>\n<tr>\n<td height=\"19\">1000 pi\u00e8ces<\/td>\n<td>1,40 $<\/td>\n<td><\/td>\n<\/tr>\n<tr>\n<td height=\"19\">2000 pi\u00e8ces<\/td>\n<td>1,35 $<\/td>\n<td><\/td>\n<\/tr>\n<tr>\n<td height=\"20\">3000 pi\u00e8ces<\/td>\n<td>1,30 $<\/td>\n<td><\/td>\n<\/tr>\n<tr>\n<td rowspan=\"6\" height=\"115\">Soie<br \/>\ncravate faite \u00e0 la main<br \/>\n1200 broches<\/td>\n<td>50 pi\u00e8ces<\/td>\n<td>4,90 $<\/td>\n<td><\/td>\n<td rowspan=\"6\">30,00 $<\/td>\n<\/tr>\n<tr>\n<td height=\"19\">100 pi\u00e8ces<\/td>\n<td>4,70 $<\/td>\n<td><\/td>\n<\/tr>\n<tr>\n<td height=\"19\">300 pi\u00e8ces<\/td>\n<td>4,50 $<\/td>\n<td><\/td>\n<\/tr>\n<tr>\n<td height=\"19\">500 pi\u00e8ces<\/td>\n<td>4,45 $<\/td>\n<td><\/td>\n<\/tr>\n<tr>\n<td height=\"19\">1000 pi\u00e8ces<\/td>\n<td>4,40 $<\/td>\n<td><\/td>\n<\/tr>\n<tr>\n<td height=\"20\">2000 pi\u00e8ces<\/td>\n<td>4,35 $<\/td>\n<td><\/td>\n<\/tr>\n<tr>\n<td rowspan=\"6\" height=\"115\">s\u00e9rigraphie imprim\u00e9e<\/td>\n<td>50 pi\u00e8ces<\/td>\n<td>4,90 $<\/td>\n<td>4,90 $<\/td>\n<td rowspan=\"3\">s\u00e9rigraphie imprim\u00e9e<br \/>\n30 USD par \u00e9cran<\/td>\n<td rowspan=\"3\">10 jours<\/td>\n<\/tr>\n<tr>\n<td height=\"19\">100 pi\u00e8ces<\/td>\n<td>4,00 $<\/td>\n<td>4,20 $<\/td>\n<\/tr>\n<tr>\n<td height=\"19\">300 pi\u00e8ces<\/td>\n<td>3,50 $<\/td>\n<td>3,70 $<\/td>\n<\/tr>\n<tr>\n<td height=\"19\">500 pi\u00e8ces<\/td>\n<td>3,30 $<\/td>\n<td>3,50 $<\/td>\n<td rowspan=\"3\">impression num\u00e9rique<br \/>\n100 USD par mod\u00e8le<\/td>\n<td rowspan=\"3\">7 jours<\/td>\n<\/tr>\n<tr>\n<td height=\"19\">1000 pi\u00e8ces<\/td>\n<td>3,20 $<\/td>\n<td data-spm-anchor-id=\"a2700.wholesale.0.i31.612c71535Y8m7B\">3,40 $<\/td>\n<\/tr>\n<tr>\n<td height=\"20\">2000 pi\u00e8ces<\/td>\n<td>3,10 $<\/td>\n<td>3,30 $<\/td>\n<\/tr>\n<tr>\n<td rowspan=\"7\" height=\"134\">Fret en Europe<br \/>\nLivraison DHL porte \u00e0 porte<br \/>\ncravates<\/td>\n<td>50 pi\u00e8ces<\/td>\n<td>2,00 USD\/pi\u00e8ce<\/td>\n<td><\/td>\n<td><\/td>\n<td><\/td>\n<\/tr>\n<tr>\n<td height=\"19\">100 pi\u00e8ces<\/td>\n<td>1,50 USD\/pi\u00e8ce<\/td>\n<td><\/td>\n<td><\/td>\n<td><\/td>\n<\/tr>\n<tr>\n<td height=\"19\">200 pi\u00e8ces<\/td>\n<td>1,20 USD\/pi\u00e8ce<\/td>\n<td><\/td>\n<td><\/td>\n<td><\/td>\n<\/tr>\n<tr>\n<td height=\"19\">300 pi\u00e8ces<\/td>\n<td>0,90 USD\/pi\u00e8ce<\/td>\n<td><\/td>\n<td><\/td>\n<td><\/td>\n<\/tr>\n<tr>\n<td height=\"19\">500 pi\u00e8ces<\/td>\n<td>0,70 USD\/pi\u00e8ce<\/td>\n<td><\/td>\n<td><\/td>\n<td><\/td>\n<\/tr>\n<tr>\n<td height=\"19\">1000 pi\u00e8ces<\/td>\n<td>0,65 USD\/pi\u00e8ce<\/td>\n<td><\/td>\n<td><\/td>\n<td><\/td>\n<\/tr>\n<tr>\n<td height=\"20\">2000 pi\u00e8ces<\/td>\n<td>0,60 USD\/pi\u00e8ce<\/td>\n<td><\/td>\n<td><\/td>\n<td><\/td>\n<\/tr>\n<\/tbody>\n<\/table>\n<div>\n<p><strong><span data-spm-anchor-id=\"a2700.wholesale.0.i41.612c71535Y8m7B\">Comment commander<\/span><\/strong><\/p>\n<\/div>\n<div>\n<ol>\n<li>21545Design:Send4545555555555555555555555555555555555555555555555555 us yo<strong>ur desi<\/strong>Illustration GN \u00e0 partir d&rsquo;un fichier JPG (assurez-vous qu&rsquo;il s&rsquo;agit d&rsquo;un fichier haute d\u00e9finition).<\/li>\n<li><strong>Confirmation du tissu :<\/strong>Pour le choix du mat\u00e9riau, nous proposons : soie tiss\u00e9e, polyester tiss\u00e9 1200 aiguilles, polyester tiss\u00e9 2400 aiguilles, polyester tiss\u00e9 960 aiguilles, soie imprim\u00e9e, polyester imprim\u00e9.<\/li>\n<li data-spm-anchor-id=\"a2700.wholesale.0.i40.612c71535Y8m7B\"><strong>Fabrication:<\/strong>Choisissez entre nos deux m\u00e9thodes de fabrication : artisanale ou industrielle. La fabrication industrielle, g\u00e9n\u00e9ralement utilis\u00e9e pour les cravates scolaires, offre une r\u00e9sistance bien sup\u00e9rieure. <\/li>\n<li><strong>Citation:<\/strong>Indiquez-nous la quantit\u00e9 que vous souhaitez commander, nous vous proposerons le meilleur prix d&rsquo;usine.<\/li>\n<li>Service apr\u00e8s-vente : En cas de probl\u00e8me de qualit\u00e9 ou de question, veuillez nous contacter imm\u00e9diatement dans les deux mois suivant l\u2019achat. Nous vous aiderons \u00e0 r\u00e9soudre le probl\u00e8me gratuitement. Paiement : Apr\u00e8s<strong> Nous confirmons le prix. Plusieurs modes de paiement sont disponibles. Nous recommandonsbbbbbbbbbbbbbb<\/strong>Vous pouvez payer via PayPal, Western Union, MoneyProgram ou AliExpress pour les \u00e9chantillons et par virement bancaire pour la production. <\/li>\n<li><strong>\u00c9chantillonnage:<\/strong>D\u00e8s r\u00e9ception du paiement, nous proc\u00e9derons \u00e0 l&rsquo;\u00e9chantillonnage dans les plus brefs d\u00e9lais. Cela prend g\u00e9n\u00e9ralement entre 7 et 10 jours. <\/li>\n<li><strong>Livraison:<\/strong>Nous utilisons le transport express international pour l&rsquo;envoi de nos \u00e9chantillons ; ils vous parviendront g\u00e9n\u00e9ralement sous 3 \u00e0 7 jours ouvrables avec une grande efficacit\u00e9 ; pour la production, nous privil\u00e9gions le transport a\u00e9rien ou maritime, solution plus \u00e9conomique.<\/li>\n<li><strong>Service apr\u00e8s-vente :<\/strong>En cas de probl\u00e8me de qualit\u00e9 ou de question, veuillez nous contacter imm\u00e9diatement. Dans un d\u00e9lai de deux mois, nous vous aiderons \u00e0 r\u00e9soudre le probl\u00e8me gratuitement.<\/li>\n<\/ol>\n<div>\n<p><strong><span data-spm-anchor-id=\"a2700.wholesale.0.i43.612c71535Y8m7B\">FAQ<\/span><\/strong><\/p>\n<\/div>\n<div>\n<ul>\n<li><strong>Quels types de mat\u00e9riaux peut-on utiliser pour une cravate ?<\/strong>\n<ul>\n<li>Nous proposons : soie tiss\u00e9e, polyester tiss\u00e9 1200 aiguilles, polyester tiss\u00e9 2400 aiguilles, polyester tiss\u00e9 960 aiguilles, soie imprim\u00e9e, polyester imprim\u00e9.<\/li>\n<\/ul>\n<\/li>\n<\/ul>\n<ul>\n<li><strong>Puis-je tisser ou imprimer mon propre motif ?<\/strong>\n<ul>\n<li>Bien s\u00fbr, nous pouvons le faire, il vous suffit de nous envoyer votre design. De plus, nous avons des milliers de mod\u00e8les \u00e0 vous proposer. <\/li>\n<\/ul>\n<\/li>\n<\/ul>\n<ul>\n<li><strong>O\u00f9 puis-je me procurer vos cr\u00e9ations ?<\/strong>\n<ul>\n<li>Sur demande, nous pouvons vous envoyer des photos d&rsquo;\u00e9chantillons au format JPG par e-mail, ou vous envoyer une carte d&rsquo;\u00e9chantillons par courrier \u00e0 vos frais.<\/li>\n<\/ul>\n<\/li>\n<\/ul>\n<ul>\n<li><strong>Serait-il possible d&rsquo;obtenir un \u00e9chantillon de cravate personnalis\u00e9 ?<\/strong>\n<ul>\n<li>Bien s\u00fbr, nous pouvons pr\u00e9parer l&rsquo;\u00e9chantillon de cravate en 7 \u00e0 10 jours.<\/li>\n<\/ul>\n<\/li>\n<\/ul>\n<ul>\n<li><strong>Quelle est votre quantit\u00e9 minimale de commande ?<\/strong>\n<ul>\n<li>Notre quantit\u00e9 minimale de commande est de 50 pi\u00e8ces par mod\u00e8le\/couleur. Le prix est flexible et d\u00e9pend de la quantit\u00e9 command\u00e9e. <\/li>\n<\/ul>\n<\/li>\n<\/ul>\n<ul>\n<li><strong>Quel est le prix pour un \u00e9chantillonnage par \u00e9galit\u00e9 ?<\/strong>\n<ul>\n<li>Le prix varie selon le tissu, veuillez donc nous contacter ; notre service commercial vous proposera le meilleur prix.<\/li>\n<\/ul>\n<\/li>\n<\/ul>\n<ul>\n<li><strong>Quel est votre d\u00e9lai de livraison ?<\/strong>\n<ul>\n<li>\u00c9chantillonnage : 7 \u00e0 10 jours, commande en gros : 15 \u00e0 20 jours.<\/li>\n<\/ul>\n<\/li>\n<\/ul>\n<ul>\n<li><strong>Comment dois-je effectuer le paiement ?<\/strong>\n<ul>\n<li>Nous vous recommandons de payer par PayPal, Western Union, MoneyProgram ou AliPay pour les petits montants (moins de 1 000 USD), par virement bancaire pour les montants plus importants et par lettre de cr\u00e9dit pour les montants sup\u00e9rieurs \u00e0 10 000 USD. <\/li>\n<\/ul>\n<\/li>\n<\/ul>\n<ul>\n<li><strong>Quels types de certificats poss\u00e9dez-vous ?<\/strong>\n<ul>\n<li>BSCI, FWF.<\/li>\n<\/ul>\n<\/li>\n<\/ul>\n<ul>\n<li><strong>Vos cravates sont-elles conformes aux normes europ\u00e9ennes ?<\/strong>\n<ul>\n<li data-spm-anchor-id=\"a2700.wholesale.0.i42.612c71535Y8m7B\">Oui, nous effectuons g\u00e9n\u00e9ralement des tests aupr\u00e8s de BV pour des clients tels que H&amp;M et Peacocks.<\/li>\n<\/ul>\n<\/li>\n<\/ul>\n<h3>Qui sommes-nous ? Qui sommes-nous ?<\/h3>\n<p><a href=\"https:\/\/logo-tie.com\">Cravate \u00e0 logo<\/a>Fabricant : Shengzhou Covherlab Garment&amp;Accessories Co., Ltd, situ\u00e9e \u00e0 Shaoxing, dans le Zhejiang, en Chine, est l&rsquo;une des principales usines du secteur en Chine. Notre entreprise principalement produite et commerciale, bas\u00e9e sur le d\u00e9veloppement \u00e0 long terme, mise au point sur la gestion de base et la qualit\u00e9 de la production, \u00e0 un produit complet, sain, apr\u00e8s le service et le syst\u00e8me de logistique. Depuis son \u00e9tablissement, son entreprise adh\u00e8re \u00e0 la philosophie d&rsquo;affaires de la \u00ab gestion int\u00e9gr\u00e9e, du service de haute qualit\u00e9 et du profit pour les clients \u00bb, d\u00e9di\u00e9e \u00e0 fournir des clients avec le meilleur service de qualit\u00e9 et les meilleurs produits de co\u00fbt, et le recours \u00e0 Internet pour vendre des produits de qualit\u00e9 dans le monde. Depuis son \u00e9tablissement, son entreprise adh\u00e8re \u00e0 la philosophie d&rsquo;affaires de la \u00ab gestion int\u00e9gr\u00e9e, du service de haute qualit\u00e9 et du profit pour les clients \u00bb, d\u00e9di\u00e9e \u00e0 fournir des clients avec le meilleur service de qualit\u00e9 et les meilleurs produits de co\u00fbt, et le recours \u00e0 Internet pour vendre des produits de qualit\u00e9 dans le monde. co\u00fbt, et le recours \u00e0 Internet pour vendre des produits de qualit\u00e9 dans le monde. Depuis son \u00e9tablissement, son entreprise adh\u00e8re \u00e0 la philosophie d&rsquo;affaires de la \u00ab gestion int\u00e9gr\u00e9e, du service de haute qualit\u00e9 et du profit pour les clients \u00bb, d\u00e9di\u00e9e \u00e0 fournir des clients avec le meilleur service de qualit\u00e9 et les meilleurs produits de co\u00fbt, et le recours \u00e0 Internet pour vendre des produits de qualit\u00e9 dans le monde.<\/p>\n<p>Nous disposons de plus de 8 000 pi\u00e8ces de capacit\u00e9 de production pour cravates et autres v\u00eatements par jour. Notre gamme de produits comprend des cravates, des tissus teints en fil pour cravates et v\u00eatements, foulards et mouchoirs, gilets, n\u0153uds papillons et autres accessoires pour porter le cou. Nos produits sont fabriqu\u00e9s par un excellent travail, la qualit\u00e9 sup\u00e9rieure du mat\u00e9riel brut et le haut de gamme. Ensuite, on peut vous offrir le meilleur prix et le prix le plus comp\u00e9titif. Nous sommes tr\u00e8s engag\u00e9s dans l&rsquo;exportation d&rsquo;affaires, nous savons donc ce dont vous avez besoin et pouvons communiquer avec vous professionnellement en anglais. Nos clients viennent de tout le monde. Pour suivre attentivement les tendances internationales les plus populaires, nos designers sont capables de cr\u00e9er 500 nouveaux designs tous les 3 mois pour r\u00e9pondre \u00e0 vos demandes de designs de mode et de couleurs dans le monde. Nous avons \u00e9tabli comme une haute r\u00e9putation de l&rsquo;honn\u00eatet\u00e9, de la fiabilit\u00e9 et de l&rsquo;exp\u00e9rience, que nos clients nous font confiance et que nous voulons garder la collaboration avec nous. Si vous souhaitez de plus amples renseignements sur notre entreprise, nos produits et nos services, veuillez communiquer avec nous ou visiter notre site Web pour plus de d\u00e9tails. Vous serez grandement appr\u00e9ci\u00e9 car nous nous engageons \u00e0 configurer les nouveaux partenaires avec divers amis du monde entier.Nous disposons de plus de 8 000 pi\u00e8ces de capacit\u00e9 de production pour cravates et autres v\u00eatements par jour. Notre gamme de produits comprend des cravates, des tissus teints en fil pour cravates et v\u00eatements, foulards et mouchoirs, gilets, n\u0153uds papillons et autres accessoires pour porter le cou. Nos produits sont fabriqu\u00e9s par un excellent travail, la qualit\u00e9 sup\u00e9rieure du mat\u00e9riel brut et le haut de gamme. Ensuite, on peut vous offrir le meilleur prix et le prix le plus comp\u00e9titif. Nous sommes tr\u00e8s engag\u00e9s dans l&rsquo;exportation d&rsquo;affaires, nous savons donc ce dont vous avez besoin et pouvons communiquer avec vous professionnellement en anglais. Nos clients viennent de tout le monde. Pour suivre attentivement les tendances internationales les plus populaires, nos designers sont capables de cr\u00e9er 500 nouveaux designs tous les 3 mois pour r\u00e9pondre \u00e0 vos demandes de designs de mode et de couleurs dans le monde. Nous avons \u00e9tabli comme une haute r\u00e9putation de l&rsquo;honn\u00eatet\u00e9, de la fiabilit\u00e9 et de l&rsquo;exp\u00e9rience, que nos clients nous font confiance et que nous voulons garder la collaboration avec nous. Si vous souhaitez de plus amples renseignements sur notre entreprise, nos produits et nos services, veuillez communiquer avec nous ou visiter notre site Web pour plus de d\u00e9tails. Vous serez grandement appr\u00e9ci\u00e9 car nous nous engageons \u00e0 configurer les nouveaux partenaires avec divers amis du monde entier.         <\/p>\n<\/div>\n<\/div>\n<p>&nbsp;<\/p>\n","protected":false},"excerpt":{"rendered":"<p>Nous sommes Manufacture situ\u00e9e en Chine. Si vous voulez acheter un stock de cravates dans le dernier prix, vous pouvez vous renseigner ci-dessous. <\/p>\n<p>Si vous avez besoin d&rsquo;une commande personnalis\u00e9e, ou d&rsquo;un ordre OEM\/ODM, envoyez votre design par EMAIL.<\/p>\n<p>Courriel :<a href=\"mailto:supply@tiesupplier.com\">supply@tiesupplier.com<\/a><\/p>\n","protected":false},"featured_media":3840,"comment_status":"open","ping_status":"closed","template":"","meta":[],"product_cat":[111],"product_tag":[360,362,361,112,366,113],"class_list":["post-7779","product","type-product","status-publish","has-post-thumbnail","hentry","product_cat-tie","product_tag-cravate-a-rayures","product_tag-cravate-en-microfibre","product_tag-cravate-en-polyester","product_tag-neck-tie","product_tag-promotion-tie","product_tag-wholesale-tie","pa_material-polyester"],"aioseo_notices":[],"_links":{"self":[{"href":"https:\/\/tiesupplier.com\/fr\/wp-json\/wp\/v2\/product\/7779","targetHints":{"allow":["GET"]}}],"collection":[{"href":"https:\/\/tiesupplier.com\/fr\/wp-json\/wp\/v2\/product"}],"about":[{"href":"https:\/\/tiesupplier.com\/fr\/wp-json\/wp\/v2\/types\/product"}],"replies":[{"embeddable":true,"href":"https:\/\/tiesupplier.com\/fr\/wp-json\/wp\/v2\/comments?post=7779"}],"version-history":[{"count":0,"href":"https:\/\/tiesupplier.com\/fr\/wp-json\/wp\/v2\/product\/7779\/revisions"}],"wp:featuredmedia":[{"embeddable":true,"href":"https:\/\/tiesupplier.com\/fr\/wp-json\/wp\/v2\/media\/3840"}],"wp:attachment":[{"href":"https:\/\/tiesupplier.com\/fr\/wp-json\/wp\/v2\/media?parent=7779"}],"wp:term":[{"taxonomy":"product_cat","embeddable":true,"href":"https:\/\/tiesupplier.com\/fr\/wp-json\/wp\/v2\/product_cat?post=7779"},{"taxonomy":"product_tag","embeddable":true,"href":"https:\/\/tiesupplier.com\/fr\/wp-json\/wp\/v2\/product_tag?post=7779"}],"curies":[{"name":"wp","href":"https:\/\/api.w.org\/{rel}","templated":true}]}}