{"id":7781,"date":"2025-11-25T13:13:27","date_gmt":"2025-11-25T13:13:27","guid":{"rendered":"https:\/\/tiesupplier.com\/product\/service-clientservice-clientst-josephs-college-logo-tie\/"},"modified":"2025-11-25T13:13:27","modified_gmt":"2025-11-25T13:13:27","slug":"service-clientservice-clientst-josephs-college-logo-tie","status":"publish","type":"product","link":"https:\/\/tiesupplier.com\/fr\/product\/service-clientservice-clientst-josephs-college-logo-tie\/","title":{"rendered":"Service clientService clientST JOSEPH&rsquo;S COLLEGE LOGO TIE"},"content":{"rendered":"<table class=\"is-zebra all magic-4\">\n<tbody>\n<tr>\n<td colspan=\"1\" rowspan=\"1\">\n<div class=\"magic-5\">\n<div class=\"magic-6\" data-spm-anchor-id=\"0.0.0.i42.49274f0591m7X9\"><b data-spm-anchor-id=\"0.0.0.i28.49274f05avYhT5\"><span class=\"magic-7\" style=\"color: #811313; font-family: Arial;\">Design, couleur et logo<\/span><\/b><\/div>\n<\/div>\n<\/td>\n<td colspan=\"1\" rowspan=\"1\">\n<div class=\"magic-8\">\n<div class=\"magic-9\" data-spm-anchor-id=\"0.0.0.i104.49274f05avYhT5\"><span class=\"magic-10\" style=\"font-family: Arial;\"><span class=\"magic-11\" data-spm-anchor-id=\"0.0.0.i86.49274f05avYhT5\">Bienvenue \u00e0 Personnalis\u00e9. \u00e0 Personnalis\u00e9.Bienvenue \u00e0 Personnalis\u00e9. \u00e0 Personnalis\u00e9. <\/span><b class=\"magic-11\" data-spm-anchor-id=\"0.0.0.i226.49274f05avYhT5\"><span class=\"magic-11\">Rendez votre logo unique.<\/span><\/b><\/span><\/div>\n<\/div>\n<\/td>\n<\/tr>\n<tr>\n<td colspan=\"1\" rowspan=\"1\">\n<div class=\"magic-5\">\n<div class=\"magic-6\" data-spm-anchor-id=\"0.0.0.i169.49274f05avYhT5\"><span class=\"magic-12\" style=\"color: #8a1616; font-family: Arial;\"><b class=\"magic-11\">Mat\u00e9riel Mat\u00e9rielMat\u00e9riel Mat\u00e9riel Mat\u00e9rielMat\u00e9riel Mat\u00e9rielMat\u00e9riel Mat\u00e9rielMat\u00e9riel Mat\u00e9riel Mat\u00e9rielMat\u00e9riel Mat\u00e9riel<\/b><\/span><\/div>\n<\/div>\n<\/td>\n<td colspan=\"1\" rowspan=\"1\">\n<div class=\"magic-8\">\n<div class=\"magic-9\" data-spm-anchor-id=\"0.0.0.i199.49274f05avYhT5\"><span class=\"magic-10\" style=\"font-family: Arial;\"><span class=\"magic-11\">Tissu jacquard en pure soie, imprim\u00e9 en pure soie : serg\u00e9 16 mm, satin 16 mm, m\u00e9langes de soie : soie et coton, soie et viscose, soie et laine, soie et lin, polyester, coton, lin, laine, etc.<b class=\"magic-11\" data-spm-anchor-id=\"0.0.0.i216.49274f05avYhT5\">Grand espace de rangement pour <\/b><\/span><b class=\"magic-11\" data-spm-anchor-id=\"0.0.0.i219.49274f05avYhT5\"><span class=\"magic-11\">Votre s\u00e9lection.<\/span><\/b><\/span><\/div>\n<\/div>\n<\/td>\n<\/tr>\n<tr>\n<td colspan=\"1\" rowspan=\"1\">\n<div class=\"magic-5\">\n<div class=\"magic-6\" data-spm-anchor-id=\"0.0.0.i180.49274f05avYhT5\"><b class=\"magic-11\"><span class=\"magic-12\" style=\"color: #8a1616; font-family: Arial;\">Pour moi moiPour moi moi<\/span><\/b><\/div>\n<\/div>\n<\/td>\n<td colspan=\"1\" rowspan=\"1\">\n<div class=\"magic-8\"><span class=\"magic-10\" style=\"font-family: Arial;\">Demi-bouteille, bouteille ou bouteille droite.<\/span><\/div>\n<\/td>\n<\/tr>\n<tr>\n<td colspan=\"1\" rowspan=\"1\">\n<div class=\"magic-5\">\n<div class=\"magic-6\"><b class=\"magic-11\" data-spm-anchor-id=\"0.0.0.i182.49274f05avYhT5\"><span class=\"magic-12\" style=\"color: #8a1616; font-family: Arial;\">Accessoires vAccessoires v<\/span><\/b><\/div>\n<\/div>\n<\/td>\n<td colspan=\"1\" rowspan=\"1\">\n<div class=\"magic-8\"><span class=\"magic-10\" style=\"font-family: Arial;\"><span class=\"magic-11\">\u00c9tiquettes de main personnalis\u00e9es, \u00e9tiquettes de s\u00e9curit\u00e9, codes-barres, autocollants, sacs \u00e0 main, bo\u00eete de cadeaux, etc. <\/span><span class=\"magic-11\"><b class=\"magic-11\" data-spm-anchor-id=\"0.0.0.i241.49274f05avYhT5\">Acceptez vos demandes sp\u00e9ciales, vous permettant d&rsquo;\u00e9conomiser du temps et des soucis.Acceptez vos demandes sp\u00e9ciales, vous permettant d&rsquo;\u00e9conomiser du temps et des soucis.<\/b><\/span><\/span><\/div>\n<\/td>\n<\/tr>\n<tr>\n<td colspan=\"1\" rowspan=\"1\">\n<div class=\"magic-5\">\n<div class=\"magic-6\"><b class=\"magic-11\"><span class=\"magic-12\" style=\"color: #8a1616; font-family: Arial;\"> Fonctions FonctionsFonctions Fonctions<\/span><\/b><\/div>\n<\/div>\n<\/td>\n<td colspan=\"1\" rowspan=\"1\">\n<div class=\"magic-8\"><span class=\"magic-10\" style=\"font-family: Arial;\">Use for wedding,<span class=\"magic-11\">Meeting,Party etc.<\/span><\/span><\/div>\n<\/td>\n<\/tr>\n<tr>\n<td colspan=\"1\" rowspan=\"1\">\n<div class=\"magic-5\">\n<div class=\"magic-6\"><b class=\"magic-11\"><span class=\"magic-12\" style=\"color: #8a1616; font-family: Arial;\"> Artwork<\/span><\/b><\/div>\n<\/div>\n<\/td>\n<td colspan=\"1\" rowspan=\"1\">\n<div class=\"magic-8\"><span class=\"magic-10\" style=\"font-family: Arial;\"><span class=\"magic-11\">Les fichiers de conception au format AI, CDR, PDF, JPG. <\/span><b class=\"magic-11\" data-spm-anchor-id=\"0.0.0.i245.49274f05avYhT5\"><span class=\"magic-11\">Transformez votre bonne id\u00e9e en r\u00e9alit\u00e9.<\/span><\/b><\/span><\/div>\n<\/td>\n<\/tr>\n<tr>\n<td colspan=\"1\" rowspan=\"1\">\n<div class=\"magic-5\">\n<div class=\"magic-6\"><b class=\"magic-11\"><span class=\"magic-12\" style=\"color: #8a1616; font-family: Arial;\">Avantages <\/span><\/b><\/div>\n<\/div>\n<\/td>\n<td colspan=\"1\" rowspan=\"1\">\n<div class=\"magic-8\"><span class=\"magic-10\" style=\"font-family: Arial;\"><b class=\"magic-11\" data-spm-anchor-id=\"0.0.0.i19.49274f0591m7X9\">Personnalisez chaque cravate avec votre propre design<\/b><\/span><\/div>\n<\/td>\n<\/tr>\n<tr>\n<td colspan=\"1\" rowspan=\"1\">\n<div class=\"magic-5\">\n<div class=\"magic-6\"><b class=\"magic-11\"><span class=\"magic-12\" style=\"color: #8a1616; font-family: Arial;\"> Emballage<\/span><\/b><\/div>\n<\/div>\n<\/td>\n<td colspan=\"1\" rowspan=\"1\">\n<div class=\"magic-8\"><span class=\"magic-10\" style=\"font-family: Arial;\">Une pi\u00e8ce dans un poly bag, 100 pi\u00e8ces \/ bo\u00eete int\u00e9rieure, 3 bo\u00eetes int\u00e9rieures dans un carton avec sac \u00e9tanche. <b class=\"magic-11\" data-spm-anchor-id=\"0.0.0.i258.49274f05avYhT5\"><span class=\"magic-11\">Fais ce que tu veux, pense \u00e0 ce qui te tient \u00e0 c\u0153ur.<\/span><\/b><\/span><\/div>\n<\/td>\n<\/tr>\n<tr>\n<td colspan=\"1\" rowspan=\"1\">\n<div class=\"magic-5\">\n<div class=\"magic-6\"><b class=\"magic-11\"><span class=\"magic-12\" style=\"color: #8a1616; font-family: Arial;\">Taille TailleTaille Taille<\/span><\/b><\/div>\n<\/div>\n<\/td>\n<td colspan=\"1\" rowspan=\"1\">\n<div class=\"magic-8\"><span class=\"magic-10\" style=\"font-family: Arial;\">(4 &#8211; 9)CM Width,(110 &#8211; 165)CM Length-According to customers&rsquo; specific request. <b class=\"magic-11\"><span class=\"magic-11\">Make<\/span><\/b> <span class=\"magic-11\"><b class=\"magic-11\" data-spm-anchor-id=\"0.0.0.i1.49274f05t2z7C8\">Appointed Size to Match Your Neck<\/b><\/span><\/span><\/div>\n<\/td>\n<\/tr>\n<tr>\n<td colspan=\"1\" rowspan=\"1\">\n<div class=\"magic-5\">\n<div class=\"magic-6\"><b class=\"magic-11\"><span class=\"magic-12\" style=\"color: #8a1616; font-family: Arial;\">Exemple de co\u00fbt<\/span><\/b><\/div>\n<\/div>\n<\/td>\n<td colspan=\"1\" rowspan=\"1\">\n<div class=\"magic-8\"><span class=\"magic-10\" style=\"font-family: Arial;\">Exemple d&rsquo;\u00e9chantillon disponible gratuitement. <b class=\"magic-11\" data-spm-anchor-id=\"0.0.0.i269.49274f05avYhT5\"><span class=\"magic-11\">Vous avez juste besoin de payer pour les frais d\u2019exp\u00e9dition DHL.<\/span><\/b><\/span><\/div>\n<\/td>\n<\/tr>\n<tr>\n<td colspan=\"1\" rowspan=\"1\">\n<div class=\"magic-5\">\n<div class=\"magic-6\"><b class=\"magic-11\"><span class=\"magic-12\" style=\"color: #8a1616; font-family: Arial;\">Temps d&rsquo;\u00e9chantillonnage et temps de traitement en masse<\/span><\/b><\/div>\n<\/div>\n<\/td>\n<td colspan=\"1\" rowspan=\"1\">\n<div class=\"magic-8\"><span class=\"magic-10\" style=\"font-family: Arial;\">D\u00e9lai d&rsquo;\u00e9chantillonnage : environ 7 \u00e0 15 jours ouvrables ; d\u00e9lai de production en s\u00e9rie : environ 4 \u00e0 6 semaines. <span class=\"magic-11\"><b class=\"magic-11\" data-spm-anchor-id=\"0.0.0.i24.49274f0591m7X9\">Notre professionnel, Votre Satisfaction.<\/b><\/span><\/span><\/div>\n<\/td>\n<\/tr>\n<tr>\n<td colspan=\"1\" rowspan=\"1\">\n<div class=\"magic-5\">\n<div class=\"magic-6\" data-spm-anchor-id=\"0.0.0.i67.49274f0591m7X9\"><b class=\"magic-11\"><span class=\"magic-12\" style=\"color: #8a1616; font-family: Arial;\">MOQ <\/span><\/b><\/div>\n<\/div>\n<\/td>\n<td colspan=\"1\" rowspan=\"1\">\n<div class=\"magic-8\"><span class=\"magic-10\" style=\"font-family: Arial;\">50 pi\u00e8ces. <b class=\"magic-11\" data-spm-anchor-id=\"0.0.0.i277.49274f05avYhT5\"><span class=\"magic-11\">Faible quantit\u00e9 minimale de commande pour \u00e9viter le gaspillage inutile de vos produits et de votre argent.<\/span><\/b><\/span><\/div>\n<\/td>\n<\/tr>\n<tr>\n<td colspan=\"1\" rowspan=\"1\">\n<div class=\"magic-5\">\n<div class=\"magic-6\"><b class=\"magic-11\"><span class=\"magic-12\" style=\"color: #8a1616; font-family: Arial;\">Modalit\u00e9s de paiement<\/span><\/b><\/div>\n<\/div>\n<\/td>\n<td colspan=\"1\" rowspan=\"1\">\n<div class=\"magic-8\"><span class=\"magic-10\" style=\"font-family: Arial;\">T\/T, Western Union, Cash, PayPal, Assurance commerciale, autres peuvent \u00eatre n\u00e9goci\u00e9s. <span class=\"magic-11\"><b class=\"magic-11\" data-spm-anchor-id=\"0.0.0.i29.49274f0591m7X9\">Seulement 30 % d&rsquo;acompte, optimisez votre capital flottant.<\/b><\/span><\/span><\/div>\n<\/td>\n<\/tr>\n<tr>\n<td colspan=\"1\" rowspan=\"1\">\n<div class=\"magic-5\">\n<div class=\"magic-6\"><b class=\"magic-11\" data-spm-anchor-id=\"0.0.0.i184.49274f05avYhT5\"><span class=\"magic-12\" style=\"color: #8a1616; font-family: Arial;\">Shipping<\/span><\/b><\/div>\n<\/div>\n<\/td>\n<td colspan=\"1\" rowspan=\"1\">\n<div class=\"magic-8\"><span class=\"magic-10\" style=\"font-family: Arial;\"><span class=\"magic-11\">Par Air ou DHL ou Mer. Si Choisissez par DHL<\/span> <b class=\"magic-11\" data-spm-anchor-id=\"0.0.0.i288.49274f05avYhT5\"><span class=\"magic-11\">C&rsquo;est plus rapide comme si vous achetez au march\u00e9 local.<\/span><\/b><\/span><\/div>\n<\/td>\n<\/tr>\n<tr>\n<td colspan=\"2\" rowspan=\"1\">\n<div class=\"magic-13\" data-spm-anchor-id=\"a2700.wholesale.0.i27.18a769d71qpB6J\"><span class=\"magic-14\" style=\"font-family: Arial;\">cravates, cravates pour hommes, cravates ma\u00e7onniques, cravates scolaires, cravates de cou, cravates \u00e0 fleurs, cravates, cravates pour hommes, cravate de cou, cravates de luxe, cravate en soie personnalis\u00e9e, cravate<br \/>\nCravate noire, coffret cadeau, cravate homme, cravates en soie homme, cravates homme, cravate en soie, cravate avec logo personnalis\u00e9, cravates en soie homme personnalis\u00e9es, cravate de bureau, cravate en soie faite main, cravate en soie \u00e0 motifs cachemire, cravates par sublimation, cravate pour homme, cravate en soie de Shengzhou, ensemble de cravates personnalisable, cravate de haute qualit\u00e9<\/span><\/div>\n<\/td>\n<\/tr>\n<\/tbody>\n<\/table>\n<div class=\"J_module\">\n<h3 id=\"ali-anchor-AliMagic-9sgwxj\" class=\"magic-3\" style=\"text-align: center;\" data-section=\"AliMagic-9sgwxj\" data-section-title=\"Company Profile\"><strong>Profil de l&rsquo;entreprise<\/strong><\/h3>\n<\/div>\n<div class=\"J_module\">\n<div class=\"detail-decorate-json-renderer-container\">\n<div class=\"magic-25\">\n<div class=\"magic-26\">\n<div class=\"magic-27\">\n<div class=\"magic-28\">\n<p class=\"magic-69\" data-spm-anchor-id=\"a2700.details.0.i29.2cf6738fJXf6p4\"><span class=\"magic-70\"><span class=\"magic-51\" style=\"font-family: Arial;\">Notre entreprise est l&rsquo;une des plus anciennes et des plus prestigieuses du secteur des cravates pour hommes, avec plus de 24 ans d&rsquo;exp\u00e9rience, 3 usines et plus de 2000 mod\u00e8les (cravates classiques, cravates fines, cravates tricot\u00e9es, n\u0153uds papillon, bretelles et gilets).<\/span><\/span><\/p>\n<p class=\"magic-69\"><span class=\"magic-70\"><span class=\"magic-51\" style=\"font-family: Arial;\">Nous avons obtenu de nombreuses commandes et fid\u00e9lis\u00e9 une client\u00e8le importante. Vous servir sera un honneur pour nous.<\/span><\/span><\/p>\n<p class=\"magic-69\" data-spm-anchor-id=\"a2700.details.0.i28.2cf6738fJXf6p4\"><span class=\"magic-70\"><span class=\"magic-51\" style=\"font-family: Arial;\">Notre slogan : Honn\u00eatet\u00e9, succ\u00e8s partag\u00e9 et croissance commune.<\/span><\/span><\/p>\n<\/div>\n<\/div>\n<\/div>\n<\/div>\n<\/div>\n<\/div>\n<h3 style=\"text-align: center;\"><strong>Qui sommes-nous ? Qui sommes-nous ?<\/strong><\/h3>\n<p>Le fabricant de fournitures de cravate : Shengzhou Covherlab Garment&amp;Accessories Co., Ltd, qui est situ\u00e9 \u00e0 Shaoxing, Zhejiang, Chine est l&rsquo;une de la fabrication de leader en Chine. Le fabricant de fournitures de cravate : Shengzhou Covherlab Garment&amp;Accessories Co., Ltd, qui est situ\u00e9 \u00e0 Shaoxing, Zhejiang, Chine est l&rsquo;une de la fabrication de leader en Chine.Le fabricant de fournitures de cravate : Shengzhou Covherlab Garment&amp;Accessories Co., Ltd, qui est situ\u00e9 \u00e0 Shaoxing, Zhejiang, Chine est l&rsquo;une de la fabrication de leader en Chine. Le fabricant de fournitures de cravate : Shengzhou Covherlab Garment&amp;Accessories Co., Ltd, qui est situ\u00e9 \u00e0 Shaoxing, Zhejiang, Chine est l&rsquo;une de la fabrication de leader en Chine. Notre entreprise principalement produite et commerciale, bas\u00e9e sur le d\u00e9veloppement \u00e0 long terme, mise au point sur la gestion de base et la qualit\u00e9 de la production, \u00e0 un produit complet, sain, apr\u00e8s le service et le syst\u00e8me de logistique. Depuis son \u00e9tablissement, son entreprise adh\u00e8re \u00e0 la philosophie d&rsquo;affaires de la \u00ab gestion int\u00e9gr\u00e9e, du service de haute qualit\u00e9 et du profit pour les clients \u00bb, d\u00e9di\u00e9e \u00e0 fournir des clients avec le meilleur service de qualit\u00e9 et les meilleurs produits de co\u00fbt, et le recours \u00e0 Internet pour vendre des produits de qualit\u00e9 dans le monde. Depuis son \u00e9tablissement, son entreprise adh\u00e8re \u00e0 la philosophie d&rsquo;affaires de la \u00ab gestion int\u00e9gr\u00e9e, du service de haute qualit\u00e9 et du profit pour les clients \u00bb, d\u00e9di\u00e9e \u00e0 fournir des clients avec le meilleur service de qualit\u00e9 et les meilleurs produits de co\u00fbt, et le recours \u00e0 Internet pour vendre des produits de qualit\u00e9 dans le monde. co\u00fbt, et le recours \u00e0 Internet pour vendre des produits de qualit\u00e9 dans le monde. Depuis son \u00e9tablissement, son entreprise adh\u00e8re \u00e0 la philosophie d&rsquo;affaires de la \u00ab gestion int\u00e9gr\u00e9e, du service de haute qualit\u00e9 et du profit pour les clients \u00bb, d\u00e9di\u00e9e \u00e0 fournir des clients avec le meilleur service de qualit\u00e9 et les meilleurs produits de co\u00fbt, et le recours \u00e0 Internet pour vendre des produits de qualit\u00e9 dans le monde.<\/p>\n<p>Nous disposons de plus de 8 000 pi\u00e8ces de capacit\u00e9 de production pour cravates et autres v\u00eatements par jour. Notre gamme de produits comprend des cravates, des tissus teints en fil pour cravates et v\u00eatements, foulards et mouchoirs, gilets, n\u0153uds papillons et autres accessoires pour porter le cou. Nos produits sont fabriqu\u00e9s par un excellent travail, la qualit\u00e9 sup\u00e9rieure du mat\u00e9riel brut et le haut de gamme. Ensuite, on peut vous offrir le meilleur prix et le prix le plus comp\u00e9titif. Nous sommes tr\u00e8s engag\u00e9s dans l&rsquo;exportation d&rsquo;affaires, nous savons donc ce dont vous avez besoin et pouvons communiquer avec vous professionnellement en anglais. Nos clients viennent de tout le monde. Pour suivre attentivement les tendances internationales les plus populaires, nos designers sont capables de cr\u00e9er 500 nouveaux designs tous les 3 mois pour r\u00e9pondre \u00e0 vos demandes de designs de mode et de couleurs dans le monde. Nous avons \u00e9tabli comme une haute r\u00e9putation de l&rsquo;honn\u00eatet\u00e9, de la fiabilit\u00e9 et de l&rsquo;exp\u00e9rience, que nos clients nous font confiance et que nous voulons garder la collaboration avec nous. Si vous souhaitez de plus amples renseignements sur notre entreprise, nos produits et nos services, veuillez communiquer avec nous ou visiter notre site Web pour plus de d\u00e9tails. Vous serez grandement appr\u00e9ci\u00e9 car nous nous engageons \u00e0 configurer les nouveaux partenaires avec divers amis du monde entier.Nous disposons de plus de 8 000 pi\u00e8ces de capacit\u00e9 de production pour cravates et autres v\u00eatements par jour. Notre gamme de produits comprend des cravates, des tissus teints en fil pour cravates et v\u00eatements, foulards et mouchoirs, gilets, n\u0153uds papillons et autres accessoires pour porter le cou. Nos produits sont fabriqu\u00e9s par un excellent travail, la qualit\u00e9 sup\u00e9rieure du mat\u00e9riel brut et le haut de gamme. Ensuite, on peut vous offrir le meilleur prix et le prix le plus comp\u00e9titif. Nous sommes tr\u00e8s engag\u00e9s dans l&rsquo;exportation d&rsquo;affaires, nous savons donc ce dont vous avez besoin et pouvons communiquer avec vous professionnellement en anglais. Nos clients viennent de tout le monde. Pour suivre attentivement les tendances internationales les plus populaires, nos designers sont capables de cr\u00e9er 500 nouveaux designs tous les 3 mois pour r\u00e9pondre \u00e0 vos demandes de designs de mode et de couleurs dans le monde. Nous avons \u00e9tabli comme une haute r\u00e9putation de l&rsquo;honn\u00eatet\u00e9, de la fiabilit\u00e9 et de l&rsquo;exp\u00e9rience, que nos clients nous font confiance et que nous voulons garder la collaboration avec nous. Si vous souhaitez de plus amples renseignements sur notre entreprise, nos produits et nos services, veuillez communiquer avec nous ou visiter notre site Web pour plus de d\u00e9tails. Vous serez grandement appr\u00e9ci\u00e9 car nous nous engageons \u00e0 configurer les nouveaux partenaires avec divers amis du monde entier.         <\/p>\n<p>&nbsp;<\/p>\n","protected":false},"excerpt":{"rendered":"<p>Nous sommes Manufacture situ\u00e9e en Chine. Si vous voulez acheter un stock de cravates dans le dernier prix, vous pouvez vous renseigner ci-dessous. <\/p>\n<p>Si vous avez besoin d&rsquo;une commande personnalis\u00e9e, ou d&rsquo;un ordre OEM\/ODM, envoyez votre design par EMAIL.<\/p>\n<p>Courriel :<a href=\"mailto:supply@tiesupplier.com\">supply@tiesupplier.com<\/a><\/p>\n","protected":false},"featured_media":3836,"comment_status":"open","ping_status":"closed","template":"","meta":[],"product_cat":[111],"product_tag":[360,361,368,112,366],"class_list":["post-7781","product","type-product","status-publish","has-post-thumbnail","hentry","product_cat-tie","product_tag-cravate-a-rayures","product_tag-cravate-en-polyester","product_tag-cravate-logo","product_tag-neck-tie","product_tag-promotion-tie"],"aioseo_notices":[],"_links":{"self":[{"href":"https:\/\/tiesupplier.com\/fr\/wp-json\/wp\/v2\/product\/7781","targetHints":{"allow":["GET"]}}],"collection":[{"href":"https:\/\/tiesupplier.com\/fr\/wp-json\/wp\/v2\/product"}],"about":[{"href":"https:\/\/tiesupplier.com\/fr\/wp-json\/wp\/v2\/types\/product"}],"replies":[{"embeddable":true,"href":"https:\/\/tiesupplier.com\/fr\/wp-json\/wp\/v2\/comments?post=7781"}],"version-history":[{"count":0,"href":"https:\/\/tiesupplier.com\/fr\/wp-json\/wp\/v2\/product\/7781\/revisions"}],"wp:featuredmedia":[{"embeddable":true,"href":"https:\/\/tiesupplier.com\/fr\/wp-json\/wp\/v2\/media\/3836"}],"wp:attachment":[{"href":"https:\/\/tiesupplier.com\/fr\/wp-json\/wp\/v2\/media?parent=7781"}],"wp:term":[{"taxonomy":"product_cat","embeddable":true,"href":"https:\/\/tiesupplier.com\/fr\/wp-json\/wp\/v2\/product_cat?post=7781"},{"taxonomy":"product_tag","embeddable":true,"href":"https:\/\/tiesupplier.com\/fr\/wp-json\/wp\/v2\/product_tag?post=7781"}],"curies":[{"name":"wp","href":"https:\/\/api.w.org\/{rel}","templated":true}]}}