{"id":7651,"date":"2025-11-25T14:18:36","date_gmt":"2025-11-25T14:18:36","guid":{"rendered":"https:\/\/tiesupplier.com\/product\/gravata-roxa-de-seda-de-boa-qualidade-para-homens\/"},"modified":"2025-11-25T14:18:36","modified_gmt":"2025-11-25T14:18:36","slug":"gravata-roxa-de-seda-de-boa-qualidade-para-homens","status":"publish","type":"product","link":"https:\/\/tiesupplier.com\/pt-br\/product\/gravata-roxa-de-seda-de-boa-qualidade-para-homens\/","title":{"rendered":"Gravata roxa de seda de boa qualidade para homens."},"content":{"rendered":"<p data-pm-slice=\"1 1 []\">Experimente a combina\u00e7\u00e3o perfeita de estilo e qualidade com nossa magn\u00edfica sele\u00e7\u00e3o de gravatas de seda de alta qualidade com 8 cm de largura! Seja para um visual cl\u00e1ssico em preto ou branco, ou para adicionar um toque de cor ao seu look, nossa gravata roxa elevar\u00e1 seu estilo a um novo patamar!<\/p>\n<p>Confeccionadas com a mais fina seda, cada uma de nossas gravatas promete uma sensa\u00e7\u00e3o luxuosa que deixar\u00e1 sua pele macia e suave. Dispon\u00edvel em diversas cores e estampas, voc\u00ea certamente encontrar\u00e1 a combina\u00e7\u00e3o perfeita para qualquer ocasi\u00e3o.<\/p>\n<p>Mas e se a sua cor ou estampa favorita n\u00e3o estiver dispon\u00edvel em nosso estoque? N\u00e3o precisa se preocupar! Na [nome da empresa], oferecemos um servi\u00e7o exclusivo de personaliza\u00e7\u00e3o de gravatas que permite que voc\u00ea personalize sua gravata favorita com seu toque pessoal. Seja para adicionar um monograma especial, incorporar um s\u00edmbolo memor\u00e1vel ou criar um padr\u00e3o exclusivo, nossos artes\u00e3os qualificados transformar\u00e3o a gravata dos seus sonhos em realidade.<\/p>\n<p>Mas quais s\u00e3o os benef\u00edcios de usar nossas gravatas de seda de alta qualidade? Para come\u00e7ar, voc\u00ea pode us\u00e1-los com confian\u00e7a, sabendo que est\u00e1 exibindo um acess\u00f3rio de moda que n\u00e3o \u00e9 apenas estiloso, mas tamb\u00e9m dur\u00e1vel. Nossas gravatas s\u00e3o feitas \u00e0 m\u00e3o para durar e, com os devidos cuidados, podem ser passadas de gera\u00e7\u00e3o em gera\u00e7\u00e3o. Al\u00e9m disso, usar gravatas de seda pode adicionar um toque de eleg\u00e2ncia a qualquer roupa, fazendo voc\u00ea se sentir confiante e preparado para qualquer evento.<\/p>\n","protected":false},"excerpt":{"rendered":"<p data-pm-slice=\"1 1 []\">Nossas gravatas de seda est\u00e3o dispon\u00edveis em diversas cores e estampas, e podem ser personalizadas para um toque \u00fanico. Confeccionadas com a mais fina seda, oferecem durabilidade e um toque luxuoso, adicionando eleg\u00e2ncia a qualquer look.<\/p>\n","protected":false},"featured_media":7532,"comment_status":"open","ping_status":"closed","template":"","meta":[],"product_cat":[338],"product_tag":[347,346,341],"class_list":["post-7651","product","type-product","status-publish","has-post-thumbnail","hentry","product_cat-gravata","product_tag-gravata-de-seda","product_tag-gravata-personalizada","product_tag-wholesale-tie"],"aioseo_notices":[],"_links":{"self":[{"href":"https:\/\/tiesupplier.com\/pt-br\/wp-json\/wp\/v2\/product\/7651","targetHints":{"allow":["GET"]}}],"collection":[{"href":"https:\/\/tiesupplier.com\/pt-br\/wp-json\/wp\/v2\/product"}],"about":[{"href":"https:\/\/tiesupplier.com\/pt-br\/wp-json\/wp\/v2\/types\/product"}],"replies":[{"embeddable":true,"href":"https:\/\/tiesupplier.com\/pt-br\/wp-json\/wp\/v2\/comments?post=7651"}],"version-history":[{"count":0,"href":"https:\/\/tiesupplier.com\/pt-br\/wp-json\/wp\/v2\/product\/7651\/revisions"}],"wp:featuredmedia":[{"embeddable":true,"href":"https:\/\/tiesupplier.com\/pt-br\/wp-json\/wp\/v2\/media\/7532"}],"wp:attachment":[{"href":"https:\/\/tiesupplier.com\/pt-br\/wp-json\/wp\/v2\/media?parent=7651"}],"wp:term":[{"taxonomy":"product_cat","embeddable":true,"href":"https:\/\/tiesupplier.com\/pt-br\/wp-json\/wp\/v2\/product_cat?post=7651"},{"taxonomy":"product_tag","embeddable":true,"href":"https:\/\/tiesupplier.com\/pt-br\/wp-json\/wp\/v2\/product_tag?post=7651"}],"curies":[{"name":"wp","href":"https:\/\/api.w.org\/{rel}","templated":true}]}}