{"id":7678,"date":"2025-11-25T14:18:35","date_gmt":"2025-11-25T14:18:35","guid":{"rendered":"https:\/\/tiesupplier.com\/product\/lenco-de-bolso-de-poliester-elegante-para-homens\/"},"modified":"2025-11-25T14:18:35","modified_gmt":"2025-11-25T14:18:35","slug":"lenco-de-bolso-de-poliester-elegante-para-homens","status":"publish","type":"product","link":"https:\/\/tiesupplier.com\/pt-br\/product\/lenco-de-bolso-de-poliester-elegante-para-homens\/","title":{"rendered":"Len\u00e7o de bolso de poli\u00e9ster elegante para homens"},"content":{"rendered":"<table class=\"has-title all magic-4\">\n<tbody>\n<tr>\n<td colspan=\"1\" rowspan=\"1\">\n<div class=\"magic-5\" data-spm-anchor-id=\"a2700.details.0.i28.2d46101f93HDNM\">item<\/div>\n<\/td>\n<td colspan=\"1\" rowspan=\"1\">\n<div class=\"magic-6\">valor<\/div>\n<\/td>\n<\/tr>\n<tr>\n<td colspan=\"1\" rowspan=\"1\">\n<div class=\"magic-5\">Feriado<\/div>\n<\/td>\n<td colspan=\"1\" rowspan=\"1\">\n<div class=\"magic-6\">Dia das M\u00e3es, Dia dos Pais, Ano Novo Chin\u00eas, Natal, P\u00e1scoa, Dia de A\u00e7\u00e3o de Gra\u00e7as, Halloween, Nascimento de Beb\u00ea, Feriados do Eid, Oktoberfest, Ano Novo, Dia dos Namorados<\/div>\n<\/td>\n<\/tr>\n<tr>\n<td colspan=\"1\" rowspan=\"1\">\n<div class=\"magic-5\">Temporada<\/div>\n<\/td>\n<td colspan=\"1\" rowspan=\"1\">\n<div class=\"magic-6\">Diariamente<\/div>\n<\/td>\n<\/tr>\n<tr>\n<td colspan=\"1\" rowspan=\"1\">\n<div class=\"magic-5\">Espa\u00e7o do quarto<\/div>\n<\/td>\n<td colspan=\"1\" rowspan=\"1\">\n<div class=\"magic-6\" data-spm-anchor-id=\"a2700.details.0.i30.2d46101f93HDNM\">Mesa de trabalho, Bancada, Cozinha, Varanda, Arm\u00e1rio, Banheiro, Quarto, Sala de jantar, Quarto de estudante, Entrada, Interior e exterior, Sala de estar, Quarto infantil, Escrit\u00f3rio, Corredor, \u00c1rea externa, Quarto de beb\u00ea, Lavanderia<\/div>\n<\/td>\n<\/tr>\n<tr>\n<td colspan=\"1\" rowspan=\"1\">\n<div class=\"magic-5\">Material<\/div>\n<\/td>\n<td colspan=\"1\" rowspan=\"1\">\n<div class=\"magic-6\">100% poli\u00e9ster<\/div>\n<\/td>\n<\/tr>\n<tr>\n<td colspan=\"1\" rowspan=\"1\">\n<div class=\"magic-5\">Estilo<\/div>\n<\/td>\n<td colspan=\"1\" rowspan=\"1\">\n<div class=\"magic-6\">Casual<\/div>\n<\/td>\n<\/tr>\n<tr>\n<td colspan=\"1\" rowspan=\"1\">\n<div class=\"magic-5\">padr\u00e3o<\/div>\n<\/td>\n<td colspan=\"1\" rowspan=\"1\">\n<div class=\"magic-6\">FIO TINGIDO<\/div>\n<\/td>\n<\/tr>\n<tr>\n<td colspan=\"1\" rowspan=\"1\">\n<div class=\"magic-5\">Faixa et\u00e1ria<\/div>\n<\/td>\n<td colspan=\"1\" rowspan=\"1\">\n<div class=\"magic-6\">Adults<\/div>\n<\/td>\n<\/tr>\n<tr>\n<td colspan=\"1\" rowspan=\"1\">\n<div class=\"magic-5\">T\u00e9cnicas<\/div>\n<\/td>\n<td colspan=\"1\" rowspan=\"1\">\n<div class=\"magic-6\">tecido<\/div>\n<\/td>\n<\/tr>\n<tr>\n<td colspan=\"1\" rowspan=\"1\">\n<div class=\"magic-5\">G\u00eanero<\/div>\n<\/td>\n<td colspan=\"1\" rowspan=\"1\">\n<div class=\"magic-6\">homens<\/div>\n<\/td>\n<\/tr>\n<tr>\n<td colspan=\"1\" rowspan=\"1\">\n<div class=\"magic-5\">Tamanho<\/div>\n<\/td>\n<td colspan=\"1\" rowspan=\"1\">\n<div class=\"magic-6\">Conforme solicitado<\/div>\n<\/td>\n<\/tr>\n<tr>\n<td colspan=\"1\" rowspan=\"1\">\n<div class=\"magic-5\">Derivado local<\/div>\n<\/td>\n<td colspan=\"1\" rowspan=\"1\">\n<div class=\"magic-6\">China<\/div>\n<\/td>\n<\/tr>\n<tr>\n<td colspan=\"1\" rowspan=\"1\">\n<div class=\"magic-5\"><\/div>\n<\/td>\n<td colspan=\"1\" rowspan=\"1\">\n<div class=\"magic-6\">Zhejiang<\/div>\n<\/td>\n<\/tr>\n<tr>\n<td colspan=\"1\" rowspan=\"1\">\n<div class=\"magic-5\">Nome da marca<\/div>\n<\/td>\n<td colspan=\"1\" rowspan=\"1\">\n<div class=\"magic-6\">boyi<\/div>\n<\/td>\n<\/tr>\n<tr>\n<td colspan=\"1\" rowspan=\"1\">\n<div class=\"magic-5\">N\u00famero do modelo<\/div>\n<\/td>\n<td colspan=\"1\" rowspan=\"1\">\n<div class=\"magic-6\">reco-371<\/div>\n<\/td>\n<\/tr>\n<tr>\n<td colspan=\"1\" rowspan=\"1\">\n<div class=\"magic-5\">Organizar<\/div>\n<\/td>\n<td colspan=\"1\" rowspan=\"1\">\n<div class=\"magic-6\">len\u00e7o de bolso de poli\u00e9ster<\/div>\n<\/td>\n<\/tr>\n<tr>\n<td colspan=\"1\" rowspan=\"1\">\n<div class=\"magic-5\">Tamanho<\/div>\n<\/td>\n<td colspan=\"1\" rowspan=\"1\">\n<div class=\"magic-6\">25*25cm (opcional) ou conforme sua solicita\u00e7\u00e3o.<\/div>\n<\/td>\n<\/tr>\n<tr>\n<td colspan=\"1\" rowspan=\"1\">\n<div class=\"magic-5\">Cor<\/div>\n<\/td>\n<td colspan=\"1\" rowspan=\"1\">\n<div class=\"magic-6\">Cores b\u00e1sicas est\u00e3o dispon\u00edveis<\/div>\n<\/td>\n<\/tr>\n<tr>\n<td colspan=\"1\" rowspan=\"1\">\n<div class=\"magic-5\">Temporada<\/div>\n<\/td>\n<td colspan=\"1\" rowspan=\"1\">\n<div class=\"magic-6\">Todas as esta\u00e7\u00f5es<\/div>\n<\/td>\n<\/tr>\n<tr>\n<td colspan=\"1\" rowspan=\"1\">\n<div class=\"magic-5\">Acabamento<\/div>\n<\/td>\n<td colspan=\"1\" rowspan=\"1\">\n<div class=\"magic-6\">Acabamento em tecido tran\u00e7ado colorido<\/div>\n<\/td>\n<\/tr>\n<tr>\n<td colspan=\"1\" rowspan=\"1\">\n<div class=\"magic-5\">padr\u00e3o<\/div>\n<\/td>\n<td colspan=\"1\" rowspan=\"1\">\n<div class=\"magic-6\">Ponto, xadrez, listra<\/div>\n<\/td>\n<\/tr>\n<tr>\n<td colspan=\"1\" rowspan=\"1\">\n<div class=\"magic-5\">Envio<\/div>\n<\/td>\n<td colspan=\"1\" rowspan=\"1\">\n<div class=\"magic-6\">Por correio expresso, mar\u00edtimo ou a\u00e9reo.<\/div>\n<\/td>\n<\/tr>\n<tr>\n<td colspan=\"1\" rowspan=\"1\">\n<div class=\"magic-5\">Tempo de amostragem<\/div>\n<\/td>\n<td colspan=\"1\" rowspan=\"1\">\n<div class=\"magic-6\">5 a 7 dias<\/div>\n<\/td>\n<\/tr>\n<tr>\n<td colspan=\"1\" rowspan=\"1\">\n<div class=\"magic-5\">Tempo de produ\u00e7\u00e3o<\/div>\n<\/td>\n<td colspan=\"1\" rowspan=\"1\">\n<div class=\"magic-6\">12-14 dias<\/div>\n<\/td>\n<\/tr>\n<tr>\n<td colspan=\"1\" rowspan=\"1\">\n<div class=\"magic-5\">Nome do produto<\/div>\n<\/td>\n<td colspan=\"1\" rowspan=\"1\">\n<div class=\"magic-6\">Len\u00e7o de bolso masculino em poli\u00e9ster<\/div>\n<\/td>\n<\/tr>\n<\/tbody>\n<\/table>\n<h3><strong>Perguntas frequentes<\/strong><\/h3>\n<ol>\n<li><strong>Projeto.<\/strong>Fabricamos gravatas personalizadas que seguem a cultura, o logotipo, o uso e a imagem da sua empresa.<\/li>\n<li><span data-spm-anchor-id=\"a2700.details.0.i32.5b265b35tzF1DR\"><strong>F\u00e1brica.<\/strong> Temos nossa pr\u00f3pria f\u00e1brica de gravatas. Somos fabricantes de gravatas na China. (Qualidade de marca, pre\u00e7o de f\u00e1brica)  <\/span><\/li>\n<li><strong>Experi\u00eancia.<\/strong> Fabricamos gravatas masculinas h\u00e1 14 anos. (30 funcion\u00e1rios de nossa f\u00e1brica de gravatas t\u00eam 20 anos de experi\u00eancia na fabrica\u00e7\u00e3o de gravatas). <\/li>\n<li><strong>MOQ.<\/strong> Podemos confeccionar 30 gravatas masculinas por cor.<\/li>\n<li><strong>Entrega:<\/strong>Entrega r\u00e1pida e barata para envio de gravatas. Todos os envios podem ser rastreados. (Gravatas de amostra: 7 dias. Gravatas em grande quantidade: 2 a 4 semanas)  <\/li>\n<li><strong>Qualidade:<\/strong>Temos um sistema rigoroso de controle de qualidade para gravatas. Verifica\u00e7\u00e3o do tecido da gravata \u2013 verifica\u00e7\u00e3o do corte da gravata \u2013 verifica\u00e7\u00e3o da gravata \u2013 verifica\u00e7\u00e3o da embalagem da gravata.<\/li>\n<li data-spm-anchor-id=\"a2700.details.0.i30.5b265b35tzF1DR\"><strong>OEM e ODM,<\/strong>Podemos colocar a etiqueta da sua gravata dentro da pr\u00f3pria gravata.<\/li>\n<li><strong>cab: <\/strong>Resposta r\u00e1pida \u00e0 sua consulta sobre gravatas, equipe de trabalho profissional e bom atendimento.<\/li>\n<li data-spm-anchor-id=\"a2700.details.0.i31.5b265b35tzF1DR\"><strong>Certificado.<\/strong> Possu\u00edmos relat\u00f3rios de testes de tecido para gravatas emitidos pela SGS e Intertek. Todas as gravatas atendem aos requisitos de aus\u00eancia de AZO e aos demais testes exigidos. <\/li>\n<li data-spm-anchor-id=\"a2700.details.0.i29.5b265b35tzF1DR\"><strong>Exportador.<\/strong> Exportamos gravatas h\u00e1 10 anos, para mais de 40 pa\u00edses. <\/li>\n<\/ol>\n<table border=\"2\" width=\"962\" cellspacing=\"0\" cellpadding=\"0\">\n<tbody>\n<tr>\n<td height=\"31\" data-spm-anchor-id=\"a2700.wholesale.0.i21.612c71535Y8m7B\">ITEM<\/td>\n<td>quantidade<\/td>\n<td>FOB<\/td>\n<td>Digital<\/td>\n<td>Cobran\u00e7a de amostra<\/td>\n<td> tempo de espera<\/td>\n<\/tr>\n<tr>\n<td rowspan=\"6\" height=\"122\">poli\u00e9ster<br \/>\n(gravata escolar)<br \/>\nfeito \u00e0 m\u00e1quina<br \/>\npino 960<\/td>\n<td>50 unidades<\/td>\n<td>$ 1,70<\/td>\n<td><\/td>\n<td rowspan=\"6\">$ 15,00<\/td>\n<td rowspan=\"6\">7 dias<\/td>\n<\/tr>\n<tr>\n<td height=\"19\">100 unidades<\/td>\n<td>$ 1,50<\/td>\n<td><\/td>\n<\/tr>\n<tr>\n<td height=\"22\">300 pe\u00e7as<\/td>\n<td>$ 1,30<\/td>\n<td><\/td>\n<\/tr>\n<tr>\n<td height=\"19\">500 unidades<\/td>\n<td>$ 1,10<\/td>\n<td><\/td>\n<\/tr>\n<tr>\n<td height=\"21\">1000 unidades<\/td>\n<td>$ 0,80<\/td>\n<td><\/td>\n<\/tr>\n<tr>\n<td height=\"21\">2000 pe\u00e7as<\/td>\n<td>$ 0,70<\/td>\n<td><\/td>\n<\/tr>\n<tr>\n<td rowspan=\"7\" height=\"148\">poli\u00e9ster estampado<\/td>\n<td>50 unidades<\/td>\n<td>$ 3,00<\/td>\n<td>$ 3,00<\/td>\n<td rowspan=\"3\">estampa de seda<br \/>\n30 d\u00f3lares por tela<\/td>\n<td rowspan=\"3\">10 dias<\/td>\n<\/tr>\n<tr>\n<td height=\"21\">100 unidades<\/td>\n<td>$ 2,50<\/td>\n<td>$ 2,50<\/td>\n<\/tr>\n<tr>\n<td height=\"21\">300 pe\u00e7as<\/td>\n<td>$ 1,50<\/td>\n<td>$ 1,80<\/td>\n<\/tr>\n<tr>\n<td height=\"21\">500 unidades<\/td>\n<td>$ 1,20<\/td>\n<td>$ 1,50<\/td>\n<td rowspan=\"4\">impress\u00e3o digital<br \/>\n100 d\u00f3lares por desenho<\/td>\n<td rowspan=\"4\">7 dias<\/td>\n<\/tr>\n<tr>\n<td height=\"21\">1000 unidades<\/td>\n<td>$ 1,10<\/td>\n<td>$ 1,30<\/td>\n<\/tr>\n<tr>\n<td height=\"20\">2000 pe\u00e7as<\/td>\n<td>$ 1,00<\/td>\n<td>$ 1,20<\/td>\n<\/tr>\n<tr>\n<td height=\"23\">3000 pe\u00e7as<\/td>\n<td>$ 0,90<\/td>\n<td>$ 1,10<\/td>\n<\/tr>\n<tr>\n<td rowspan=\"8\" height=\"161\"> Microfibra<br \/>\n(clube, empresa)<br \/>\nfeito \u00e0 m\u00e3o<br \/>\npino 1200<\/td>\n<td>50 unidades<\/td>\n<td>$ 2,40<\/td>\n<td><\/td>\n<td rowspan=\"8\">$ 15,00<\/td>\n<td rowspan=\"14\"> 7 dias<\/td>\n<\/tr>\n<tr>\n<td height=\"19\">100 unidades<\/td>\n<td>$ 2,10<\/td>\n<td><\/td>\n<\/tr>\n<tr>\n<td height=\"23\">200 pe\u00e7as<\/td>\n<td>$ 1,90<\/td>\n<td><\/td>\n<\/tr>\n<tr>\n<td height=\"19\">300 pe\u00e7as<\/td>\n<td>$ 1,80<\/td>\n<td><\/td>\n<\/tr>\n<tr>\n<td height=\"19\">500 unidades<\/td>\n<td>$ 1,60<\/td>\n<td><\/td>\n<\/tr>\n<tr>\n<td height=\"19\">1000 unidades<\/td>\n<td>$ 1,40<\/td>\n<td><\/td>\n<\/tr>\n<tr>\n<td height=\"19\">2000 pe\u00e7as<\/td>\n<td>$ 1,35<\/td>\n<td><\/td>\n<\/tr>\n<tr>\n<td height=\"20\">3000 pe\u00e7as<\/td>\n<td>$ 1,30<\/td>\n<td><\/td>\n<\/tr>\n<tr>\n<td rowspan=\"6\" height=\"115\">Seda<br \/>\ngravatar \u00e0 m\u00e3o<br \/>\npino 1200<\/td>\n<td>50 unidades<\/td>\n<td>$ 4,90<\/td>\n<td><\/td>\n<td rowspan=\"6\">$ 30,00<\/td>\n<\/tr>\n<tr>\n<td height=\"19\">100 unidades<\/td>\n<td>$ 4,70<\/td>\n<td><\/td>\n<\/tr>\n<tr>\n<td height=\"19\">300 pe\u00e7as<\/td>\n<td>$ 4,50<\/td>\n<td><\/td>\n<\/tr>\n<tr>\n<td height=\"19\">500 unidades<\/td>\n<td>$ 4,45<\/td>\n<td><\/td>\n<\/tr>\n<tr>\n<td height=\"19\">1000 unidades<\/td>\n<td>$ 4,40<\/td>\n<td><\/td>\n<\/tr>\n<tr>\n<td height=\"20\">2000 pe\u00e7as<\/td>\n<td>$ 4,35<\/td>\n<td><\/td>\n<\/tr>\n<tr>\n<td rowspan=\"6\" height=\"115\">estampa de seda<\/td>\n<td>50 unidades<\/td>\n<td>$ 4,90<\/td>\n<td>$ 4,90<\/td>\n<td rowspan=\"3\">estampa de seda<br \/>\n30 d\u00f3lares por tela<\/td>\n<td rowspan=\"3\">10 dias<\/td>\n<\/tr>\n<tr>\n<td height=\"19\">100 unidades<\/td>\n<td>$ 4,00<\/td>\n<td>$ 4,20<\/td>\n<\/tr>\n<tr>\n<td height=\"19\">300 pe\u00e7as<\/td>\n<td>$ 3,50<\/td>\n<td>$ 3,70<\/td>\n<\/tr>\n<tr>\n<td height=\"19\">500 unidades<\/td>\n<td>$ 3,30<\/td>\n<td>$ 3,50<\/td>\n<td rowspan=\"3\">impress\u00e3o digital<br \/>\n100 d\u00f3lares por desenho<\/td>\n<td rowspan=\"3\">7 dias<\/td>\n<\/tr>\n<tr>\n<td height=\"19\">1000 unidades<\/td>\n<td>$ 3,20<\/td>\n<td data-spm-anchor-id=\"a2700.wholesale.0.i31.612c71535Y8m7B\">$ 3,40<\/td>\n<\/tr>\n<tr>\n<td height=\"20\">2000 pe\u00e7as<\/td>\n<td>$ 3,10<\/td>\n<td>$ 3,30<\/td>\n<\/tr>\n<tr>\n<td rowspan=\"7\" height=\"134\">Frete na Europa<br \/>\nDHL porta a porta<br \/>\ngravatas<\/td>\n<td>50 unidades<\/td>\n<td>2,00 USD\/unidade<\/td>\n<td><\/td>\n<td><\/td>\n<td><\/td>\n<\/tr>\n<tr>\n<td height=\"19\">100 unidades<\/td>\n<td>1,50 USD\/unidade<\/td>\n<td><\/td>\n<td><\/td>\n<td><\/td>\n<\/tr>\n<tr>\n<td height=\"19\">200 pe\u00e7as<\/td>\n<td>1,20 USD\/unidade<\/td>\n<td><\/td>\n<td><\/td>\n<td><\/td>\n<\/tr>\n<tr>\n<td height=\"19\">300 pe\u00e7as<\/td>\n<td>0,90 USD\/unidade<\/td>\n<td><\/td>\n<td><\/td>\n<td><\/td>\n<\/tr>\n<tr>\n<td height=\"19\">500 unidades<\/td>\n<td>0,70 USD\/unidade<\/td>\n<td><\/td>\n<td><\/td>\n<td><\/td>\n<\/tr>\n<tr>\n<td height=\"19\">1000 unidades<\/td>\n<td>0,65 USD\/unidade<\/td>\n<td><\/td>\n<td><\/td>\n<td><\/td>\n<\/tr>\n<tr>\n<td height=\"20\">2000 pe\u00e7as<\/td>\n<td>0,60 USD\/unidade<\/td>\n<td><\/td>\n<td><\/td>\n<td><\/td>\n<\/tr>\n<\/tbody>\n<\/table>\n<div>\n<p><strong><span data-spm-anchor-id=\"a2700.wholesale.0.i41.612c71535Y8m7B\">Como fazer o pedido<\/span><\/strong><\/p>\n<\/div>\n<div>\n<ol>\n<li><strong>Projeto:<\/strong>Envie-nos sua arte final em formato JPG (certifique-se de que seja um arquivo de alta defini\u00e7\u00e3o ou em formato AI), ou simplesmente descreva sua ideia de design e n\u00facleos, juntamente com o logotipo. Nosso designer criar\u00e1 a arte final em tr\u00eas op\u00e7\u00f5es para voc\u00ea escolher.<\/li>\n<li><strong>Confirma\u00e7\u00e3o do tecido:<\/strong>Escolha o material que preferir. Oferecemos as seguintes op\u00e7\u00f5es: tecido de seda, tecido de poli\u00e9ster com 1200 agulhas, tecido de poli\u00e9ster com 2400 agulhas, tecido de poli\u00e9ster com 960 agulhas, seda estampada e poli\u00e9ster estampado.<\/li>\n<li data-spm-anchor-id=\"a2700.wholesale.0.i40.612c71535Y8m7B\"><strong>Fazendo:<\/strong>Selecione um dos nossos dois m\u00e9todos de fabrica\u00e7\u00e3o: artesanal ou \u00e0 m\u00e1quina. A fabrica\u00e7\u00e3o \u00e0 m\u00e1quina, geralmente para gravatas escolares, \u00e9 muito mais dur\u00e1vel. <\/li>\n<li><strong>Citar:<\/strong>Informe-nos a quantidade desejada para o seu pedido e n\u00f3s lhe ofereceremos o melhor pre\u00e7o de f\u00e1brica.<\/li>\n<li><strong>\u2728<\/strong>Ap\u00f3s a confirma\u00e7\u00e3o do pre\u00e7o, voc\u00ea poder\u00e1 efetuar o pagamento de diversas maneiras. Recomendamos o pagamento via PayPal, Western Union, Money Program ou Alipay para amostras e transfer\u00eancia banc\u00e1ria (T\/T) para produ\u00e7\u00e3o. <\/li>\n<li><strong>sotgem:<\/strong>Ap\u00f3s recebermos o pagamento, providenciaremos a coleta de amostras o mais r\u00e1pido poss\u00edvel. Normalmente, leva de 7 a 10 dias. <\/li>\n<li><strong>Entrega:<\/strong>Utilizamos o servi\u00e7o de entrega expressa internacional para amostras, que normalmente chega em 3 a 7 dias \u00fateis com alta efici\u00eancia; j\u00e1 para a produ\u00e7\u00e3o, utilizamos o transporte a\u00e9reo ou mar\u00edtimo como op\u00e7\u00e3o mais econ\u00f4mica.<\/li>\n<li><strong>Abertura:<\/strong>Caso haja algum problema de qualidade ou d\u00favida, entre em contato conosco imediatamente dentro de dois meses, e n\u00f3s o ajudaremos a resolver o problema gratuitamente.<\/li>\n<\/ol>\n<div>\n<p><strong><span data-spm-anchor-id=\"a2700.wholesale.0.i43.612c71535Y8m7B\">Perguntas frequentes<\/span><\/strong><\/p>\n<\/div>\n<div>\n<ul>\n<li><strong>Que tipo de material voc\u00ea pode usar para fazer um gravata?<\/strong>\n<ul>\n<li>Oferecemos: tecido de seda, tecido de poli\u00e9ster com 1200 agulhas, tecido de poli\u00e9ster com 2400 agulhas, tecido de poli\u00e9ster com 960 agulhas, seda estampada e poli\u00e9ster estampado.<\/li>\n<\/ul>\n<\/li>\n<\/ul>\n<ul>\n<li><strong>Posso tecer ou imprimir meu pr\u00f3prio desenho?<\/strong>\n<ul>\n<li>Claro que podemos, basta nos enviar seu projeto. Al\u00e9m disso, temos milhares de modelos para voc\u00ea escolher. <\/li>\n<\/ul>\n<\/li>\n<\/ul>\n<ul>\n<li><strong>Onde posso encontrar seus designs?<\/strong>\n<ul>\n<li>Se desejar, podemos enviar fotos das amostras em formato JPG por e-mail ou enviar um cart\u00e3o com as amostras pelo correio, mediante pagamento do frete.<\/li>\n<\/ul>\n<\/li>\n<\/ul>\n<ul>\n<li><strong>Seria poss\u00edvel obter um gravata de amostra personalizada?<\/strong>\n<ul>\n<li>Claro, podemos preparar um gravata de amostra em 7 a 10 dias.<\/li>\n<\/ul>\n<\/li>\n<\/ul>\n<ul>\n<li><strong>Qual \u00e9 a quantidade m\u00ednima de pedido?<\/strong>\n<ul>\n<li>Nosso pedido m\u00ednimo \u00e9 de 50 unidades por modelo\/cor. O pre\u00e7o \u00e9 negoci\u00e1vel de acordo com a quantidade solicitada. <\/li>\n<\/ul>\n<\/li>\n<\/ul>\n<ul>\n<li><strong>Qual o pre\u00e7o para avalia\u00e7\u00e3o de gravatas?<\/strong>\n<ul>\n<li>O pre\u00e7o varia de acordo com o tecido, por isso, entre em contato conosco para que nossa equipe de vendas possa lhe oferecer o melhor pre\u00e7o.<\/li>\n<\/ul>\n<\/li>\n<\/ul>\n<ul>\n<li><strong>Qual \u00e9 o prazo de entrega?<\/strong>\n<ul>\n<li>Amostras em 7 a 10 dias, encomendas em grande quantidade em 15 a 20 dias.<\/li>\n<\/ul>\n<\/li>\n<\/ul>\n<ul>\n<li><strong>Como devo efetuar o pagamento?<\/strong>\n<ul>\n<li>Recomendamos que o pagamento seja feito via PayPal, Western Union, Money Program ou Ali Pay para valores pequenos (inferiores a US$ 1.000), transfer\u00eancia banc\u00e1ria (T\/T) para valores maiores e carta de cr\u00e9dito (LC) para valores superiores a US$ 10.000. <\/li>\n<\/ul>\n<\/li>\n<\/ul>\n<ul>\n<li><strong>Que tipo de certificado voc\u00ea possui?<\/strong>\n<ul>\n<li>BSCI, FWF.<\/li>\n<\/ul>\n<\/li>\n<\/ul>\n<ul>\n<li><strong>As suas gravatas cumprem a norma europeia?<\/strong>\n<ul>\n<li data-spm-anchor-id=\"a2700.wholesale.0.i42.612c71535Y8m7B\">Sim, geralmente fazemos testes em laborat\u00f3rios de biotecnologia para clientes como H&amp;M e PEACOCKS.<\/li>\n<\/ul>\n<\/li>\n<\/ul>\n<h3>Quem somos n\u00f3s?<\/h3>\n<p><a href=\"https:\/\/logo-tie.com\/\">Gravata com a seita<\/a>Fabricante: Shengzhou Covherlab Garment&amp;Accessories Co., Ltd, localizada em Shaoxing, Zhejiang, China, \u00e9 uma das principais f\u00e1bricas da China. Nossa empresa produz e vende principalmente acess\u00f3rios, com base em um desenvolvimento de longo prazo, focando na gest\u00e3o b\u00e1sica e na qualidade do produto. Possu\u00edmos um sistema completo de pr\u00e9-venda, venda, servi\u00e7o p\u00f3s-venda e log\u00edstica para cultivar a competitividade do produto no mercado. Desde a sua funda\u00e7\u00e3o, nossa empresa tem se pautado pela filosofia de neg\u00f3cios de &#8220;gest\u00e3o integral, servi\u00e7o de alta qualidade e lucro para os clientes&#8221;, dedicando-se a fornecer aos clientes o melhor servi\u00e7o e os produtos com a melhor rela\u00e7\u00e3o custo-benef\u00edcio, e aproveitando a internet para levar produtos de qualidade ao mundo.<\/p>\n<p>Temos capacidade de produ\u00e7\u00e3o de mais de 8.000 pe\u00e7as de gravatas e outros acess\u00f3rios para o pesco\u00e7o por dia. Nossa linha de produtos inclui gravatas, tecidos tingidos em fio para gravatas e vestu\u00e1rio, len\u00e7\u00f3is e echarpes, coletes, gravatas borboleta e outros acess\u00f3rios para o pesco\u00e7o. Nossos produtos s\u00e3o fabricados com excelente acabamento, mat\u00e9ria-prima de qualidade superior e equipamentos de ponta. Portanto, podemos oferecer a melhor qualidade e o pre\u00e7o mais competitivo. Somos uma empresa voltada para a exporta\u00e7\u00e3o, por isso entendemos suas necessidades e podemos nos comunicar com voc\u00ea profissionalmente em ingl\u00eas. Nossos clientes est\u00e3o espalhados pelo mundo todo. Para acompanhar de perto as tend\u00eancias internacionais da moda, nossos designers talentosos criam 500 novos modelos a cada 3 meses para atender \u00e0s suas interfaces de designs e n\u00facleos da moda global. Constru\u00edmos uma confian\u00e7a s\u00f3lida como uma empresa honesta, confi\u00e1vel e experiente, na qual nossos clientes investem e desejam manter um relacionamento comercial duradouro. Se desejar mais informa\u00e7\u00f5es sobre nossa empresa, produtos e servi\u00e7os, entre em contato conosco ou visite nosso site para obter mais detalhes. Sua participa\u00e7\u00e3o ser\u00e1 muito apreciada, pois estamos ansiosos para estabelecer novas parcerias com diversos amigos ao redor do mundo.         <\/p>\n<\/div>\n<\/div>\n<p>&nbsp;<\/p>\n","protected":false},"excerpt":{"rendered":"<p>Somos fabricantes localizados na China. Se voc\u00ea deseja adquirir gravatas em estoque com o pre\u00e7o mais recente, pode fazer uma consulta abaixo. <\/p>\n<p>Se voc\u00ea precisar de uma gravata personalizada ou quiser fazer um pedido OEM\/ODM, envie seu design por e-mail.<\/p>\n<p>E-mail:<a href=\"mailto:supply@tiesupplier.com\">supply@tiesupplier.com<\/a><\/p>\n","protected":false},"featured_media":7679,"comment_status":"open","ping_status":"closed","template":"","meta":[],"product_cat":[342],"product_tag":[],"class_list":["post-7678","product","type-product","status-publish","has-post-thumbnail","hentry","product_cat-lenco","pa_material-polyester"],"aioseo_notices":[],"_links":{"self":[{"href":"https:\/\/tiesupplier.com\/pt-br\/wp-json\/wp\/v2\/product\/7678","targetHints":{"allow":["GET"]}}],"collection":[{"href":"https:\/\/tiesupplier.com\/pt-br\/wp-json\/wp\/v2\/product"}],"about":[{"href":"https:\/\/tiesupplier.com\/pt-br\/wp-json\/wp\/v2\/types\/product"}],"replies":[{"embeddable":true,"href":"https:\/\/tiesupplier.com\/pt-br\/wp-json\/wp\/v2\/comments?post=7678"}],"version-history":[{"count":0,"href":"https:\/\/tiesupplier.com\/pt-br\/wp-json\/wp\/v2\/product\/7678\/revisions"}],"wp:featuredmedia":[{"embeddable":true,"href":"https:\/\/tiesupplier.com\/pt-br\/wp-json\/wp\/v2\/media\/7679"}],"wp:attachment":[{"href":"https:\/\/tiesupplier.com\/pt-br\/wp-json\/wp\/v2\/media?parent=7678"}],"wp:term":[{"taxonomy":"product_cat","embeddable":true,"href":"https:\/\/tiesupplier.com\/pt-br\/wp-json\/wp\/v2\/product_cat?post=7678"},{"taxonomy":"product_tag","embeddable":true,"href":"https:\/\/tiesupplier.com\/pt-br\/wp-json\/wp\/v2\/product_tag?post=7678"}],"curies":[{"name":"wp","href":"https:\/\/api.w.org\/{rel}","templated":true}]}}