{"id":7688,"date":"2025-11-25T14:18:36","date_gmt":"2025-11-25T14:18:36","guid":{"rendered":"https:\/\/tiesupplier.com\/product\/conjunto-de-gravatas-masculinas-em-poliester-chines-com-bolso-para-gravata-e-prendedor-de-gravata-na-cor-tinta\/"},"modified":"2025-11-25T14:18:36","modified_gmt":"2025-11-25T14:18:36","slug":"conjunto-de-gravatas-masculinas-em-poliester-chines-com-bolso-para-gravata-e-prendedor-de-gravata-na-cor-tinta","status":"publish","type":"product","link":"https:\/\/tiesupplier.com\/pt-br\/product\/conjunto-de-gravatas-masculinas-em-poliester-chines-com-bolso-para-gravata-e-prendedor-de-gravata-na-cor-tinta\/","title":{"rendered":"Conjunto de gravatas masculinas em poli\u00e9ster chin\u00eas com bolso para gravata e prendedor de gravata na cor tinta."},"content":{"rendered":"<div readability=\"47\">\n<ins class=\"adsbygoogle\" data-ad-client=\"ca-pub-2713617115809499\" data-ad-slot=\"6100242752\" data-ad-format=\"auto\" data-full-width-responsive=\"true\"><\/ins><\/p>\n<p>Conjunto de gravatas de poli\u00e9ster<br \/>O conjunto inclui gravata, len\u00e7o, abotoaduras, prendedor de gravata, caixa de presente branca e sacola de presente.<br \/>Tamanho da gravata: 146 x 8 x 3,5 cm<br \/>Tamanho do len\u00e7o quadrado: 25x25cm<br \/>Tamanho dos bot\u00f5es de punho: 1,6 cm<br \/>Dimens\u00f5es da caixa: 16 x 10,5 x 7 cm<br \/>1. Material: poli\u00e9ster. <br \/>2. Tamanho da gravata: 145-148 cm de comprimento, 5-8 cm de largura. <br \/>3. Projetos personalizados s\u00e3o aceitos. <br \/>4. Seu logotipo pode ser impresso ou tecido para fins promocionais. <br \/>5. Mais estilos, mais cores para escolher <br \/>6,8 anos de experi\u00eancia em design, fabrica\u00e7\u00e3o e exporta\u00e7\u00e3o de gravatas.<br \/>7. Embalagem: 1 gravata em um saco pl\u00e1stico. 300 unidades em uma caixa de papel\u00e3o (80*34*60 cm). 70.000 unidades em um cont\u00eainer. <\/p>\n<p>Temos muitos modelos em estoque. Se precisar de outros modelos, entre em contato conosco.<\/p>\n<p>    <ins class=\"adsbygoogle\" data-ad-layout=\"in-article\" data-ad-format=\"fluid\" data-ad-client=\"ca-pub-2713617115809499\" data-ad-slot=\"5641077753\"><\/ins>\n                            <\/div>\n","protected":false},"excerpt":{"rendered":"<p>Conjunto de gravatas de poli\u00e9sterO conjunto inclui gravata, len\u00e7o, abotoaduras, prendedor de gravata, caixa de presente branca e sacola de presente.Tamanho da gravata: 146 x 8 x 3,5 cmTamanho do len\u00e7o quadrado: 25x25cmTamanho dos bot\u00f5es de punho: 1,6 cmDimens\u00f5es da caixa: 16 x 10,5 x 7 cm1. Material: poli\u00e9ster. 2. Tamanho da gravata: 145-148 cm [&hellip;]<\/p>\n","protected":false},"featured_media":7689,"comment_status":"open","ping_status":"closed","template":"","meta":[],"product_cat":[338],"product_tag":[],"class_list":["post-7688","product","type-product","status-publish","has-post-thumbnail","hentry","product_cat-gravata"],"aioseo_notices":[],"_links":{"self":[{"href":"https:\/\/tiesupplier.com\/pt-br\/wp-json\/wp\/v2\/product\/7688","targetHints":{"allow":["GET"]}}],"collection":[{"href":"https:\/\/tiesupplier.com\/pt-br\/wp-json\/wp\/v2\/product"}],"about":[{"href":"https:\/\/tiesupplier.com\/pt-br\/wp-json\/wp\/v2\/types\/product"}],"replies":[{"embeddable":true,"href":"https:\/\/tiesupplier.com\/pt-br\/wp-json\/wp\/v2\/comments?post=7688"}],"version-history":[{"count":0,"href":"https:\/\/tiesupplier.com\/pt-br\/wp-json\/wp\/v2\/product\/7688\/revisions"}],"wp:featuredmedia":[{"embeddable":true,"href":"https:\/\/tiesupplier.com\/pt-br\/wp-json\/wp\/v2\/media\/7689"}],"wp:attachment":[{"href":"https:\/\/tiesupplier.com\/pt-br\/wp-json\/wp\/v2\/media?parent=7688"}],"wp:term":[{"taxonomy":"product_cat","embeddable":true,"href":"https:\/\/tiesupplier.com\/pt-br\/wp-json\/wp\/v2\/product_cat?post=7688"},{"taxonomy":"product_tag","embeddable":true,"href":"https:\/\/tiesupplier.com\/pt-br\/wp-json\/wp\/v2\/product_tag?post=7688"}],"curies":[{"name":"wp","href":"https:\/\/api.w.org\/{rel}","templated":true}]}}