{"id":7690,"date":"2025-11-25T14:18:35","date_gmt":"2025-11-25T14:18:35","guid":{"rendered":"https:\/\/tiesupplier.com\/product\/gravata-borboleta-vermelha-classica-masculina\/"},"modified":"2025-11-25T14:18:35","modified_gmt":"2025-11-25T14:18:35","slug":"gravata-borboleta-vermelha-classica-masculina","status":"publish","type":"product","link":"https:\/\/tiesupplier.com\/pt-br\/product\/gravata-borboleta-vermelha-classica-masculina\/","title":{"rendered":"Gravata borboleta vermelha cl\u00e1ssica masculina"},"content":{"rendered":"<table border=\"0\" cellspacing=\"1\">\n<tbody>\n<tr>\n<td data-spm-anchor-id=\"a2700.wholesale.0.i22.49c24587IHKx27\">Derivado local<\/td>\n<td>Zhejiang,China<\/td>\n<\/tr>\n<tr>\n<td>Material<\/td>\n<td>Poli\u00e9ster<\/td>\n<\/tr>\n<tr>\n<td>Estilo<\/td>\n<td>Dobby<\/td>\n<\/tr>\n<tr>\n<td>padr\u00e3o<\/td>\n<td>Bordada<\/td>\n<\/tr>\n<tr>\n<td>Nome da marca<\/td>\n<td>OEM<\/td>\n<\/tr>\n<tr>\n<td>N\u00famero do modelo<\/td>\n<td>BT0577<\/td>\n<\/tr>\n<tr>\n<td>Nome do produto<\/td>\n<td>gravatas borboleta de jardinagem<\/td>\n<\/tr>\n<tr>\n<td>Recurso<\/td>\n<td>Para decora\u00e7\u00e3o de acess\u00f3rios de menino<\/td>\n<\/tr>\n<tr>\n<td>material<\/td>\n<td data-spm-anchor-id=\"a2700.wholesale.0.i23.49c24587IHKx27\">Gravata borboleta em microfibra, 100% poli\u00e9ster.<\/td>\n<\/tr>\n<tr>\n<td>Embalagem<\/td>\n<td>1 unidade por saco pl\u00e1stico ou caixa de presente.<\/td>\n<\/tr>\n<tr>\n<td>MOQ<\/td>\n<td>20 unidades<\/td>\n<\/tr>\n<tr>\n<td>Projeto<\/td>\n<td>Fabrica\u00e7\u00e3o sob encomenda (ODM) e OEM dispon\u00edveis mediante solicita\u00e7\u00e3o, para detalhes acima de 200 unidades.<\/td>\n<\/tr>\n<tr>\n<td>Tamanho<\/td>\n<td>10 cm (C) x 5 cm (L). Tamanhos e logotipos personalizados s\u00e3o muito bem-vindos.<\/td>\n<\/tr>\n<\/tbody>\n<\/table>\n<h3><strong>Quem somos n\u00f3s?<\/strong><\/h3>\n<p>Fabricante do fornecedor de gravatas: Shengzhou Covherlab Garment&amp;Accessories Co., Ltd, localizada em Shaoxing, Zhejiang, China, \u00e9 uma das principais f\u00e1bricas da China. Nossa empresa produz e vende principalmente acess\u00f3rios, com base em um desenvolvimento de longo prazo, focando na gest\u00e3o b\u00e1sica e na qualidade do produto. Possu\u00edmos um sistema completo de pr\u00e9-venda, venda, servi\u00e7o p\u00f3s-venda e log\u00edstica para cultivar a competitividade do produto no mercado. Desde a sua funda\u00e7\u00e3o, nossa empresa tem se pautado pela filosofia de neg\u00f3cios de &#8220;gest\u00e3o integral, servi\u00e7o de alta qualidade e lucro para os clientes&#8221;, dedicando-se a fornecer aos clientes o melhor servi\u00e7o e os produtos com a melhor rela\u00e7\u00e3o custo-benef\u00edcio, e aproveitando a internet para levar produtos de qualidade ao mundo.<\/p>\n<p>Temos capacidade de produ\u00e7\u00e3o de mais de 8.000 pe\u00e7as de gravatas e outros acess\u00f3rios para o pesco\u00e7o por dia. Nossa linha de produtos inclui gravatas, tecidos tingidos em fio para gravatas e vestu\u00e1rio, len\u00e7\u00f3is e echarpes, coletes, gravatas borboleta e outros acess\u00f3rios para o pesco\u00e7o. Nossos produtos s\u00e3o fabricados com excelente acabamento, mat\u00e9ria-prima de qualidade superior e equipamentos de ponta. Portanto, podemos oferecer a melhor qualidade e o pre\u00e7o mais competitivo. Somos uma empresa voltada para a exporta\u00e7\u00e3o, por isso entendemos suas necessidades e podemos nos comunicar com voc\u00ea profissionalmente em ingl\u00eas. Nossos clientes est\u00e3o espalhados pelo mundo todo. Para acompanhar de perto as tend\u00eancias internacionais da moda, nossos designers talentosos criam 500 novos modelos a cada 3 meses para atender \u00e0s suas interfaces de designs e n\u00facleos da moda global. Constru\u00edmos uma confian\u00e7a s\u00f3lida como uma empresa honesta, confi\u00e1vel e experiente, na qual nossos clientes investem e desejam manter um relacionamento comercial duradouro. Se desejar mais informa\u00e7\u00f5es sobre nossa empresa, produtos e servi\u00e7os, entre em contato conosco ou visite nosso site para obter mais detalhes. Sua participa\u00e7\u00e3o ser\u00e1 muito apreciada, pois estamos ansiosos para estabelecer novas parcerias com diversos amigos ao redor do mundo.         <\/p>\n<p>&nbsp;<\/p>\n<h3>Como fazer um gravata personalizada?<\/h3>\n<h6><strong><span id=\"w_74\" class=\"\">Prepare-se com.<\/span><\/strong><\/h6>\n<p>Voc\u00ea deve preparar o molde, o tamanho (largura e comprimento), o cor,<span id=\"w_109\" class=\"\">Texto <\/span><span id=\"w_110\" class=\"\">Tecnologia (tecido jacquard ou estampado),<\/span>e o material da sua gravata. and the detail attached.<\/p>\n<table class=\"is-zebra all magic-4\">\n<tbody>\n<tr>\n<td colspan=\"1\" rowspan=\"1\">\n<div class=\"magic-5\">\n<div class=\"magic-6\" data-spm-anchor-id=\"0.0.0.i42.49274f0591m7X9\"><b data-spm-anchor-id=\"0.0.0.i28.49274f05avYhT5\"><span class=\"magic-7\">Design, Etiqueta Essencial<\/span><\/b><\/div>\n<\/div>\n<\/td>\n<td colspan=\"1\" rowspan=\"1\">\n<div class=\"magic-8\" data-spm-anchor-id=\"a2700.wholesale.0.i19.6f1446fa42s6cd\">\n<div class=\"magic-9\" data-spm-anchor-id=\"0.0.0.i104.49274f05avYhT5\"><span class=\"magic-10\"><span class=\"magic-11\" data-spm-anchor-id=\"0.0.0.i86.49274f05avYhT5\">Bem-vindo(a), personalizado. <\/span><b class=\"magic-11\" data-spm-anchor-id=\"0.0.0.i226.49274f05avYhT5\"><span class=\"magic-11\">D\u00ea um toque \u00fanico ao seu logotipo.<\/span><\/b><\/span><\/div>\n<\/div>\n<\/td>\n<\/tr>\n<tr>\n<td colspan=\"1\" rowspan=\"1\">\n<div class=\"magic-5\">\n<div class=\"magic-6\" data-spm-anchor-id=\"0.0.0.i169.49274f05avYhT5\"><span class=\"magic-12\"><b class=\"magic-11\">Material<\/b><\/span><\/div>\n<\/div>\n<\/td>\n<td colspan=\"1\" rowspan=\"1\">\n<div class=\"magic-8\">\n<div class=\"magic-9\" data-spm-anchor-id=\"0.0.0.i199.49274f05avYhT5\"><span class=\"magic-10\"><span class=\"magic-11\">Tecido jacquard de seda pura, estampa em seda pura: sarja 16MM, cetim 16MM, misturas de seda: algod\u00e3o com seda, viscose com seda, l\u00e3 com seda, linho com seda, poli\u00e9ster, algod\u00e3o, linho, l\u00e3 etc.<b class=\"magic-11\" data-spm-anchor-id=\"0.0.0.i216.49274f05avYhT5\">Ampla gama de produtos <\/b><\/span><b class=\"magic-11\" data-spm-anchor-id=\"0.0.0.i219.49274f05avYhT5\"><span class=\"magic-11\">Sua sele\u00e7\u00e3o.<\/span><\/b><\/span><\/div>\n<\/div>\n<\/td>\n<\/tr>\n<tr>\n<td colspan=\"1\" rowspan=\"1\">\n<div class=\"magic-5\">\n<div class=\"magic-6\" data-spm-anchor-id=\"0.0.0.i180.49274f05avYhT5\"><b class=\"magic-11\"><span class=\"magic-12\">Forma<\/span><\/b><\/div>\n<\/div>\n<\/td>\n<td colspan=\"1\" rowspan=\"1\">\n<div class=\"magic-8\"><span class=\"magic-10\">Semigarrafado, em garrafa ou puro.<\/span><\/div>\n<\/td>\n<\/tr>\n<tr>\n<td colspan=\"1\" rowspan=\"1\">\n<div class=\"magic-5\">\n<div class=\"magic-6\"><b class=\"magic-11\" data-spm-anchor-id=\"0.0.0.i182.49274f05avYhT5\"><span class=\"magic-12\">Acess\u00f3rias<\/span><\/b><\/div>\n<\/div>\n<\/td>\n<td colspan=\"1\" rowspan=\"1\">\n<div class=\"magic-8\"><span class=\"magic-10\"><span class=\"magic-11\" data-spm-anchor-id=\"a2700.wholesale.0.i21.6f1446fa42s6cd\">Etiquetas principais personalizadas, etiquetas de cuidados, c\u00f3digo de barras, adesivos, sacos pl\u00e1sticos, caixas de presente, etc. <\/span><span class=\"magic-11\"><b class=\"magic-11\" data-spm-anchor-id=\"0.0.0.i241.49274f05avYhT5\">Aceitamos suas obriga\u00e7\u00f5es especiais, economizando tempo e evitando preocupa\u00e7\u00f5es.<\/b><\/span><\/span><\/div>\n<\/td>\n<\/tr>\n<tr>\n<td colspan=\"1\" rowspan=\"1\">\n<div class=\"magic-5\">\n<div class=\"magic-6\"><b class=\"magic-11\"><span class=\"magic-12\"> Fun\u00e7\u00f5es<\/span><\/b><\/div>\n<\/div>\n<\/td>\n<td colspan=\"1\" rowspan=\"1\">\n<div class=\"magic-8\" data-spm-anchor-id=\"a2700.wholesale.0.i20.6f1446fa42s6cd\"><span class=\"magic-10\">Iacordo para casamentos,<span class=\"magic-11\">Reuni\u00e3o, festa, etc.<\/span><\/span><\/div>\n<\/td>\n<\/tr>\n<tr>\n<td colspan=\"1\" rowspan=\"1\">\n<div class=\"magic-5\">\n<div class=\"magic-6\"><b class=\"magic-11\"><span class=\"magic-12\"> Obra de arte<\/span><\/b><\/div>\n<\/div>\n<\/td>\n<td colspan=\"1\" rowspan=\"1\">\n<div class=\"magic-8\"><span class=\"magic-10\"><span class=\"magic-11\">Arquivos de design em formato AI, CDR, PDF e JPG. <\/span><b class=\"magic-11\" data-spm-anchor-id=\"0.0.0.i245.49274f05avYhT5\"><span class=\"magic-11\">Transforme sua boa ideia em realidade.<\/span><\/b><\/span><\/div>\n<\/td>\n<\/tr>\n<tr>\n<td colspan=\"1\" rowspan=\"1\">\n<div class=\"magic-5\">\n<div class=\"magic-6\"><b class=\"magic-11\"><span class=\"magic-12\">Vantagens <\/span><\/b><\/div>\n<\/div>\n<\/td>\n<td colspan=\"1\" rowspan=\"1\">\n<div class=\"magic-8\"><span class=\"magic-10\"><b class=\"magic-11\" data-spm-anchor-id=\"0.0.0.i19.49274f0591m7X9\">Personalize cada gravata com seu pr\u00f3prio design.<\/b><\/span><\/div>\n<\/td>\n<\/tr>\n<tr>\n<td colspan=\"1\" rowspan=\"1\">\n<div class=\"magic-5\">\n<div class=\"magic-6\"><b class=\"magic-11\"><span class=\"magic-12\"> (<\/span><\/b><\/div>\n<\/div>\n<\/td>\n<td colspan=\"1\" rowspan=\"1\">\n<div class=\"magic-8\"><span class=\"magic-10\">Uma pe\u00e7a por saco pl\u00e1stico, 100 pe\u00e7as por caixa interna, 3 caixas internas por caixa de papel\u00e3o com saco imperme\u00e1vel. <b class=\"magic-11\" data-spm-anchor-id=\"0.0.0.i258.49274f05avYhT5\"><span class=\"magic-11\" data-spm-anchor-id=\"a2700.wholesale.0.i24.6f1446fa42s6cd\">Fa\u00e7a o que quiser, pense no que lhe interessa.<\/span><\/b><\/span><\/div>\n<\/td>\n<\/tr>\n<tr>\n<td colspan=\"1\" rowspan=\"1\">\n<div class=\"magic-5\">\n<div class=\"magic-6\"><b class=\"magic-11\"><span class=\"magic-12\">Tamanho<\/span><\/b><\/div>\n<\/div>\n<\/td>\n<td colspan=\"1\" rowspan=\"1\">\n<div class=\"magic-8\"><span class=\"magic-10\" data-spm-anchor-id=\"a2700.wholesale.0.i23.6f1446fa42s6cd\">(Largura de 4 a 9 cm, comprimento de 110 a 165 cm &#8211; De acordo com a solicita\u00e7\u00e3o espec\u00edfica do cliente.<b class=\"magic-11\"><span class=\"magic-11\">Fazer<\/span><\/b><span class=\"magic-11\"><b class=\"magic-11\" data-spm-anchor-id=\"0.0.0.i1.49274f05t2z7C8\">Tamanho escolhido para ajustar ao seu pesco\u00e7o.<\/b><\/span><\/span><\/div>\n<\/td>\n<\/tr>\n<tr>\n<td colspan=\"1\" rowspan=\"1\">\n<div class=\"magic-5\">\n<div class=\"magic-6\"><b class=\"magic-11\"><span class=\"magic-12\">Custo de amostra<\/span><\/b><\/div>\n<\/div>\n<\/td>\n<td colspan=\"1\" rowspan=\"1\">\n<div class=\"magic-8\"><span class=\"magic-10\">Experimente gr\u00e1tis dispon\u00edvel. <b class=\"magic-11\" data-spm-anchor-id=\"0.0.0.i269.49274f05avYhT5\"><span class=\"magic-11\">Voc\u00ea s\u00f3 precisa pagar o custo do envio pela DHL.<\/span><\/b><\/span><\/div>\n<\/td>\n<\/tr>\n<tr>\n<td colspan=\"1\" rowspan=\"1\">\n<div class=\"magic-5\">\n<div class=\"magic-6\"><b class=\"magic-11\"><span class=\"magic-12\">Tempo de amostragem e tempo de produ\u00e7\u00e3o em massa<\/span><\/b><\/div>\n<\/div>\n<\/td>\n<td colspan=\"1\" rowspan=\"1\">\n<div class=\"magic-8\"><span class=\"magic-10\">Prazo para amostras: aproximadamente 7 a 15 dias \u00fateis; prazo para produ\u00e7\u00e3o em massa: aproximadamente 4 a 6 semanas. <span class=\"magic-11\"><b class=\"magic-11\" data-spm-anchor-id=\"0.0.0.i24.49274f0591m7X9\">Nosso profissionalismo, sua satisfa\u00e7\u00e3o.<\/b><\/span><\/span><\/div>\n<\/td>\n<\/tr>\n<tr>\n<td colspan=\"1\" rowspan=\"1\">\n<div class=\"magic-5\">\n<div class=\"magic-6\" data-spm-anchor-id=\"0.0.0.i67.49274f0591m7X9\"><b class=\"magic-11\"><span class=\"magic-12\">MOQ MOQ <\/span><\/b><\/div>\n<\/div>\n<\/td>\n<td colspan=\"1\" rowspan=\"1\">\n<div class=\"magic-8\" data-spm-anchor-id=\"a2700.wholesale.0.i25.6f1446fa42s6cd\"><span class=\"magic-10\">50 unidades. <b class=\"magic-11\" data-spm-anchor-id=\"0.0.0.i277.49274f05avYhT5\"><span class=\"magic-11\">Quantidade m\u00ednima de encomenda baixa para evitar o desperd\u00edcio desnecess\u00e1rio de seus produtos e dinheiro.<\/span><\/b><\/span><\/div>\n<\/td>\n<\/tr>\n<tr>\n<td colspan=\"1\" rowspan=\"1\">\n<div class=\"magic-5\">\n<div class=\"magic-6\"><b class=\"magic-11\"><span class=\"magic-12\">Condi\u00e7\u00f5es de pagamento<\/span><\/b><\/div>\n<\/div>\n<\/td>\n<td colspan=\"1\" rowspan=\"1\">\n<div class=\"magic-8\" data-spm-anchor-id=\"a2700.wholesale.0.i17.6f1446fa42s6cd\"><span class=\"magic-10\" data-spm-anchor-id=\"a2700.wholesale.0.i18.6f1446fa42s6cd\">Transfer\u00eancia banc\u00e1ria (T\/T), Western Union, dinheiro, PayPal, Trade Assurance e outras formas de pagamento podem ser negociadas. <span class=\"magic-11\"><b class=\"magic-11\" data-spm-anchor-id=\"0.0.0.i29.49274f0591m7X9\">Entrada de apenas 30%, torne seu capital de giro mais eficiente.<\/b><\/span><\/span><\/div>\n<\/td>\n<\/tr>\n<tr>\n<td colspan=\"1\" rowspan=\"1\">\n<div class=\"magic-5\">\n<div class=\"magic-6\"><b class=\"magic-11\" data-spm-anchor-id=\"0.0.0.i184.49274f05avYhT5\"><span class=\"magic-12\">Envio<\/span><\/b><\/div>\n<\/div>\n<\/td>\n<td colspan=\"1\" rowspan=\"1\">\n<div class=\"magic-8\"><span class=\"magic-10\"><span class=\"magic-11\">Por via a\u00e9rea, DHL ou mar\u00edtima. Se escolher a DHL.<\/span> <b class=\"magic-11\" data-spm-anchor-id=\"0.0.0.i288.49274f05avYhT5\"><span class=\"magic-11\">\u00c9 mais r\u00e1pido, como se voc\u00ea comprasse no mercado local.<\/span><\/b><\/span><\/div>\n<\/td>\n<\/tr>\n<tr>\n<td colspan=\"2\" rowspan=\"1\">\n<div class=\"magic-13\" data-spm-anchor-id=\"a2700.wholesale.0.i26.6f1446fa42s6cd\"><span class=\"magic-14\">gravatas, gravatas masculinas, gravatas ma\u00e7\u00f4nicas, gravatas escolares, gravatas, gravatas de seda personalizadas, gravatas<br \/>\nGravata preta, caixa de presente, gravata masculina, gravatas de seda masculina, gravatas para homens, gravata de seda, gravata com logotipo personalizado, gravatas de seda masculinas personalizadas, gravata para escrit\u00f3rio, gravata de seda feita \u00e0 m\u00e3o, gravata de seda paisley, gravatas sublimadas, gravata para homens, gravata de seda de Shengzhou, conjunto de gravatas personalizadas, gravata de alta qualidade, gravata da China.<\/span><\/div>\n<\/td>\n<\/tr>\n<\/tbody>\n<\/table>\n","protected":false},"excerpt":{"rendered":"<p>Somos fabricantes localizados na China. Se voc\u00ea deseja adquirir gravatas em estoque com o pre\u00e7o mais recente, pode fazer uma consulta abaixo. <\/p>\n<p>Se voc\u00ea precisar de uma gravata personalizada ou quiser fazer um pedido OEM\/ODM, envie seu design por e-mail.<\/p>\n<p>E-mail:<a href=\"mailto:supply@tiesupplier.com\">supply@tiesupplier.com<\/a><\/p>\n","protected":false},"featured_media":7691,"comment_status":"open","ping_status":"closed","template":"","meta":[],"product_cat":[342],"product_tag":[348],"class_list":["post-7690","product","type-product","status-publish","has-post-thumbnail","hentry","product_cat-lenco","product_tag-polyester-bow-tie"],"aioseo_notices":[],"_links":{"self":[{"href":"https:\/\/tiesupplier.com\/pt-br\/wp-json\/wp\/v2\/product\/7690","targetHints":{"allow":["GET"]}}],"collection":[{"href":"https:\/\/tiesupplier.com\/pt-br\/wp-json\/wp\/v2\/product"}],"about":[{"href":"https:\/\/tiesupplier.com\/pt-br\/wp-json\/wp\/v2\/types\/product"}],"replies":[{"embeddable":true,"href":"https:\/\/tiesupplier.com\/pt-br\/wp-json\/wp\/v2\/comments?post=7690"}],"version-history":[{"count":0,"href":"https:\/\/tiesupplier.com\/pt-br\/wp-json\/wp\/v2\/product\/7690\/revisions"}],"wp:featuredmedia":[{"embeddable":true,"href":"https:\/\/tiesupplier.com\/pt-br\/wp-json\/wp\/v2\/media\/7691"}],"wp:attachment":[{"href":"https:\/\/tiesupplier.com\/pt-br\/wp-json\/wp\/v2\/media?parent=7690"}],"wp:term":[{"taxonomy":"product_cat","embeddable":true,"href":"https:\/\/tiesupplier.com\/pt-br\/wp-json\/wp\/v2\/product_cat?post=7690"},{"taxonomy":"product_tag","embeddable":true,"href":"https:\/\/tiesupplier.com\/pt-br\/wp-json\/wp\/v2\/product_tag?post=7690"}],"curies":[{"name":"wp","href":"https:\/\/api.w.org\/{rel}","templated":true}]}}