{"id":7715,"date":"2025-11-25T14:18:35","date_gmt":"2025-11-25T14:18:35","guid":{"rendered":"https:\/\/tiesupplier.com\/product\/gravata-resistente-para-uso-masculino\/"},"modified":"2025-11-25T14:18:35","modified_gmt":"2025-11-25T14:18:35","slug":"gravata-resistente-para-uso-masculino","status":"publish","type":"product","link":"https:\/\/tiesupplier.com\/pt-br\/product\/gravata-resistente-para-uso-masculino\/","title":{"rendered":"Gravata resistente para uso masculino"},"content":{"rendered":"<p>Esta gravata \u00e9 feita com tecido de microfibra 1200, sendo muito confort\u00e1vel de usar.<\/p>\n<div class=\"J_module\">\n<h3 id=\"ali-anchor-AliMagic-rqvbhc\" class=\"magic-0\" data-section=\"AliMagic-rqvbhc\" data-section-title=\"Specification\" data-spm-anchor-id=\"a2700.details.0.i20.5bc4686f3CHIID\">Especifica\u00e7\u00e3o<\/h3>\n<\/div>\n<div class=\"J_module\">\n<div class=\"ife-detail-decorate-table\">\n<table class=\"has-title all magic-7\">\n<tbody>\n<tr>\n<td colspan=\"1\" rowspan=\"1\">\n<div class=\"magic-8\">item<\/div>\n<\/td>\n<td colspan=\"1\" rowspan=\"1\">\n<div class=\"magic-9\">valor<\/div>\n<\/td>\n<\/tr>\n<tr>\n<td colspan=\"1\" rowspan=\"1\">\n<div class=\"magic-8\">Derivado local<\/div>\n<\/td>\n<td colspan=\"1\" rowspan=\"1\">\n<div class=\"magic-9\">China<\/div>\n<\/td>\n<\/tr>\n<tr>\n<td colspan=\"1\" rowspan=\"1\">\n<div class=\"magic-8\">Nome da marca<\/div>\n<\/td>\n<td colspan=\"1\" rowspan=\"1\">\n<div class=\"magic-9\">AILINFADUN ou OEM<\/div>\n<\/td>\n<\/tr>\n<tr>\n<td colspan=\"1\" rowspan=\"1\">\n<div class=\"magic-8\">N\u00famero do modelo<\/div>\n<\/td>\n<td colspan=\"1\" rowspan=\"1\">\n<div class=\"magic-9\">ZA4<\/div>\n<\/td>\n<\/tr>\n<tr>\n<td colspan=\"1\" rowspan=\"1\">\n<div class=\"magic-8\">padr\u00e3o<\/div>\n<\/td>\n<td colspan=\"1\" rowspan=\"1\">\n<div class=\"magic-9\">Listras, Florais, Treli\u00e7as, Bolinhas, outros<\/div>\n<\/td>\n<\/tr>\n<tr>\n<td colspan=\"1\" rowspan=\"1\">\n<div class=\"magic-8\">Tecer<\/div>\n<\/td>\n<td colspan=\"1\" rowspan=\"1\">\n<div class=\"magic-9\" data-spm-anchor-id=\"a2700.details.0.i21.5bc4686f3CHIID\">Tecido Jacquard<\/div>\n<\/td>\n<\/tr>\n<tr>\n<td colspan=\"1\" rowspan=\"1\">\n<div class=\"magic-8\">Material<\/div>\n<\/td>\n<td colspan=\"1\" rowspan=\"1\">\n<div class=\"magic-9\">100% poli\u00e9ster<\/div>\n<\/td>\n<\/tr>\n<tr>\n<td colspan=\"1\" rowspan=\"1\">\n<div class=\"magic-8\">Temporada<\/div>\n<\/td>\n<td colspan=\"1\" rowspan=\"1\">\n<div class=\"magic-9\">Primavera, Outono, Inverno<\/div>\n<\/td>\n<\/tr>\n<tr>\n<td colspan=\"1\" rowspan=\"1\">\n<div class=\"magic-8\">Estilo<\/div>\n<\/td>\n<td colspan=\"1\" rowspan=\"1\">\n<div class=\"magic-9\">Neg\u00f3cios<\/div>\n<\/td>\n<\/tr>\n<tr>\n<td colspan=\"1\" rowspan=\"1\">\n<div class=\"magic-8\">Noroeste<\/div>\n<\/td>\n<td colspan=\"1\" rowspan=\"1\">\n<div class=\"magic-9\">60g<\/div>\n<\/td>\n<\/tr>\n<tr>\n<td colspan=\"1\" rowspan=\"1\">\n<div class=\"magic-8\">Palavra-chave<\/div>\n<\/td>\n<td colspan=\"1\" rowspan=\"1\">\n<div class=\"magic-9\">Gravata com LOGOTIPO<\/div>\n<\/td>\n<\/tr>\n<\/tbody>\n<\/table>\n<\/div>\n<\/div>\n<h3><strong>Quem somos n\u00f3s?<\/strong><\/h3>\n<p>Fabricante do fornecedor de gravatas: Shengzhou Covherlab Garment&amp;Accessories Co., Ltd, localizada em Shaoxing, Zhejiang, China, \u00e9 uma das principais f\u00e1bricas da China. Nossa empresa produz e vende principalmente acess\u00f3rios, com base em um desenvolvimento de longo prazo, focando na gest\u00e3o b\u00e1sica e na qualidade do produto. Possu\u00edmos um sistema completo de pr\u00e9-venda, venda, servi\u00e7o p\u00f3s-venda e log\u00edstica para cultivar a competitividade do produto no mercado. Desde a sua funda\u00e7\u00e3o, nossa empresa tem se pautado pela filosofia de neg\u00f3cios de &#8220;gest\u00e3o integral, servi\u00e7o de alta qualidade e lucro para os clientes&#8221;, dedicando-se a fornecer aos clientes o melhor servi\u00e7o e os produtos com a melhor rela\u00e7\u00e3o custo-benef\u00edcio, e aproveitando a internet para levar produtos de qualidade ao mundo.<\/p>\n<p>Temos capacidade de produ\u00e7\u00e3o de mais de 8.000 pe\u00e7as de gravatas e outros acess\u00f3rios para o pesco\u00e7o por dia. Nossa linha de produtos inclui gravatas, tecidos tingidos em fio para gravatas e vestu\u00e1rio, len\u00e7\u00f3is e echarpes, coletes, gravatas borboleta e outros acess\u00f3rios para o pesco\u00e7o. Nossos produtos s\u00e3o fabricados com excelente acabamento, mat\u00e9ria-prima de qualidade superior e equipamentos de ponta. Portanto, podemos oferecer a melhor qualidade e o pre\u00e7o mais competitivo. Somos uma empresa voltada para a exporta\u00e7\u00e3o, por isso entendemos suas necessidades e podemos nos comunicar com voc\u00ea profissionalmente em ingl\u00eas. Nossos clientes est\u00e3o espalhados pelo mundo todo. Para acompanhar de perto as tend\u00eancias internacionais da moda, nossos designers talentosos criam 500 novos modelos a cada 3 meses para atender \u00e0s suas interfaces de designs e n\u00facleos da moda global. Constru\u00edmos uma confian\u00e7a s\u00f3lida como uma empresa honesta, confi\u00e1vel e experiente, na qual nossos clientes investem e desejam manter um relacionamento comercial duradouro. Se desejar mais informa\u00e7\u00f5es sobre nossa empresa, produtos e servi\u00e7os, entre em contato conosco ou visite nosso site para obter mais detalhes. Sua participa\u00e7\u00e3o ser\u00e1 muito apreciada, pois estamos ansiosos para estabelecer novas parcerias com diversos amigos ao redor do mundo.         <\/p>\n<p>&nbsp;<\/p>\n<p>&nbsp;<\/p>\n<div class=\"J_module\">\n<h3><strong>Perguntas frequentes<\/strong><\/h3>\n<p><b>1. Qual \u00e9 o processo de encomenda?<\/b><\/p>\n<p>1) Consulta \u2014 forne\u00e7a-nos todos os requisitos com clareza (quantidade total e detalhes da embalagem).<\/p>\n<p>2) Or\u00e7amento \u2014 or\u00e7amento oficial com todas as especifica\u00e7\u00f5es claras elaborado por nossa equipe de profissionais.<\/p>\n<p>3) Amostra de marca\u00e7\u00e3o \u2014 confirme todos os detalhes do or\u00e7amento e a amostra final.<\/p>\n<p>4) Produ\u00e7\u00e3o \u2014 produ\u00e7\u00e3o em massa.<\/p>\n<p>5) Transporte mar\u00edtimo ou a\u00e9reo.<\/p>\n<p><b>2. Quais s\u00e3o as suas condi\u00e7\u00f5es de pagamento?<\/b><\/p>\n<p>Quanto \u00e0s condi\u00e7\u00f5es de pagamento, elas dependem do valor total.<\/p>\n<p><b>3. Como voc\u00eas enviam os produtos?<\/b><\/p>\n<p>Por via mar\u00edtima, por via a\u00e9rea, por correio expresso, TNT, DHL, Fedex, UPS, etc. A decis\u00e3o \u00e9 sua.<\/p>\n<p><b>4. Qual \u00e9 o tempo m\u00e9dio de entrega?<\/b><\/p>\n<p>A produ\u00e7\u00e3o de amostras geralmente leva de 10 a 20 dias, dependendo do tipo de produto. Pedidos em grande quantidade geralmente levam cerca de 35 dias.<\/p>\n<p><b>5. Como posso obter uma lista de pre\u00e7os de um atacadista?<\/b><\/p>\n<p>Por favor, envie-nos um e-mail, informando-nos sobre o seu mercado e a quantidade m\u00ednima de encomenda (MOQ) para cada pedido. Enviaremos a lista de pre\u00e7os competitivos o mais breve poss\u00edvel.<\/p>\n<div>\n<div><strong>assunto de pr\u00e9-venda:<\/strong><\/div>\n<div data-spm-anchor-id=\"a2700.wholesale.0.i25.3ebb17eaenPQ9N\">1. Boa qualidade + pre\u00e7o de f\u00e1brica + resposta r\u00e1pida + servi\u00e7o confi\u00e1vel: essa \u00e9 a nossa filosofia de trabalho.<br \/>\n2. Equipe de com\u00e9rcio exterior profissional e altamente eficiente, respondemos \u00e0s suas consultas e mensagens comerciais no Alibaba em at\u00e9 12 horas \u00fateis. Voc\u00ea pode confiar plenamente em nossos servi\u00e7os.<\/div>\n<\/div>\n<div>\n<div><strong>P: Voc\u00eas s\u00e3o uma f\u00e1brica ou uma empresa comercial?<\/strong><\/div>\n<div>R: Somos um fabricante profissional e recebemos calorosamente clientes de todo o mundo para visitar nossa f\u00e1brica e cooperar conosco.<\/div>\n<\/div>\n<div>\n<div><strong>P: Como posso obter amostras e fazer um pedido?<\/strong><\/div>\n<div>R: Temos a honra de oferecer amostras. Ap\u00f3s a confirma\u00e7\u00e3o das amostras, solicitamos um dep\u00f3sito de 50% antes da produ\u00e7\u00e3o para pedidos abaixo de 10.000 USD. Os produtos ser\u00e3o enviados ap\u00f3s a coleta do saldo total.<\/div>\n<\/div>\n<div>\n<div><strong>P: Qual \u00e9 a sua vantagem? Por que voc\u00ea nos escolheu?<\/strong><\/div>\n<div data-spm-anchor-id=\"a2700.wholesale.0.i24.3ebb17eaenPQ9N\">1) Com 20 anos de experi\u00eancia na produ\u00e7\u00e3o e pesquisa e desenvolvimento de acess\u00f3rios masculinos, possu\u00edmos as t\u00e9cnicas e a equipe mais profissionais, o que nos proporciona maior vantagem em pre\u00e7o.<br \/>\n2) Grande capacidade de produ\u00e7\u00e3o e suficiente sustent\u00e1vel. De acordo com as necessidades do cliente, oferecemos suporte \u00e0 personaliza\u00e7\u00e3o, incluindo embalagens.<br \/>\n3) Utilizamos materiais-primas 100% novos e o melhor processo de produ\u00e7\u00e3o, consequentemente nossa taxa de defeitos \u00e9 inferior a 0,01%.<\/div>\n<\/div>\n<\/div>\n","protected":false},"excerpt":{"rendered":"<div class=\"woocommerce-product-details__short-description\">\n<p>Somos fabricantes localizados na China. Se voc\u00ea deseja adquirir gravatas em estoque com o pre\u00e7o mais recente, pode fazer uma consulta abaixo. <\/p>\n<p>Se voc\u00ea precisar de uma gravata personalizada ou quiser fazer um pedido OEM\/ODM, envie seu design por e-mail.<\/p>\n<p>E-mail:<a href=\"mailto:supply@tiesupplier.com\">supply@tiesupplier.com<\/a><\/p>\n<\/div>\n<form class=\"cart\" action=\"https:\/\/tiesupplier.com\/supply\/lianjia-property-company-logo-tie\/\" enctype=\"multipart\/form-data\" method=\"post\">\n<div class=\"quantity\"><label class=\"screen-reader-text\" for=\"quantity_62e410ab2ce13\">quantidade de gravatas com o logotipo da empresa imobili\u00e1ria Lianjia<\/label><input id=\"quantity_62e410ab2ce13\" class=\"input-text qty text\" title=\"Quantidade\" autocomplete=\"off\" max=\"\" min=\"1\" name=\"quantity\" size=\"4\" step=\"1\" type=\"number\" value=\"1\" placeholder=\"\"><\/div>\n<\/form>\n","protected":false},"featured_media":7568,"comment_status":"open","ping_status":"closed","template":"","meta":[],"product_cat":[338],"product_tag":[340,345,351],"class_list":["post-7715","product","type-product","status-publish","has-post-thumbnail","hentry","product_cat-gravata","product_tag-gravata","product_tag-gravata-com-logotipo","product_tag-gravata-de-microfibra","pa_material-polyester"],"aioseo_notices":[],"_links":{"self":[{"href":"https:\/\/tiesupplier.com\/pt-br\/wp-json\/wp\/v2\/product\/7715","targetHints":{"allow":["GET"]}}],"collection":[{"href":"https:\/\/tiesupplier.com\/pt-br\/wp-json\/wp\/v2\/product"}],"about":[{"href":"https:\/\/tiesupplier.com\/pt-br\/wp-json\/wp\/v2\/types\/product"}],"replies":[{"embeddable":true,"href":"https:\/\/tiesupplier.com\/pt-br\/wp-json\/wp\/v2\/comments?post=7715"}],"version-history":[{"count":0,"href":"https:\/\/tiesupplier.com\/pt-br\/wp-json\/wp\/v2\/product\/7715\/revisions"}],"wp:featuredmedia":[{"embeddable":true,"href":"https:\/\/tiesupplier.com\/pt-br\/wp-json\/wp\/v2\/media\/7568"}],"wp:attachment":[{"href":"https:\/\/tiesupplier.com\/pt-br\/wp-json\/wp\/v2\/media?parent=7715"}],"wp:term":[{"taxonomy":"product_cat","embeddable":true,"href":"https:\/\/tiesupplier.com\/pt-br\/wp-json\/wp\/v2\/product_cat?post=7715"},{"taxonomy":"product_tag","embeddable":true,"href":"https:\/\/tiesupplier.com\/pt-br\/wp-json\/wp\/v2\/product_tag?post=7715"}],"curies":[{"name":"wp","href":"https:\/\/api.w.org\/{rel}","templated":true}]}}