{"id":7720,"date":"2025-11-25T14:18:35","date_gmt":"2025-11-25T14:18:35","guid":{"rendered":"https:\/\/tiesupplier.com\/product\/gravatas-e-acessorios-masculinos-gravatas-com-ziper-em-poliester-jacquard-para-atacado\/"},"modified":"2025-11-25T14:18:35","modified_gmt":"2025-11-25T14:18:35","slug":"gravatas-e-acessorios-masculinos-gravatas-com-ziper-em-poliester-jacquard-para-atacado","status":"publish","type":"product","link":"https:\/\/tiesupplier.com\/pt-br\/product\/gravatas-e-acessorios-masculinos-gravatas-com-ziper-em-poliester-jacquard-para-atacado\/","title":{"rendered":"Gravatas e Acess\u00f3rios Masculinos: Gravatas com Z\u00edper em Poli\u00e9ster Jacquard para Atacado"},"content":{"rendered":"<p data-pm-slice=\"1 1 []\">A gravata masculina com z\u00edper, em poli\u00e9ster jacquard, da Tie Accessories, j\u00e1 estampou as p\u00e1ginas de algumas das principais revistas de moda do mundo, incluindo nossa exclusiva cole\u00e7\u00e3o Street Pairs da Semana de Moda de Londres Primavera\/Ver\u00e3o 2018! N\u00e3o \u00e9 apenas uma gravata, \u00e9 uma declara\u00e7\u00e3o de estilo, classe e carisma. Entendemos que nossos clientes desejam causar uma forte impress\u00e3o com seu estilo, e nossa gravata define o tom para esse impacto.<\/p>\n<p>\u2b50Quais s\u00e3o os benef\u00edcios desta gravata?<\/p>\n<p>\u2705Prometemos uma qualidade superior, feita n\u00e3o s\u00f3 para durar, mas tamb\u00e9m para real\u00e7ar a sua apar\u00eancia geral. Assim voc\u00ea poder\u00e1 us\u00e1-lo com orgulho!<\/p>\n<p>\u2705Est\u00e1 dispon\u00edvel em diversas cores e estampas para combinar com qualquer look, do cl\u00e1ssico ao moderno. Seja qual for a sua prefer\u00eancia, a eleg\u00e2ncia das cores s\u00f3lidas ou o charme dos padr\u00f5es modernos, temos a gravata perfeita para o seu estilo!<\/p>\n<p>\u2705Nossa gravata masculina com z\u00edper, feita em poli\u00e9ster jacquard, \u00e9 f\u00e1cil de usar e vestir, al\u00e9m de adicionar um toque de sofistica\u00e7\u00e3o e estilo a qualquer look. Com a nossa gravata, voc\u00ea vai atrair olhares em pouco tempo!<\/p>\n<p>\u2705Sabemos que a apar\u00eancia importa no mundo atual, e nossa gravata foi projetada para ajud\u00e1-lo a causar uma impress\u00e3o duradoura. Ent\u00e3o, por que n\u00e3o optar por algo diferente e causar uma impress\u00e3o inesquec\u00edvel?<\/p>\n<p>\u2b50Por que voc\u00ea deveria escolher nossa gravata?<\/p>\n<p>\u2705Temos orgulho de nossos produtos de alta qualidade, e a Gravata Masculina com Z\u00edper em Poli\u00e9ster Jacquard para Atacado n\u00e3o \u00e9 exce\u00e7\u00e3o.<\/p>\n<p>\u2705Nosso compromisso com a satisfa\u00e7\u00e3o do cliente \u00e9 nossa principal prioridade e trabalhamos incansavelmente para garantir que nossos clientes fiquem satisfeitos com suas compras.<\/p>\n<p>\u2705Nossos designs s\u00e3o modernos e inovadores, para que voc\u00ea tenha certeza de que nossa gravata o manter\u00e1 atualizado com as \u00faltimas tend\u00eancias da moda.<\/p>\n<p>\u2705Nossos produtos s\u00e3o fabricados com o m\u00e1ximo cuidado e aten\u00e7\u00e3o aos detalhes, garantindo que voc\u00ea receba um produto n\u00e3o apenas esteticamente agrad\u00e1vel, mas tamb\u00e9m confort\u00e1vel e dur\u00e1vel.<\/p>\n<p>\u2705Oferecemos uma ampla variedade de tamanhos e cores para atender \u00e0s necessidades de todos, e nossa equipe de atendimento ao cliente est\u00e1 sempre dispon\u00edvel para ajudar com quaisquer d\u00favidas ou preocupa\u00e7\u00f5es que voc\u00ea possa ter.<\/p>\n<p>Em resumo, nossa gravata masculina com z\u00edper, feita em poli\u00e9ster jacquard, \u00e9 a maneira perfeita de adicionar um toque especial ao seu guarda-roupa. Acreditamos que todo homem deve se sentir confiante, elegante e poderoso, e nossa gravata est\u00e1 aqui para ajud\u00e1-lo a alcan\u00e7ar isso! Ent\u00e3o, o que voc\u00ea est\u00e1 esperando? D\u00ea um toque de estilo e destaque-se com nossas gravatas exclusivas Tie Accessories para homem, em poli\u00e9ster jacquard, para venda por atacado!<\/p>\n<p>\ud83d\udd37&#8221;Transforme seu visual com nossas gravatas exclusivas masculinas com z\u00edper, em poli\u00e9ster jacquard, para atacado!&#8221; #GravatasNoAtacado #GravatasNoAtacado #Acess\u00f3riosParaGravatas #Acess\u00f3riosParaGravatasNoAtacado #gravataempoli\u00e9sterjacquard #acess\u00f3riosmasculinos #atacado #acess\u00f3riosparaternos #gravatas #ternos #vestir #trajesformais #acess\u00f3riosparaogargantilha #moda #acess\u00f3rios #neg\u00f3cios #homens #acess\u00f3riosparaeles<\/p>\n","protected":false},"excerpt":{"rendered":"<p><span class=\"text-_primary-7\">O<\/span>sua gravata \u00e9 oi<span class=\"text-_primary-7\">g<\/span>h<span class=\"text-_primary-7\">-q<\/span>ualit<span class=\"text-_primary-7\">y<\/span>e<span class=\"text-_primary-7\">m<\/span>uma<span class=\"text-_primary-7\">d<\/span>e com aten\u00e7\u00e3o aos detalhes para garantir qualidade duradoura e co<span class=\"text-_primary-7\">mf<\/span>ort.<span class=\"text-_primary-7\"> <\/span>Nosso compromisso com a satisfa\u00e7\u00e3o do cliente \u00e9 nossa principal prioridade. Oferecemos uma ampla variedade de tamanhos e cores para atender \u00e0s necessidades de todos.<span class=\"text-_primary-7\">G<\/span>Seja notado com nossos acess\u00f3rios exclusivos para gravatas: gravatas masculinas com z\u00edper, em poli\u00e9ster jacquard, para venda por atacado!<\/p>\n","protected":false},"featured_media":7721,"comment_status":"open","ping_status":"closed","template":"","meta":[],"product_cat":[338],"product_tag":[],"class_list":["post-7720","product","type-product","status-publish","has-post-thumbnail","hentry","product_cat-gravata"],"aioseo_notices":[],"_links":{"self":[{"href":"https:\/\/tiesupplier.com\/pt-br\/wp-json\/wp\/v2\/product\/7720","targetHints":{"allow":["GET"]}}],"collection":[{"href":"https:\/\/tiesupplier.com\/pt-br\/wp-json\/wp\/v2\/product"}],"about":[{"href":"https:\/\/tiesupplier.com\/pt-br\/wp-json\/wp\/v2\/types\/product"}],"replies":[{"embeddable":true,"href":"https:\/\/tiesupplier.com\/pt-br\/wp-json\/wp\/v2\/comments?post=7720"}],"version-history":[{"count":0,"href":"https:\/\/tiesupplier.com\/pt-br\/wp-json\/wp\/v2\/product\/7720\/revisions"}],"wp:featuredmedia":[{"embeddable":true,"href":"https:\/\/tiesupplier.com\/pt-br\/wp-json\/wp\/v2\/media\/7721"}],"wp:attachment":[{"href":"https:\/\/tiesupplier.com\/pt-br\/wp-json\/wp\/v2\/media?parent=7720"}],"wp:term":[{"taxonomy":"product_cat","embeddable":true,"href":"https:\/\/tiesupplier.com\/pt-br\/wp-json\/wp\/v2\/product_cat?post=7720"},{"taxonomy":"product_tag","embeddable":true,"href":"https:\/\/tiesupplier.com\/pt-br\/wp-json\/wp\/v2\/product_tag?post=7720"}],"curies":[{"name":"wp","href":"https:\/\/api.w.org\/{rel}","templated":true}]}}