{"id":7734,"date":"2025-11-25T14:18:35","date_gmt":"2025-11-25T14:18:35","guid":{"rendered":"https:\/\/tiesupplier.com\/product\/gravata-de-formatura-chinesa-elegante-com-bordado\/"},"modified":"2025-11-25T14:18:35","modified_gmt":"2025-11-25T14:18:35","slug":"gravata-de-formatura-chinesa-elegante-com-bordado","status":"publish","type":"product","link":"https:\/\/tiesupplier.com\/pt-br\/product\/gravata-de-formatura-chinesa-elegante-com-bordado\/","title":{"rendered":"Gravata de formatura chinesa elegante com bordado."},"content":{"rendered":"<div readability=\"35\">\n<p>\n<ins class=\"adsbygoogle\" data-ad-client=\"ca-pub-2713617115809499\" data-ad-slot=\"6100242752\" data-ad-format=\"auto\" data-full-width-responsive=\"true\"><\/ins><br \/>\n Descri\u00e7\u00e3o do produto&amp;colon<br \/>Gravata de formatura com bordado<br \/>Gravata confeccionada em 100% seda ou poli\u00e9ster.<br \/>Gravata com o logotipo da sua escola bordado<br \/>Gravata de 145 \u00d7 10 \u00d7 3,8 polegadas ou conforme sua solicita\u00e7\u00e3o.<br \/>Gravata de design moderno e excelente acabamento.<br \/>Por que comprar na Mondon&amp;colon?<br \/>A Mondon \u00e9 uma fabricante profissional com 10 anos de experi\u00eancia, especializada em produtos para formaturas e vestu\u00e1rio religioso.<br \/>Pre\u00e7o baixo. A experi\u00eancia de compra da f\u00e1brica nos ajuda a obter o pre\u00e7o mais competitivo do material para garantir que voc\u00ea receba uma cota\u00e7\u00e3o melhor.<br \/>Boa capacidade de design personalizado. A equipe de Pesquisa e Desenvolvimento (P&amp;D) possui vasta experi\u00eancia em diversos estilos de vestimentas de formatura.<br \/>Alta qualidade garantida. O controle de qualidade interno em nossa f\u00e1brica garante que cada produto fabricado seja de alta qualidade.<br \/>Servi\u00e7o de alta efici\u00eancia. Nossa experi\u00eancia em servi\u00e7os de exporta\u00e7\u00e3o tamb\u00e9m ajuda nossos clientes a obterem os melhores custos de frete e entregas pontuais. <ins class=\"adsbygoogle\" data-ad-layout=\"in-article\" data-ad-format=\"fluid\" data-ad-client=\"ca-pub-2713617115809499\" data-ad-slot=\"5641077753\"><\/ins>\n                            <\/p>\n<\/p><\/div>\n","protected":false},"excerpt":{"rendered":"<p>Descri\u00e7\u00e3o do produto&amp;colonGravata de formatura com bordadoGravata confeccionada em 100% seda ou poli\u00e9ster.Gravata com o logotipo da sua escola bordadoGravata de 145 \u00d7 10 \u00d7 3,8 polegadas ou conforme sua solicita\u00e7\u00e3o.Gravata de design moderno e excelente acabamento.Por que comprar na Mondon&amp;colon?A Mondon \u00e9 uma fabricante profissional com 10 anos de experi\u00eancia, especializada em produtos para [&hellip;]<\/p>\n","protected":false},"featured_media":0,"comment_status":"open","ping_status":"closed","template":"","meta":[],"product_cat":[338],"product_tag":[],"class_list":["post-7734","product","type-product","status-publish","hentry","product_cat-gravata"],"aioseo_notices":[],"_links":{"self":[{"href":"https:\/\/tiesupplier.com\/pt-br\/wp-json\/wp\/v2\/product\/7734","targetHints":{"allow":["GET"]}}],"collection":[{"href":"https:\/\/tiesupplier.com\/pt-br\/wp-json\/wp\/v2\/product"}],"about":[{"href":"https:\/\/tiesupplier.com\/pt-br\/wp-json\/wp\/v2\/types\/product"}],"replies":[{"embeddable":true,"href":"https:\/\/tiesupplier.com\/pt-br\/wp-json\/wp\/v2\/comments?post=7734"}],"version-history":[{"count":0,"href":"https:\/\/tiesupplier.com\/pt-br\/wp-json\/wp\/v2\/product\/7734\/revisions"}],"wp:attachment":[{"href":"https:\/\/tiesupplier.com\/pt-br\/wp-json\/wp\/v2\/media?parent=7734"}],"wp:term":[{"taxonomy":"product_cat","embeddable":true,"href":"https:\/\/tiesupplier.com\/pt-br\/wp-json\/wp\/v2\/product_cat?post=7734"},{"taxonomy":"product_tag","embeddable":true,"href":"https:\/\/tiesupplier.com\/pt-br\/wp-json\/wp\/v2\/product_tag?post=7734"}],"curies":[{"name":"wp","href":"https:\/\/api.w.org\/{rel}","templated":true}]}}