{"id":7735,"date":"2025-11-25T14:18:35","date_gmt":"2025-11-25T14:18:35","guid":{"rendered":"https:\/\/tiesupplier.com\/product\/gravata-de-natal-com-lantejoulas-coloridas-ideal-para-adultos-e-criancas-perfeita-para-apresentacoes-de-magica-danca-de-rua-e-muito-mais-promocao-imperdivel-da-amazon\/"},"modified":"2025-11-25T14:18:35","modified_gmt":"2025-11-25T14:18:35","slug":"gravata-de-natal-com-lantejoulas-coloridas-ideal-para-adultos-e-criancas-perfeita-para-apresentacoes-de-magica-danca-de-rua-e-muito-mais-promocao-imperdivel-da-amazon","status":"publish","type":"product","link":"https:\/\/tiesupplier.com\/pt-br\/product\/gravata-de-natal-com-lantejoulas-coloridas-ideal-para-adultos-e-criancas-perfeita-para-apresentacoes-de-magica-danca-de-rua-e-muito-mais-promocao-imperdivel-da-amazon\/","title":{"rendered":"Gravata de Natal com lantejoulas coloridas, ideal para adultos e crian\u00e7as, perfeita para apresenta\u00e7\u00f5es de m\u00e1gica, dan\u00e7a de rua e muito mais. Promo\u00e7\u00e3o imperd\u00edvel da Amazon."},"content":{"rendered":"<div readability=\"83\">\n<ins class=\"adsbygoogle\" data-ad-client=\"ca-pub-2713617115809499\" data-ad-slot=\"6100242752\" data-ad-format=\"auto\" data-full-width-responsive=\"true\"><\/ins><\/p>\n<p>Gravata de Natal com lantejoulas, ideal para adultos e crian\u00e7as, perfeita para apresenta\u00e7\u00f5es de m\u00e1gica, dan\u00e7a de rua e muito mais. F\u00e1cil de colocar e tirar, adequada para adultos e crian\u00e7as, ideal para festas e para o Natal. Nossa gravata de sereia com lantejoulas \u00e9 feita com lantejoulas de alta qualidade:<br \/>2. Diferentes op\u00e7\u00f5es de embalagem \u00e0 sua escolha:<\/p>\n<p>Saco OPP, cart\u00e3o de papel, 1, 2, 3 unidades ou qualquer outra embalagem personalizada.<br \/>3. Diversas cores \u00e0 escolha:<\/p>\n<p>4. Informa\u00e7\u00f5es mais detalhadas para refer\u00eancia:<\/p>\n<p>Material: tecido + lantejoulas; Tamanho: tamanho padr\u00e3o; Cores: Vermelho, Azul, Verde, Branco, Preto, Amarelo, Roxo&#8230;; Logotipo: Impresso em cart\u00e3o de papel para embalagem; Embalagem: 1 pe\u00e7a por saco pl\u00e1stico ou embalagem personalizada; Quantidade m\u00ednima: 1000 pe\u00e7as; Prazo de produ\u00e7\u00e3o: 10 dias para quantidades inferiores a 2000 pe\u00e7as; Envio: DHL, FedEx, UPS, TNT, a\u00e9reo, mar\u00edtimo, conforme solicita\u00e7\u00e3o.<\/p>\n<p>5. Outros itens com lantejoulas para refer\u00eancia:<br \/>Certificado de Quantidade<\/p>\n<p>FAQ:<br \/>1. P: A amostra est\u00e1 dispon\u00edvel? R: Podemos oferecer amostras gratuitas do nosso estoque atual, com o custo do frete pago pelo cliente. 2. P: Em quantos dias as amostras ficam dispon\u00edveis?<br \/>R: Nossa amostra existente pode ficar pronta em um dia. Se for uma amostra personalizada, o tempo de produ\u00e7\u00e3o \u00e9 de 3 a 7 dias, dependendo do design. 3. P: Quantos dias leva a produ\u00e7\u00e3o em massa? R: O tempo de produ\u00e7\u00e3o leva de 12 a 20 dias, dependendo da quantidade. Se precisar com urg\u00eancia, podemos agilizar para 7 a 10 dias. 4. P: Em quanto tempo posso obter uma resposta de voc\u00eas? R: Normalmente, respondemos em at\u00e9 1 hora durante o hor\u00e1rio comercial. Em caso de urg\u00eancia, voc\u00ea pode nos ligar ou entrar em contato conosco em at\u00e9 1 minuto. 5. P: Qual a forma de pagamento?<br \/>A: Aceitamos diferentes formas de pagamento: Carta de Cr\u00e9dito, Transfer\u00eancia Banc\u00e1ria, Cart\u00e3o de Cr\u00e9dito, Western Union, MoneyGram, PayPal. Entre em contato conosco agora mesmo.<\/p>\n<p>Alta qualidade!<\/p>\n<p>Entrega r\u00e1pida!!<\/p>\n<p>Consulta de 1 minuto, 100% de retorno para voc\u00ea!!!<\/p>\n<p><ins class=\"adsbygoogle\" data-ad-layout=\"in-article\" data-ad-format=\"fluid\" data-ad-client=\"ca-pub-2713617115809499\" data-ad-slot=\"5641077753\"><\/ins>\n                            <\/div>\n","protected":false},"excerpt":{"rendered":"<p>Gravata de Natal com lantejoulas, ideal para adultos e crian\u00e7as, perfeita para apresenta\u00e7\u00f5es de m\u00e1gica, dan\u00e7a de rua e muito mais. F\u00e1cil de colocar e tirar, adequada para adultos e crian\u00e7as, ideal para festas e para o Natal. Nossa gravata de sereia com lantejoulas \u00e9 feita com lantejoulas de alta qualidade:2. Diferentes op\u00e7\u00f5es de embalagem [&hellip;]<\/p>\n","protected":false},"featured_media":7736,"comment_status":"open","ping_status":"closed","template":"","meta":[],"product_cat":[338],"product_tag":[],"class_list":["post-7735","product","type-product","status-publish","has-post-thumbnail","hentry","product_cat-gravata"],"aioseo_notices":[],"_links":{"self":[{"href":"https:\/\/tiesupplier.com\/pt-br\/wp-json\/wp\/v2\/product\/7735","targetHints":{"allow":["GET"]}}],"collection":[{"href":"https:\/\/tiesupplier.com\/pt-br\/wp-json\/wp\/v2\/product"}],"about":[{"href":"https:\/\/tiesupplier.com\/pt-br\/wp-json\/wp\/v2\/types\/product"}],"replies":[{"embeddable":true,"href":"https:\/\/tiesupplier.com\/pt-br\/wp-json\/wp\/v2\/comments?post=7735"}],"version-history":[{"count":0,"href":"https:\/\/tiesupplier.com\/pt-br\/wp-json\/wp\/v2\/product\/7735\/revisions"}],"wp:featuredmedia":[{"embeddable":true,"href":"https:\/\/tiesupplier.com\/pt-br\/wp-json\/wp\/v2\/media\/7736"}],"wp:attachment":[{"href":"https:\/\/tiesupplier.com\/pt-br\/wp-json\/wp\/v2\/media?parent=7735"}],"wp:term":[{"taxonomy":"product_cat","embeddable":true,"href":"https:\/\/tiesupplier.com\/pt-br\/wp-json\/wp\/v2\/product_cat?post=7735"},{"taxonomy":"product_tag","embeddable":true,"href":"https:\/\/tiesupplier.com\/pt-br\/wp-json\/wp\/v2\/product_tag?post=7735"}],"curies":[{"name":"wp","href":"https:\/\/api.w.org\/{rel}","templated":true}]}}