{"id":7737,"date":"2025-11-25T14:18:35","date_gmt":"2025-11-25T14:18:35","guid":{"rendered":"https:\/\/tiesupplier.com\/product\/gravata-de-microfibra-com-estampa-de-bolinhas-disponivel-para-atacado-na-china\/"},"modified":"2025-11-25T14:18:35","modified_gmt":"2025-11-25T14:18:35","slug":"gravata-de-microfibra-com-estampa-de-bolinhas-disponivel-para-atacado-na-china","status":"publish","type":"product","link":"https:\/\/tiesupplier.com\/pt-br\/product\/gravata-de-microfibra-com-estampa-de-bolinhas-disponivel-para-atacado-na-china\/","title":{"rendered":"Gravata de microfibra com estampa de bolinhas, dispon\u00edvel para atacado na China."},"content":{"rendered":"<div readability=\"89\">\n<ins class=\"adsbygoogle\" data-ad-client=\"ca-pub-2713617115809499\" data-ad-slot=\"6100242752\" data-ad-format=\"auto\" data-full-width-responsive=\"true\"><\/ins><br \/>\n 1. Material: 100% microfibra, ou pode ser em seda, l\u00e3 ou algod\u00e3o.<br \/>2, Dimens\u00f5es: 146 cm x 8 cm,<br \/>Pode ser feito conforme sua solicita\u00e7\u00e3o de tamanho e formato (ponta triangular ou ponta plana).<br \/>3. Design e cor: rosa e cinza lisos, podem ser ajustados conforme sua solicita\u00e7\u00e3o.<br \/>4. Etiqueta: conforme solicita\u00e7\u00e3o do cliente<br \/>5. Embalagem: Saco OPP\/unidade, 200 unidades\/caixa, ou conforme sua solicita\u00e7\u00e3o.<br \/>6. Peso bruto: 15 kg\/caixa, ou conforme sua solicita\u00e7\u00e3o.<br \/>7. Dimens\u00f5es da caixa: 80*32*35cm, conforme solicita\u00e7\u00e3o do cliente.<br \/>8. Acess\u00f3rios: Etiquetas de pendurar, Etiqueta de pre\u00e7o com c\u00f3digo de barras<br \/>9, Quantidade m\u00ednima de encomenda: 50-100 por cor<br \/>10. Tempo de amostra: 5 a 7 dias, dependendo do dep\u00f3sito recebido.<br \/>11. Prazo de entrega: 15 a 30 dias ap\u00f3s a confirma\u00e7\u00e3o da amostra.<br \/>12. Servi\u00e7os: OEM, ODM, Servi\u00e7o de Design<br \/>13. Pre\u00e7o: Negoci\u00e1vel com base nos detalhes dos produtos, quantidade, forma de pagamento e outros fatores.<br \/>14. Pagamento: Carta de Cr\u00e9dito, Transfer\u00eancia Banc\u00e1ria, Western Union, PayPal <ins class=\"adsbygoogle\" data-ad-layout=\"in-article\" data-ad-format=\"fluid\" data-ad-client=\"ca-pub-2713617115809499\" data-ad-slot=\"5641077753\"><\/ins>\n                            <\/div>\n","protected":false},"excerpt":{"rendered":"<p>1. Material: 100% microfibra, ou pode ser em seda, l\u00e3 ou algod\u00e3o.2, Dimens\u00f5es: 146 cm x 8 cm,Pode ser feito conforme sua solicita\u00e7\u00e3o de tamanho e formato (ponta triangular ou ponta plana).3. Design e cor: rosa e cinza lisos, podem ser ajustados conforme sua solicita\u00e7\u00e3o.4. Etiqueta: conforme solicita\u00e7\u00e3o do cliente5. Embalagem: Saco OPP\/unidade, 200 unidades\/caixa, [&hellip;]<\/p>\n","protected":false},"featured_media":7738,"comment_status":"open","ping_status":"closed","template":"","meta":[],"product_cat":[338],"product_tag":[],"class_list":["post-7737","product","type-product","status-publish","has-post-thumbnail","hentry","product_cat-gravata"],"aioseo_notices":[],"_links":{"self":[{"href":"https:\/\/tiesupplier.com\/pt-br\/wp-json\/wp\/v2\/product\/7737","targetHints":{"allow":["GET"]}}],"collection":[{"href":"https:\/\/tiesupplier.com\/pt-br\/wp-json\/wp\/v2\/product"}],"about":[{"href":"https:\/\/tiesupplier.com\/pt-br\/wp-json\/wp\/v2\/types\/product"}],"replies":[{"embeddable":true,"href":"https:\/\/tiesupplier.com\/pt-br\/wp-json\/wp\/v2\/comments?post=7737"}],"version-history":[{"count":0,"href":"https:\/\/tiesupplier.com\/pt-br\/wp-json\/wp\/v2\/product\/7737\/revisions"}],"wp:featuredmedia":[{"embeddable":true,"href":"https:\/\/tiesupplier.com\/pt-br\/wp-json\/wp\/v2\/media\/7738"}],"wp:attachment":[{"href":"https:\/\/tiesupplier.com\/pt-br\/wp-json\/wp\/v2\/media?parent=7737"}],"wp:term":[{"taxonomy":"product_cat","embeddable":true,"href":"https:\/\/tiesupplier.com\/pt-br\/wp-json\/wp\/v2\/product_cat?post=7737"},{"taxonomy":"product_tag","embeddable":true,"href":"https:\/\/tiesupplier.com\/pt-br\/wp-json\/wp\/v2\/product_tag?post=7737"}],"curies":[{"name":"wp","href":"https:\/\/api.w.org\/{rel}","templated":true}]}}